{"id":619,"date":"2022-03-07T19:35:40","date_gmt":"2022-03-07T19:35:40","guid":{"rendered":"http:\/\/www.ssccalameda.cl\/admision\/?page_id=619"},"modified":"2025-03-03T17:47:23","modified_gmt":"2025-03-03T17:47:23","slug":"cronograma","status":"publish","type":"page","link":"https:\/\/www.ssccalameda.cl\/admision\/cronograma\/","title":{"rendered":"Cronograma"},"content":{"rendered":"\n<p><strong>PROCESO DE ADMISI\u00d3N 202<\/strong>6- \u00faltimas vacantes Prek\u00ednder, K\u00ednder y 1\u00b0 B\u00e1sico<\/p>\n\n\n\n<figure class=\"wp-block-table\"><table><tbody><tr><td>Proceso de inscripci\u00f3n online <br>para cursos con vacantes<\/td><td>3  al 21 de marzo de 2025<\/td><\/tr><tr><td>Entrevistas a Familias<\/td><td>10 al 28 de marzo de 2025<\/td><\/tr><tr><td>Observaci\u00f3n en aula para <br>postulantes a <br>Prek\u00ednder y k\u00ednder. (obligatorio)<\/td><td>29 de marzo de 2025<\/td><\/tr><tr><td>Fecha de entrega de resultados v\u00eda <br>mail y publicaci\u00f3n en p\u00e1gina <br>web<\/td><td>9 de abril de 2025 <\/td><\/tr><tr><td>Matr\u00edcula<\/td><td>Por confirmar<\/td><\/tr><\/tbody><\/table><figcaption>*una vez concluido este plazo se entiende que la familia deja a disposici\u00f3n la vacante para un nuevo proceso de admisi\u00f3n.<\/figcaption><\/figure>\n\n\n\n<p><\/p>\n\n\n\n<p><strong>Proceso de admisi\u00f3n para estudiantes nuevos\/as<\/strong><\/p>\n\n\n\n<p>Aceptada la vacante el\/la postulante tendr\u00e1 un plazo de una semana desde la fecha de matr\u00edcula para completar su tr\u00e1mite, en caso de no concretarse, se dispone de su cupo. <\/p>\n","protected":false},"excerpt":{"rendered":"<p>PROCESO DE ADMISI\u00d3N 2026- \u00faltimas vacantes Prek\u00ednder, K\u00ednder y 1\u00b0 B\u00e1sico Proceso de inscripci\u00f3n online para cursos con vacantes 3 al 21 de marzo de 2025 Entrevistas a Familias 10 al 28 de marzo de 2025 Observaci\u00f3n en aula para postulantes a Prek\u00ednder y k\u00ednder. (obligatorio) 29 de marzo de 2025 Fecha de entrega de [&hellip;]<\/p>\n","protected":false},"author":1,"featured_media":0,"parent":0,"menu_order":0,"comment_status":"closed","ping_status":"closed","template":"","meta":{"_coblocks_attr":"","_coblocks_dimensions":"","_coblocks_responsive_height":"","_coblocks_accordion_ie_support":"","hide_page_title":""},"_links":{"self":[{"href":"https:\/\/www.ssccalameda.cl\/admision\/wp-json\/wp\/v2\/pages\/619"}],"collection":[{"href":"https:\/\/www.ssccalameda.cl\/admision\/wp-json\/wp\/v2\/pages"}],"about":[{"href":"https:\/\/www.ssccalameda.cl\/admision\/wp-json\/wp\/v2\/types\/page"}],"author":[{"embeddable":true,"href":"https:\/\/www.ssccalameda.cl\/admision\/wp-json\/wp\/v2\/users\/1"}],"replies":[{"embeddable":true,"href":"https:\/\/www.ssccalameda.cl\/admision\/wp-json\/wp\/v2\/comments?post=619"}],"version-history":[{"count":70,"href":"https:\/\/www.ssccalameda.cl\/admision\/wp-json\/wp\/v2\/pages\/619\/revisions"}],"predecessor-version":[{"id":1208,"href":"https:\/\/www.ssccalameda.cl\/admision\/wp-json\/wp\/v2\/pages\/619\/revisions\/1208"}],"wp:attachment":[{"href":"https:\/\/www.ssccalameda.cl\/admision\/wp-json\/wp\/v2\/media?parent=619"}],"curies":[{"name":"wp","href":"https:\/\/api.w.org\/{rel}","templated":true}]}}