{"id":671,"date":"2022-05-02T17:55:09","date_gmt":"2022-05-02T17:55:09","guid":{"rendered":"http:\/\/www.ssccalameda.cl\/admision\/?page_id=671"},"modified":"2024-08-29T11:54:32","modified_gmt":"2024-08-29T11:54:32","slug":"instructivos-proceso-de-matricula","status":"publish","type":"page","link":"https:\/\/www.ssccalameda.cl\/admision\/instructivos-proceso-de-matricula\/","title":{"rendered":"\u00faltimos procesos de admisi\u00f3n"},"content":{"rendered":"\n<p>En esta p\u00e1gina encontrar\u00e1s las listas de los aceptados en el proceso en curso 2025, de acuerdo a las fechas establecidas. <\/p>\n\n\n\n<p><a href=\"http:\/\/www.ssccalameda.cl\/admision\/wp-content\/uploads\/2024\/04\/240426_LISTADO-DE-POSTULANTES-ADMITIDOS-CICLO-INICIAL-2025.pdf\">RESULTADOS PRIMER PROCESO DE ADMISI\u00d3N 2025<\/a><\/p>\n\n\n\n<p><a href=\"http:\/\/www.ssccalameda.cl\/admision\/wp-content\/uploads\/2024\/06\/240531_LISTADO-DE-POSTULANTES-ADMITIDOS.pdf\">RESULTADOS SEGUNDO PROCESO DE ADMISI\u00d3N 2025 y SEGUNDO SEMESTRE 2024<\/a><\/p>\n\n\n\n<p><a href=\"http:\/\/www.ssccalameda.cl\/admision\/wp-content\/uploads\/2024\/08\/LISTADO-DE-POSTULANTES-ADMITIDOS-2-PROCESO-2025.pdf\">RESULTADOS SEGUNDO PROCESO DE ADMISI\u00d3N 2025 (28 de Agosto)<\/a><\/p>\n\n\n\n<figure class=\"wp-block-gallery columns-2 is-cropped\"><ul class=\"blocks-gallery-grid\"><li class=\"blocks-gallery-item\"><figure><img loading=\"lazy\" width=\"768\" height=\"1024\" src=\"http:\/\/www.ssccalameda.cl\/admision\/wp-content\/uploads\/2022\/05\/IMG-9558.jpg\" alt=\"\" data-id=\"679\" data-full-url=\"http:\/\/www.ssccalameda.cl\/admision\/wp-content\/uploads\/2022\/05\/IMG-9558.jpg\" data-link=\"http:\/\/www.ssccalameda.cl\/admision\/instructivos-proceso-de-matricula\/img-9558\/\" class=\"wp-image-679\" srcset=\"https:\/\/www.ssccalameda.cl\/admision\/wp-content\/uploads\/2022\/05\/IMG-9558.jpg 768w, https:\/\/www.ssccalameda.cl\/admision\/wp-content\/uploads\/2022\/05\/IMG-9558-225x300.jpg 225w\" sizes=\"(max-width: 768px) 100vw, 768px\" \/><\/figure><\/li><li class=\"blocks-gallery-item\"><figure><img loading=\"lazy\" width=\"768\" height=\"1024\" src=\"http:\/\/www.ssccalameda.cl\/admision\/wp-content\/uploads\/2022\/05\/IMG-9559.jpg\" alt=\"\" data-id=\"680\" data-full-url=\"http:\/\/www.ssccalameda.cl\/admision\/wp-content\/uploads\/2022\/05\/IMG-9559.jpg\" data-link=\"http:\/\/www.ssccalameda.cl\/admision\/instructivos-proceso-de-matricula\/img-9559\/\" class=\"wp-image-680\" srcset=\"https:\/\/www.ssccalameda.cl\/admision\/wp-content\/uploads\/2022\/05\/IMG-9559.jpg 768w, https:\/\/www.ssccalameda.cl\/admision\/wp-content\/uploads\/2022\/05\/IMG-9559-225x300.jpg 225w\" sizes=\"(max-width: 768px) 100vw, 768px\" \/><\/figure><\/li><\/ul><\/figure>\n","protected":false},"excerpt":{"rendered":"<p>En esta p\u00e1gina encontrar\u00e1s las listas de los aceptados en el proceso en curso 2025, de acuerdo a las fechas establecidas. RESULTADOS PRIMER PROCESO DE ADMISI\u00d3N 2025 RESULTADOS SEGUNDO PROCESO DE ADMISI\u00d3N 2025 y SEGUNDO SEMESTRE 2024 RESULTADOS SEGUNDO PROCESO DE ADMISI\u00d3N 2025 (28 de Agosto)<\/p>\n","protected":false},"author":1,"featured_media":0,"parent":0,"menu_order":0,"comment_status":"closed","ping_status":"closed","template":"","meta":{"_coblocks_attr":"","_coblocks_dimensions":"","_coblocks_responsive_height":"","_coblocks_accordion_ie_support":"","hide_page_title":""},"_links":{"self":[{"href":"https:\/\/www.ssccalameda.cl\/admision\/wp-json\/wp\/v2\/pages\/671"}],"collection":[{"href":"https:\/\/www.ssccalameda.cl\/admision\/wp-json\/wp\/v2\/pages"}],"about":[{"href":"https:\/\/www.ssccalameda.cl\/admision\/wp-json\/wp\/v2\/types\/page"}],"author":[{"embeddable":true,"href":"https:\/\/www.ssccalameda.cl\/admision\/wp-json\/wp\/v2\/users\/1"}],"replies":[{"embeddable":true,"href":"https:\/\/www.ssccalameda.cl\/admision\/wp-json\/wp\/v2\/comments?post=671"}],"version-history":[{"count":50,"href":"https:\/\/www.ssccalameda.cl\/admision\/wp-json\/wp\/v2\/pages\/671\/revisions"}],"predecessor-version":[{"id":1156,"href":"https:\/\/www.ssccalameda.cl\/admision\/wp-json\/wp\/v2\/pages\/671\/revisions\/1156"}],"wp:attachment":[{"href":"https:\/\/www.ssccalameda.cl\/admision\/wp-json\/wp\/v2\/media?parent=671"}],"curies":[{"name":"wp","href":"https:\/\/api.w.org\/{rel}","templated":true}]}}