{"id":94,"date":"2021-09-06T16:46:35","date_gmt":"2021-09-06T16:46:35","guid":{"rendered":"http:\/\/www.ssccalameda.cl\/admision\/?page_id=94"},"modified":"2024-11-07T20:15:21","modified_gmt":"2024-11-07T20:15:21","slug":"aranceles","status":"publish","type":"page","link":"https:\/\/www.ssccalameda.cl\/admision\/aranceles\/","title":{"rendered":"Aranceles 2025"},"content":{"rendered":"\n<figure class=\"wp-block-gallery columns-3 is-cropped coblocks-animate\" data-coblocks-animation=\"zoomIn\"><ul class=\"blocks-gallery-grid\"><li class=\"blocks-gallery-item\"><figure><img loading=\"lazy\" width=\"1024\" height=\"507\" src=\"http:\/\/www.ssccalameda.cl\/admision\/wp-content\/uploads\/2021\/10\/WhatsApp-Image-2021-10-04-at-19.29.47.jpeg\" alt=\"\" data-id=\"363\" data-link=\"http:\/\/www.ssccalameda.cl\/admision\/aranceles\/whatsapp-image-2021-10-04-at-19-29-47\/\" class=\"wp-image-363\" srcset=\"https:\/\/www.ssccalameda.cl\/admision\/wp-content\/uploads\/2021\/10\/WhatsApp-Image-2021-10-04-at-19.29.47.jpeg 1024w, https:\/\/www.ssccalameda.cl\/admision\/wp-content\/uploads\/2021\/10\/WhatsApp-Image-2021-10-04-at-19.29.47-300x149.jpeg 300w, https:\/\/www.ssccalameda.cl\/admision\/wp-content\/uploads\/2021\/10\/WhatsApp-Image-2021-10-04-at-19.29.47-768x380.jpeg 768w\" sizes=\"(max-width: 1024px) 100vw, 1024px\" \/><\/figure><\/li><li class=\"blocks-gallery-item\"><figure><img loading=\"lazy\" width=\"1024\" height=\"576\" src=\"http:\/\/www.ssccalameda.cl\/admision\/wp-content\/uploads\/2021\/10\/WhatsApp-Image-2021-04-26-at-22.46.59-2.jpeg\" alt=\"\" data-id=\"370\" data-full-url=\"http:\/\/www.ssccalameda.cl\/admision\/wp-content\/uploads\/2021\/10\/WhatsApp-Image-2021-04-26-at-22.46.59-2.jpeg\" data-link=\"http:\/\/www.ssccalameda.cl\/admision\/aranceles\/whatsapp-image-2021-04-26-at-22-46-59-2\/\" class=\"wp-image-370\" srcset=\"https:\/\/www.ssccalameda.cl\/admision\/wp-content\/uploads\/2021\/10\/WhatsApp-Image-2021-04-26-at-22.46.59-2.jpeg 1024w, https:\/\/www.ssccalameda.cl\/admision\/wp-content\/uploads\/2021\/10\/WhatsApp-Image-2021-04-26-at-22.46.59-2-300x169.jpeg 300w, https:\/\/www.ssccalameda.cl\/admision\/wp-content\/uploads\/2021\/10\/WhatsApp-Image-2021-04-26-at-22.46.59-2-768x432.jpeg 768w\" sizes=\"(max-width: 1024px) 100vw, 1024px\" \/><\/figure><\/li><li class=\"blocks-gallery-item\"><figure><img loading=\"lazy\" width=\"1024\" height=\"768\" src=\"http:\/\/www.ssccalameda.cl\/admision\/wp-content\/uploads\/2021\/10\/WhatsApp-Image-2021-08-20-at-11.54.11-1024x768.jpeg\" alt=\"\" data-id=\"369\" data-link=\"http:\/\/www.ssccalameda.cl\/admision\/aranceles\/whatsapp-image-2021-08-20-at-11-54-11\/\" class=\"wp-image-369\" srcset=\"https:\/\/www.ssccalameda.cl\/admision\/wp-content\/uploads\/2021\/10\/WhatsApp-Image-2021-08-20-at-11.54.11-1024x768.jpeg 1024w, https:\/\/www.ssccalameda.cl\/admision\/wp-content\/uploads\/2021\/10\/WhatsApp-Image-2021-08-20-at-11.54.11-300x225.jpeg 300w, https:\/\/www.ssccalameda.cl\/admision\/wp-content\/uploads\/2021\/10\/WhatsApp-Image-2021-08-20-at-11.54.11-768x576.jpeg 768w, https:\/\/www.ssccalameda.cl\/admision\/wp-content\/uploads\/2021\/10\/WhatsApp-Image-2021-08-20-at-11.54.11-1536x1152.jpeg 1536w, https:\/\/www.ssccalameda.cl\/admision\/wp-content\/uploads\/2021\/10\/WhatsApp-Image-2021-08-20-at-11.54.11.jpeg 1600w\" sizes=\"(max-width: 1024px) 100vw, 1024px\" \/><\/figure><\/li><\/ul><\/figure>\n\n\n\n<div class=\"wp-block-coblocks-accordion\">\n<div class=\"wp-block-coblocks-accordion-item\"><details><summary class=\"wp-block-coblocks-accordion-item__title\"><strong>Matr\u00edcula<\/strong><\/summary><div class=\"wp-block-coblocks-accordion-item__content\">\n<p>2025:<\/p>\n\n\n\n<p>La matr\u00edcula tendr\u00e1 el valor de <strong><strong>$367.000<\/strong><\/strong>  para los niveles de Prek\u00ednder a III medio.<\/p>\n\n\n\n<p>item no sujeto a descuentos<\/p>\n\n\n\n<p>*Como se ha informado oportunamente el sostenedor(a)\/apoderado(a) debe estar al d\u00eda en sus obligaciones de pago con el colegio para poder realizar el proceso de matr\u00edcula. En el caso de requerir alguna condici\u00f3n especial le solicitamos dirigirse a <a href=\"mailto:recaudacion@ssccalameda.cl\">recaudacion@ssccalameda.cl<\/a><\/p>\n<\/div><\/details><\/div>\n\n\n\n<div class=\"wp-block-coblocks-accordion-item\"><details><summary class=\"wp-block-coblocks-accordion-item__title\"><strong>Colegiatura anual<\/strong><\/summary><div class=\"wp-block-coblocks-accordion-item__content\">\n<p><\/p>\n\n\n\n<p><strong>La colegiatura 2025 tendr\u00e1 los siguientes valores:<\/strong><\/p>\n\n\n\n<p>a) Colegiatura prek\u00ednder a III medio: <strong>$3.920.000.-<\/strong><\/p>\n\n\n\n<p>b) Colegiatura 3er. hermano(a): 50% de descuento.<\/p>\n\n\n\n<p>c) Colegiatura 4to hermano(a) en adelante: 100% de descuento.<\/p>\n<\/div><\/details><\/div>\n\n\n\n<div class=\"wp-block-coblocks-accordion-item\"><details><summary class=\"wp-block-coblocks-accordion-item__title\"><strong>Programa Recrea<\/strong> valor 2025<\/summary><div class=\"wp-block-coblocks-accordion-item__content\">\n<ol type=\"a\"><li>Niveles de Prek\u00ednder y K\u00ednder:<\/li><\/ol>\n\n\n\n<p>Matr\u00edcula Anual: $164.300.- pago con tarjeta d\u00e9bito, tarjeta de cr\u00e9dito.<\/p>\n\n\n\n<p>Arancel Anual $1.643.000.-<\/p>\n\n\n\n<ul><li>Niveles de 1\u00b0 B\u00e1sico a 5\u00b0 B\u00e1sico:<\/li><\/ul>\n\n\n\n<p>Matr\u00edcula Anual: $126.300.-, pago con tarjeta d\u00e9bito, tarjeta cr\u00e9dito.<\/p>\n\n\n\n<p>Arancel Anual $1.263.000.-<\/p>\n\n\n\n<p><strong><u>Formas de pago Arancel Anual:<\/u><\/strong><\/p>\n\n\n\n<ul><li>Tarjeta de d\u00e9bito o tarjeta de cr\u00e9dito (hasta en 12 cuotas precio contado).<\/li><li>PAC (pago autom\u00e1tico de cuentas, con cargo en cuenta corriente, vista o RUT), 10 cuotas de marzo a diciembre 2025, con cargo los d\u00edas 5 de cada mes.<\/li><li>&nbsp;PAT (pago autom\u00e1tico de tarjetas, con cargo tarjeta de cr\u00e9dito),10 cuotas de marzo a diciembre 2025, con cargo los d\u00edas 5 de cada mes.<\/li><\/ul>\n\n\n\n<p><strong><em>En el caso de elegir PAC o PAT es requisito firmar mandatos bancarios simples, traer impresa copia de la c\u00e9dula de identidad del titular y firmar Pagar\u00e9 Notarial con el respectivo pago de impuestos.<\/em><\/strong><strong><em>&nbsp;Antes del per\u00edodo de matr\u00edculas, debe solicitar al mail&nbsp;<\/em><\/strong><a href=\"mailto:recaudacion@ssccalameda.cl\"><strong><em>recaudacion@ssccalameda.cl<\/em><\/strong><\/a><strong><em>, el documento foliado y listo para llevar a Notar\u00eda Hern\u00e1n Retamal, ubicada en calle Teatinos 331, Santiago. Una vez firmado, quedar\u00e1 en custodia del Notario.<\/em><\/strong><\/p>\n<\/div><\/details><\/div>\n<\/div>\n\n\n\n<div class=\"wp-block-coblocks-accordion\">\n<div class=\"wp-block-coblocks-accordion-item\"><details><summary class=\"wp-block-coblocks-accordion-item__title\"> <strong>Seguro colectivo de escolaridad<\/strong> 2024 (Referencial)<\/summary><div class=\"wp-block-coblocks-accordion-item__content\">\n<p>El colegio dispondr\u00e1 de un seguro de desgravamen el cual considera el pago de las colegiaturas hasta cuarto medio en caso de fallecimiento del(a) sostenedor(a) o del apoderado(a) contratante.<br>Este seguro es voluntario y podr\u00e1 ser adquirido hasta los 65 a\u00f1os y 364 d\u00edas de edad, cumplidos al momento de contratar la p\u00f3liza y su permanencia ser\u00e1 hasta los 69 a\u00f1os del contratante.<br>La vigencia de la p\u00f3liza es anual y el costo del seguro por apoderado ser\u00e1 de $34.000, permitiendo asegurar un m\u00e1ximo de hasta dos apoderados por alumno(a).<\/p>\n\n\n\n<p>Se contrata a trav\u00e9s de la plataforma <a rel=\"noreferrer noopener\" href=\"https:\/\/schoolnet.colegium.com\/webapp\/es_CL\/login\" data-type=\"URL\" data-id=\"https:\/\/schoolnet.colegium.com\/webapp\/es_CL\/login\" target=\"_blank\">Schoolnet<\/a> en el mismo proceso del pago de matr\u00edcula. <\/p>\n\n\n\n<p>Para descargar la ficha de contrataci\u00f3n pinche <a rel=\"noreferrer noopener\" href=\"http:\/\/www.ssccalameda.cl\/admision\/wp-content\/uploads\/2021\/10\/Ficha-de-Contratacion-Seguro-de-Escolaridad.pdf\" data-type=\"URL\" data-id=\"http:\/\/www.ssccalameda.cl\/admision\/wp-content\/uploads\/2021\/10\/Ficha-de-Contratacion-Seguro-de-Escolaridad.pdf\" target=\"_blank\">aqu\u00ed<\/a>.<\/p>\n\n\n\n<p>Para descargar m\u00e1s informaci\u00f3n sobre este seguro pinche <a href=\"http:\/\/www.ssccalameda.cl\/admision\/wp-content\/uploads\/2022\/11\/CIRCULAR-SEGURO-ESCOLARIDAD-COLEGIO-SSCC-DE-ALAMEDA-2023.pdf\" data-type=\"URL\" data-id=\"http:\/\/www.ssccalameda.cl\/admision\/wp-content\/uploads\/2022\/11\/CIRCULAR-SEGURO-ESCOLARIDAD-COLEGIO-SSCC-DE-ALAMEDA-2023.pdf\" target=\"_blank\" rel=\"noreferrer noopener\">aqu\u00ed.<\/a><\/p>\n<\/div><\/details><\/div>\n<\/div>\n\n\n\n<div class=\"wp-block-coblocks-accordion\">\n<div class=\"wp-block-coblocks-accordion-item\"><details><summary class=\"wp-block-coblocks-accordion-item__title\"><strong>Cuota de inscripci\u00f3n a los procesos de postulaci\u00f3n (s\u00f3lo para estudiantes nuevos)<\/strong><\/summary><div class=\"wp-block-coblocks-accordion-item__content\">\n<p><strong>$25.000.- <\/strong>Esta cuota es a todo evento (no reembolsable)<\/p>\n<\/div><\/details><\/div>\n\n\n\n<div class=\"wp-block-coblocks-accordion-item\"><details><summary class=\"wp-block-coblocks-accordion-item__title\"><strong>Cuota de incorporaci\u00f3n (s\u00f3lo para familias nuevas)<\/strong><\/summary><div class=\"wp-block-coblocks-accordion-item__content\">\n<p>Valor Cuota de incorporaci\u00f3n familiar 2025: <strong>$965.000.-<\/strong><\/p>\n\n\n\n<p>Esta cuota es un pago que se hace por familia por una \u00fanica vez de manera irrevocable al ingreso al colegio&nbsp;<strong>(no es reembolsable y su monto no est\u00e1 sujeto a descuentos).&nbsp;<\/strong><\/p>\n<\/div><\/details><\/div>\n<\/div>\n\n\n\n<p><\/p>\n","protected":false},"excerpt":{"rendered":"","protected":false},"author":1,"featured_media":0,"parent":0,"menu_order":0,"comment_status":"closed","ping_status":"closed","template":"","meta":{"_coblocks_attr":"","_coblocks_dimensions":"","_coblocks_responsive_height":"","_coblocks_accordion_ie_support":"","hide_page_title":""},"_links":{"self":[{"href":"https:\/\/www.ssccalameda.cl\/admision\/wp-json\/wp\/v2\/pages\/94"}],"collection":[{"href":"https:\/\/www.ssccalameda.cl\/admision\/wp-json\/wp\/v2\/pages"}],"about":[{"href":"https:\/\/www.ssccalameda.cl\/admision\/wp-json\/wp\/v2\/types\/page"}],"author":[{"embeddable":true,"href":"https:\/\/www.ssccalameda.cl\/admision\/wp-json\/wp\/v2\/users\/1"}],"replies":[{"embeddable":true,"href":"https:\/\/www.ssccalameda.cl\/admision\/wp-json\/wp\/v2\/comments?post=94"}],"version-history":[{"count":112,"href":"https:\/\/www.ssccalameda.cl\/admision\/wp-json\/wp\/v2\/pages\/94\/revisions"}],"predecessor-version":[{"id":1182,"href":"https:\/\/www.ssccalameda.cl\/admision\/wp-json\/wp\/v2\/pages\/94\/revisions\/1182"}],"wp:attachment":[{"href":"https:\/\/www.ssccalameda.cl\/admision\/wp-json\/wp\/v2\/media?parent=94"}],"curies":[{"name":"wp","href":"https:\/\/api.w.org\/{rel}","templated":true}]}}