{"id":1008,"date":"2018-06-05T13:22:54","date_gmt":"2018-06-05T13:22:54","guid":{"rendered":"https:\/\/printed.cl\/sscc\/?page_id=813"},"modified":"2024-03-27T14:58:45","modified_gmt":"2024-03-27T17:58:45","slug":"equipo-de-trabajo-2","status":"publish","type":"page","link":"https:\/\/www.ssccalameda.cl\/portal\/equipo-de-trabajo-2\/","title":{"rendered":"Equipo de trabajo"},"content":{"rendered":"<h5 align=\"justify\"><\/h5>\n<div align=\"justify\">La Direcci\u00f3n Acad\u00e9mica es una estructura en la org\u00e1nica que surge para dar respuesta a los requerimientos pedag\u00f3gicos planteados en el PEI.<\/div>\n<div align=\"justify\"><\/div>\n<div align=\"justify\">Sus integrantes tienen como tarea fundamental gestionar los procesos acad\u00e9micos, cautelando que el Proyecto Curricular est\u00e9 en la misma l\u00ednea del Proyecto Educativo, liderando los cambios e innovaciones que se requieran para este efecto.<\/div>\n<div align=\"justify\"><\/div>\n<div align=\"justify\">Directora Pedag\u00f3gica, Ver\u00f3nica Guajardo veronicaguajardo@ssccalameda.cl<\/div>\n<div align=\"justify\"><\/div>\n<div align=\"justify\">Evaluador Acad\u00e9mico, \u00c1lvaro Dur\u00e1n aduran@ssccalameda.cl<\/div>\n<div align=\"justify\"><\/div>\n<div align=\"justify\"><\/div>\n<div align=\"justify\">\n<table style=\"border-collapse: collapse; width: 100%;\" border=\"1\">\n<tbody>\n<tr style=\"height: 23px;\">\n<td style=\"width: 50%; height: 23px; text-align: center;\"><\/td>\n<td style=\"width: 50%; height: 23px; text-align: center;\"><\/td>\n<\/tr>\n<\/tbody>\n<\/table>\n<\/div>\n<div><\/div>\n<div>\n<table>\n<tbody>\n<tr>\n<td style=\"text-align: center; width: 153px;\" width=\"205\"><strong>Departamento<\/strong><\/td>\n<td style=\"text-align: center; width: 143px;\" width=\"223\"><strong>Jefatura<\/strong><\/td>\n<td style=\"text-align: center; width: 274px;\" width=\"161\"><strong>Mail<\/strong><\/td>\n<\/tr>\n<tr>\n<td style=\"text-align: center; width: 153px;\" width=\"205\">Lenguaje y Comunicaci\u00f3n<\/td>\n<td style=\"width: 143px; text-align: center;\" width=\"223\">Andrea Vild\u00f3sola<\/td>\n<td style=\"width: 274px;\" width=\"161\"><a href=\"mailto:andreavildosola@ssccalameda.cl\">andreavildosola@ssccalameda.cl<\/a><\/td>\n<\/tr>\n<tr>\n<td style=\"text-align: center; width: 153px;\" width=\"205\">Matem\u00e1tica<\/td>\n<td style=\"width: 143px; text-align: center;\" width=\"223\">Ver\u00f3nica Raquim\u00e1n<\/td>\n<td style=\"width: 274px;\" width=\"161\"><a href=\"mailto:veronicaraquiman@ssccalameda.cl\">veronicaraquiman@ssccalameda.cl<\/a><\/td>\n<\/tr>\n<tr>\n<td style=\"text-align: center; width: 153px;\" width=\"205\">Historia y Ciencias Sociales<\/td>\n<td style=\"width: 143px; text-align: center;\" width=\"223\">Mario Vega<\/td>\n<td style=\"width: 274px;\" width=\"161\"><a href=\"mailto:mariovega@ssccalameda.cl\">mariovega@ssccalameda.cl<\/a><\/td>\n<\/tr>\n<tr>\n<td style=\"text-align: center; width: 153px;\" width=\"205\">Ciencias<\/td>\n<td style=\"width: 143px; text-align: center;\" width=\"223\">Sandra L\u00f3pez<\/td>\n<td style=\"width: 274px;\" width=\"161\"><a href=\"mailto:sandralopez@ssccalameda.cl\">sandralopez@ssccalameda.cl<\/a><\/td>\n<\/tr>\n<tr>\n<td style=\"text-align: center; width: 153px;\" width=\"205\">Religi\u00f3n, DPC y Filosof\u00eda<\/td>\n<td style=\"width: 143px; text-align: center;\" width=\"223\">Rosa Galleguillos<\/td>\n<td style=\"width: 274px;\" width=\"161\"><a href=\"mailto:rosagalleguillos@ssccalameda.cl\">rosagalleguillos@ssccalameda.cl<\/a><\/td>\n<\/tr>\n<tr>\n<td style=\"text-align: center; width: 153px;\" width=\"205\">Educaci\u00f3n F\u00edsica<\/td>\n<td style=\"width: 143px; text-align: center;\" width=\"223\">Loreto Aguilar<\/td>\n<td style=\"width: 274px;\" width=\"161\"><a href=\"mailto:loretoaguilar@ssccalameda.cl\">loretoaguilar@ssccalameda.cl<\/a><\/td>\n<\/tr>\n<tr>\n<td style=\"text-align: center; width: 153px;\" width=\"205\">Ingl\u00e9s<\/td>\n<td style=\"width: 143px; text-align: center;\" width=\"223\">Marisol Leyton<\/td>\n<td style=\"width: 274px;\" width=\"161\"><a href=\"mailto:marisolleyton@ssccalameda.cl\">marisolleyton@ssccalameda.cl<\/a><\/td>\n<\/tr>\n<tr>\n<td style=\"text-align: center; width: 153px;\" width=\"205\">Ciclo Inicial<\/td>\n<td style=\"width: 143px; text-align: center;\" width=\"223\">Rosa M\u00e9ndez<\/td>\n<td style=\"width: 274px;\" width=\"161\"><a href=\"mailto:rosamendez@ssccalameda.cl\">rosamendez@ssccalameda.cl<\/a><\/td>\n<\/tr>\n<tr>\n<td style=\"text-align: center; width: 153px;\" width=\"205\">Artes<\/td>\n<td style=\"width: 143px; text-align: center;\" width=\"223\">Roberto Orellana<\/td>\n<td style=\"width: 274px;\" width=\"161\"><a href=\"mailto:robertoorellana@ssccalameda.cl\">robertoorellana@ssccalameda.cl<\/a><\/td>\n<\/tr>\n<tr>\n<td style=\"width: 153px;\" width=\"205\"><\/td>\n<td style=\"width: 143px;\" width=\"223\"><\/td>\n<td style=\"width: 274px;\" width=\"161\"><\/td>\n<\/tr>\n<\/tbody>\n<\/table>\n<\/div>\n<div align=\"justify\">\n<div><\/div>\n<div>\n<table style=\"border-collapse: collapse; width: 100%;\" border=\"1\">\n<tbody>\n<tr style=\"height: 23px;\">\n<td style=\"width: 42.0429%; height: 23px;\"><\/td>\n<td style=\"width: 36.5203%; height: 23px; text-align: center;\"><strong>Encargado(a)<\/strong><\/td>\n<td style=\"width: 28.5057%; height: 23px; text-align: center;\"><strong>Mail<\/strong><\/td>\n<\/tr>\n<tr style=\"height: 23px;\">\n<td style=\"width: 42.0429%; height: 23px;\"><strong>Cultura y Extensi\u00f3n<\/strong><\/td>\n<td style=\"width: 36.5203%; height: 23px; text-align: center;\">Paula Y\u00e1\u00f1ez<\/td>\n<td style=\"width: 28.5057%; height: 23px;\"><a href=\"mailto:rodrigocordero@ssccalameda.cl\" target=\"_blank\" rel=\"noreferrer noopener\" data-rich-text-format-boundary=\"true\">paulayanez@ssccalameda.cl<\/a><\/td>\n<\/tr>\n<tr style=\"height: 23px;\">\n<td style=\"width: 42.0429%; height: 23px;\"><strong data-rich-text-format-boundary=\"true\">Biblioteca<\/strong><\/td>\n<td style=\"width: 36.5203%; height: 23px; text-align: center;\">Rodrigo Cordero<\/td>\n<td style=\"width: 28.5057%; height: 23px;\"><a href=\"mailto:rodrigocordero@ssccalameda.cl\" target=\"_blank\" rel=\"noreferrer noopener\" data-rich-text-format-boundary=\"true\">rodrigocordero@ssccalameda.cl<\/a><\/td>\n<\/tr>\n<tr style=\"height: 23px;\">\n<td style=\"width: 42.0429%; height: 23px;\"><strong data-rich-text-format-boundary=\"true\">Aprendizaje Basado en Proyectos<\/strong><\/td>\n<td style=\"width: 36.5203%; height: 23px; text-align: center;\">Ver\u00f3nica Becerra<\/td>\n<td style=\"width: 28.5057%; height: 23px;\"><a href=\"mailto:luciabecerra@ssccalameda.cl\" target=\"_blank\" rel=\"noreferrer noopener\" data-rich-text-format-boundary=\"true\">luciabecerra@ssccalameda.cl<\/a><\/td>\n<\/tr>\n<tr style=\"height: 23px;\">\n<td style=\"width: 42.0429%; height: 23px;\"><strong data-rich-text-format-boundary=\"true\">Aprendizaje Basado en Servicios<\/strong><\/td>\n<td style=\"width: 36.5203%; height: 23px; text-align: center;\">Rosa Galleguillos<\/td>\n<td style=\"width: 28.5057%; height: 23px;\"><a href=\"mailto:Rosagalleguillos@ssccalameda.cl\">rosagalleguillos@ssccalameda.cl<\/a><\/td>\n<\/tr>\n<tr style=\"height: 23px;\">\n<td style=\"width: 42.0429%; height: 23px;\"><strong>Programa Recrea y Curr\u00edculum Complementario<\/strong><\/td>\n<td style=\"width: 36.5203%; text-align: center; height: 23px;\">Pamela Peralta<\/td>\n<td style=\"width: 28.5057%; height: 23px;\"><a href=\"mailto:pperalta@ssccalameda.cl\">pperalta@ssccalameda.cl<\/a><\/td>\n<\/tr>\n<tr style=\"height: 23px;\">\n<td style=\"width: 42.0429%; height: 23px;\"><strong data-rich-text-format-boundary=\"true\">Secretar\u00eda de la Vicerrector\u00eda Acad\u00e9mica<\/strong><\/td>\n<td style=\"width: 36.5203%; text-align: center; height: 23px;\">Dayana Toro<\/td>\n<td style=\"width: 28.5057%; height: 23px;\"><a href=\"mailto:dayanatoro@ssccalameda.cl\" target=\"_blank\" rel=\"noreferrer noopener\" data-rich-text-format-boundary=\"true\">dayanatoro@ssccalameda.cl<\/a><\/td>\n<\/tr>\n<\/tbody>\n<\/table>\n<\/div>\n<\/div>\n<div align=\"justify\"><\/div>\n<div><\/div>\n","protected":false},"excerpt":{"rendered":"<p>La Direcci\u00f3n Acad\u00e9mica es una estructura en la org\u00e1nica que surge para dar respuesta a los requerimientos pedag\u00f3gicos planteados en el PEI. Sus integrantes tienen como tarea fundamental gestionar los procesos acad\u00e9micos, cautelando que el Proyecto Curricular est\u00e9 en la misma l\u00ednea del Proyecto Educativo, liderando los cambios e innovaciones que se requieran para este &hellip;<\/p>\n","protected":false},"author":1,"featured_media":0,"parent":0,"menu_order":0,"comment_status":"closed","ping_status":"closed","template":"","meta":{"footnotes":""},"_links":{"self":[{"href":"https:\/\/www.ssccalameda.cl\/portal\/wp-json\/wp\/v2\/pages\/1008"}],"collection":[{"href":"https:\/\/www.ssccalameda.cl\/portal\/wp-json\/wp\/v2\/pages"}],"about":[{"href":"https:\/\/www.ssccalameda.cl\/portal\/wp-json\/wp\/v2\/types\/page"}],"author":[{"embeddable":true,"href":"https:\/\/www.ssccalameda.cl\/portal\/wp-json\/wp\/v2\/users\/1"}],"replies":[{"embeddable":true,"href":"https:\/\/www.ssccalameda.cl\/portal\/wp-json\/wp\/v2\/comments?post=1008"}],"version-history":[{"count":2,"href":"https:\/\/www.ssccalameda.cl\/portal\/wp-json\/wp\/v2\/pages\/1008\/revisions"}],"predecessor-version":[{"id":13047,"href":"https:\/\/www.ssccalameda.cl\/portal\/wp-json\/wp\/v2\/pages\/1008\/revisions\/13047"}],"wp:attachment":[{"href":"https:\/\/www.ssccalameda.cl\/portal\/wp-json\/wp\/v2\/media?parent=1008"}],"curies":[{"name":"wp","href":"https:\/\/api.w.org\/{rel}","templated":true}]}}