{"id":1011,"date":"2018-06-05T13:25:43","date_gmt":"2018-06-05T13:25:43","guid":{"rendered":"https:\/\/printed.cl\/sscc\/?page_id=819"},"modified":"2024-07-08T11:02:14","modified_gmt":"2024-07-08T15:02:14","slug":"equipo-de-trabajo-pastoral-2","status":"publish","type":"page","link":"https:\/\/www.ssccalameda.cl\/portal\/equipo-de-trabajo-pastoral-2\/","title":{"rendered":"Equipo de trabajo Direcci\u00f3n de Formaci\u00f3n"},"content":{"rendered":"\n<p>Directora de Formaci\u00f3n, Rosa Duque Sep\u00falveda rosaduque@ssccalameda.cl<\/p>\n\n\n<div>\n<table style=\"border-collapse: collapse; width: 100%;\" border=\"1\">\n<tbody>\n<tr style=\"height: 43px;\">\n<td style=\"width: 31.6092%; height: 98.92120361328125px;\" rowspan=\"4\"><strong>Convivencia Escolar, Socio Afectividad y Familia<\/strong><\/td>\n<td style=\"width: 66.6666%; height: 98.92120361328125px; text-align: center;\" colspan=\"2\" rowspan=\"4\"><strong>Jefa de \u00c1rea: Loreto P\u00e9rez\u00a0<\/strong><\/td>\n<\/tr>\n<tr style=\"height: 23px;\">\n<td style=\"width: 31.6092%; height: 171px;\" rowspan=\"7\">\u00a0<\/td>\n<td style=\"width: 68.39070000000001%; height: 23px; text-align: center;\" colspan=\"2\">\u00a0<\/td>\n<\/tr>\n<tr style=\"height: 23px;\">\n<td style=\"width: 35.0574%; height: 10px;\">\u00a0<\/td>\n<td style=\"width: 33.3333%; height: 10px;\">\u00a0<\/td>\n<\/tr>\n<tr style=\"height: 23px;\">\n<td style=\"width: 35.0574%; height: 23px;\">\u00a0<\/td>\n<td style=\"width: 33.3333%; height: 23px;\">\u00a0<\/td>\n<\/tr>\n<tr style=\"height: 46px;\">\n<td style=\"width: 31.6092%; height: 46px;\">\u00a0<\/td>\n<td style=\"width: 34.16663333333334%; height: 46px;\">\n<p>Psicologa Ciclo Inicial: Victoria G\u00f3mez<\/p>\n<p>Orientadora Ciclo Inicial: Yeannette Torres.<\/p>\n<p>Psic\u00f3loga Ciclo Menor: Natalia Romero.<\/p>\n<p>Orientadora Ciclo Menor: Jocelyn Vel\u00e1zquez.<\/p>\n<p>Psic\u00f3logo Ciclo Mayor: Hern\u00e1n Rivas<\/p>\n<p>Orientadora Ciclo Mayor: Adriana G\u00e1lvez.<\/p>\n<\/td>\n<\/tr>\n<tr style=\"height: 23px;\">\n<td style=\"width: 31.6092%; height: 23px;\">\u00a0<\/td>\n<td style=\"width: 34.16663333333334%; height: 23px;\">\u00a0<\/td>\n<\/tr>\n<tr style=\"height: 23px;\">\n<td style=\"width: 31.6092%; height: 23px;\">\u00a0<\/td>\n<td style=\"width: 34.16663333333334%; height: 23px;\">\u00a0<\/td>\n<\/tr>\n<tr style=\"height: 23px;\">\n<td style=\"width: 31.6092%; height: 23px;\">\u00a0<\/td>\n<td style=\"width: 34.16663333333334%; height: 23px;\">\u00a0<\/td>\n<\/tr>\n<tr style=\"height: 23px;\">\n<td style=\"width: 31.6092%; height: 23px;\"><strong>\u00a0<\/strong><\/td>\n<td style=\"width: 34.16663333333334%; height: 23px;\">\u00a0<\/td>\n<td style=\"width: 32.499966666666666%; height: 23px;\"><strong>\u00a0<\/strong><\/td>\n<\/tr>\n<tr style=\"height: 23px;\">\n<td style=\"width: 31.6092%; height: 147.9891357421875px;\" rowspan=\"8\"><strong>Pastoral<\/strong><\/td>\n<td style=\"width: 66.6666%; height: 23px; text-align: center;\" colspan=\"2\"><strong>Jefa de \u00c1rea: Matilde Valencia<\/strong><\/td>\n<\/tr>\n<tr style=\"height: 23px;\">\n<td style=\"width: 34.16663333333334%; height: 23px;\">Coordinadora Ciclo Inicial<\/td>\n<td style=\"width: 32.499966666666666%; height: 23px;\">Rosa Galleguillos<\/td>\n<\/tr>\n<tr style=\"height: 23px;\">\n<td style=\"width: 34.16663333333334%; height: 23px;\">Coordinadora Ciclo Menor<\/td>\n<td style=\"width: 32.499966666666666%; height: 23px;\">Daniela Leal<\/td>\n<\/tr>\n<tr style=\"height: 23px;\">\n<td style=\"width: 34.16663333333334%; height: 23px;\">Coordinador Ciclo Mayor<\/td>\n<td style=\"width: 32.499966666666666%; height: 23px;\">Karem Sep\u00falveda<\/td>\n<\/tr>\n<tr style=\"height: 23px;\">\n<td style=\"width: 34.16663333333334%; height: 55.9891357421875px;\" rowspan=\"4\">Consagrados<\/td>\n<td style=\"width: 32.499966666666666%; height: 10px;\">\u00a0<\/td>\n<\/tr>\n<tr style=\"height: 23px;\">\n<td style=\"width: 32.499966666666666%; height: 45.9891357421875px;\" rowspan=\"2\">\n<p>P. Andr\u00e9s Moro<\/p>\n<\/td>\n<\/tr>\n<tr style=\"height: 23px;\">\n<td style=\"width: 31.6092%; height: 23px;\">\u00a0<\/td>\n<\/tr>\n<\/tbody>\n<\/table>\n<p>Encargado de Templo: Di\u00e1cono Bernardo Mu\u00f1oz.<\/p>\n<\/div>\n\n\n<p><\/p>\n\n\n\n<p><\/p>\n","protected":false},"excerpt":{"rendered":"<p>Directora de Formaci\u00f3n, Rosa Duque Sep\u00falveda rosaduque@ssccalameda.cl Convivencia Escolar, Socio Afectividad y Familia Jefa de \u00c1rea: Loreto P\u00e9rez\u00a0 \u00a0 \u00a0 \u00a0 \u00a0 \u00a0 \u00a0 \u00a0 Psicologa Ciclo Inicial: Victoria G\u00f3mez Orientadora Ciclo Inicial: Yeannette Torres. Psic\u00f3loga Ciclo Menor: Natalia Romero. Orientadora Ciclo Menor: Jocelyn Vel\u00e1zquez. Psic\u00f3logo Ciclo Mayor: Hern\u00e1n Rivas Orientadora Ciclo Mayor: Adriana G\u00e1lvez. &hellip;<\/p>\n","protected":false},"author":1,"featured_media":0,"parent":0,"menu_order":0,"comment_status":"closed","ping_status":"closed","template":"","meta":{"footnotes":""},"_links":{"self":[{"href":"https:\/\/www.ssccalameda.cl\/portal\/wp-json\/wp\/v2\/pages\/1011"}],"collection":[{"href":"https:\/\/www.ssccalameda.cl\/portal\/wp-json\/wp\/v2\/pages"}],"about":[{"href":"https:\/\/www.ssccalameda.cl\/portal\/wp-json\/wp\/v2\/types\/page"}],"author":[{"embeddable":true,"href":"https:\/\/www.ssccalameda.cl\/portal\/wp-json\/wp\/v2\/users\/1"}],"replies":[{"embeddable":true,"href":"https:\/\/www.ssccalameda.cl\/portal\/wp-json\/wp\/v2\/comments?post=1011"}],"version-history":[{"count":4,"href":"https:\/\/www.ssccalameda.cl\/portal\/wp-json\/wp\/v2\/pages\/1011\/revisions"}],"predecessor-version":[{"id":15813,"href":"https:\/\/www.ssccalameda.cl\/portal\/wp-json\/wp\/v2\/pages\/1011\/revisions\/15813"}],"wp:attachment":[{"href":"https:\/\/www.ssccalameda.cl\/portal\/wp-json\/wp\/v2\/media?parent=1011"}],"curies":[{"name":"wp","href":"https:\/\/api.w.org\/{rel}","templated":true}]}}