{"id":1019,"date":"2018-06-05T13:36:44","date_gmt":"2018-06-05T13:36:44","guid":{"rendered":"https:\/\/printed.cl\/sscc\/?page_id=837"},"modified":"2021-08-16T12:32:19","modified_gmt":"2021-08-16T16:32:19","slug":"convivencia-escolar-2","status":"publish","type":"page","link":"https:\/\/www.ssccalameda.cl\/portal\/convivencia-escolar-2\/","title":{"rendered":"Convivencia Escolar"},"content":{"rendered":"<p><a href=\"http:\/\/www.ssccalameda.cl\/portal\/wp-content\/uploads\/2021\/04\/RICE-2021.pdf\" target=\"_blank\" rel=\"noopener noreferrer\">El Reglamento Interno de Convivencia Escolar, RICE<\/a> est\u00e1 dividido en los siguientes libros:<\/p>\n<p>LIBRO I: Disposiciones generales.<\/p>\n<p>LIBRO II: De la convivencia escolar.<\/p>\n<p>LIBRO III: De la evaluaci\u00f3n y promoci\u00f3n escolar.<\/p>\n<p>LIBRO IV: Protocolos de acci\u00f3n.<\/p>\n<p>\u00a0<\/p>\n<p>\u00a0<\/p>\n\n\n<p><\/p>\n","protected":false},"excerpt":{"rendered":"<p>El Reglamento Interno de Convivencia Escolar, RICE est\u00e1 dividido en los siguientes libros: LIBRO I: Disposiciones generales. LIBRO II: De la convivencia escolar. LIBRO III: De la evaluaci\u00f3n y promoci\u00f3n escolar. LIBRO IV: Protocolos de acci\u00f3n. \u00a0 \u00a0<\/p>\n","protected":false},"author":1,"featured_media":0,"parent":0,"menu_order":0,"comment_status":"closed","ping_status":"closed","template":"","meta":{"footnotes":""},"_links":{"self":[{"href":"https:\/\/www.ssccalameda.cl\/portal\/wp-json\/wp\/v2\/pages\/1019"}],"collection":[{"href":"https:\/\/www.ssccalameda.cl\/portal\/wp-json\/wp\/v2\/pages"}],"about":[{"href":"https:\/\/www.ssccalameda.cl\/portal\/wp-json\/wp\/v2\/types\/page"}],"author":[{"embeddable":true,"href":"https:\/\/www.ssccalameda.cl\/portal\/wp-json\/wp\/v2\/users\/1"}],"replies":[{"embeddable":true,"href":"https:\/\/www.ssccalameda.cl\/portal\/wp-json\/wp\/v2\/comments?post=1019"}],"version-history":[{"count":1,"href":"https:\/\/www.ssccalameda.cl\/portal\/wp-json\/wp\/v2\/pages\/1019\/revisions"}],"predecessor-version":[{"id":6133,"href":"https:\/\/www.ssccalameda.cl\/portal\/wp-json\/wp\/v2\/pages\/1019\/revisions\/6133"}],"wp:attachment":[{"href":"https:\/\/www.ssccalameda.cl\/portal\/wp-json\/wp\/v2\/media?parent=1019"}],"curies":[{"name":"wp","href":"https:\/\/api.w.org\/{rel}","templated":true}]}}