{"id":1024,"date":"2018-06-05T15:27:38","date_gmt":"2018-06-05T15:27:38","guid":{"rendered":"https:\/\/printed.cl\/sscc\/?page_id=847"},"modified":"2024-09-05T14:18:43","modified_gmt":"2024-09-05T18:18:43","slug":"agenda-telefonica-2","status":"publish","type":"page","link":"https:\/\/www.ssccalameda.cl\/portal\/agenda-telefonica-2\/","title":{"rendered":"Agenda de contactos"},"content":{"rendered":"<table style=\"height: 2584px;\" width=\"747\">\n<tbody>\n<tr style=\"height: 24px;\">\n<td style=\"width: 72px; height: 24px;\" width=\"146\"><strong>\u00c1rea<\/strong><\/td>\n<td style=\"width: 138px; height: 24px;\" width=\"124\"><strong>Nombre<\/strong><\/td>\n<td style=\"width: 179px; height: 24px;\" width=\"158\"><strong>Cargo<\/strong><\/td>\n<td style=\"width: 275px; height: 24px;\" width=\"212\"><strong>Correo<\/strong><\/td>\n<td style=\"width: 82px; height: 24px;\" width=\"106\">\u00a0<\/td>\n<\/tr>\n<tr style=\"height: 44px;\">\n<td style=\"width: 72px; height: 44px;\" width=\"146\"><strong>Rector\u00eda<\/strong><\/td>\n<td style=\"width: 138px; height: 44px;\" width=\"124\"><strong>Mar\u00eda Virginia Rojas Acu\u00f1a<\/strong><\/td>\n<td style=\"width: 179px; height: 44px;\" width=\"158\"><strong>Rectora\u00a0<\/strong><\/td>\n<td style=\"width: 275px; height: 44px;\" width=\"212\">mariavirginiarojas@ssccalameda.cl<\/td>\n<td style=\"width: 82px; height: 44px;\" width=\"106\">\u00a0<\/td>\n<\/tr>\n<tr style=\"height: 44px;\">\n<td style=\"width: 72px; height: 44px;\" width=\"146\"><strong>\u00a0<\/strong><\/td>\n<td style=\"width: 138px; height: 44px;\" width=\"124\">Patricia Ugarte<\/td>\n<td style=\"width: 179px; height: 44px;\" width=\"158\">Secretaria<\/td>\n<td style=\"width: 275px; height: 44px;\" width=\"212\">patriciaugarte@ssccalameda.cl<\/td>\n<td style=\"width: 82px; height: 44px;\" width=\"106\">\u00a0<\/td>\n<\/tr>\n<tr style=\"height: 44px;\">\n<td style=\"width: 72px; height: 44px;\" width=\"146\"><strong>Administraci\u00f3n General<\/strong><\/td>\n<td style=\"width: 138px; height: 44px;\" width=\"124\"><strong>Sandra Carvallo<\/strong><\/td>\n<td style=\"width: 179px; height: 44px;\" width=\"158\"><strong>Administradora General<\/strong><\/td>\n<td style=\"width: 275px; height: 44px;\" width=\"212\">scarvallo@ssccalameda.cl<\/td>\n<td style=\"width: 82px; height: 44px;\" width=\"106\">\u00a0<\/td>\n<\/tr>\n<tr style=\"height: 84px;\">\n<td style=\"width: 72px; height: 84px;\" width=\"146\"><strong>\u00a0<\/strong><\/td>\n<td style=\"width: 138px; height: 84px;\" width=\"124\">Eleonor Jara<\/td>\n<td style=\"width: 179px; height: 84px;\" width=\"158\">Encargada Sistema de Gesti\u00f3n de la Calidad<\/td>\n<td style=\"width: 275px; height: 84px;\" width=\"212\">eleonorjara@ssccalameda.cl<\/td>\n<td style=\"width: 82px; height: 84px;\" width=\"106\">\u00a0<\/td>\n<\/tr>\n<tr style=\"height: 44px;\">\n<td style=\"width: 72px; height: 44px;\" width=\"146\">\u00a0<\/td>\n<td style=\"width: 138px; height: 44px;\" width=\"124\">\u00a0<\/td>\n<td style=\"width: 179px; height: 44px;\" width=\"158\">\u00a0<\/td>\n<td style=\"width: 275px; height: 44px;\" width=\"212\">\u00a0<\/td>\n<td style=\"width: 82px; height: 44px;\" width=\"106\">\u00a0<\/td>\n<\/tr>\n<tr style=\"height: 45px;\">\n<td style=\"width: 72px; height: 45px;\"><strong>Pastoral<\/strong><\/td>\n<td style=\"width: 138px; height: 45px;\"><strong>Matilde Valencia<\/strong><\/td>\n<td style=\"width: 179px; height: 45px;\"><strong>Encargada de Pastoral<\/strong><\/td>\n<td style=\"width: 275px; height: 45px;\">matildevalencia@ssccalameda.cl<\/td>\n<td style=\"width: 82px; height: 45px;\">\u00a0<\/td>\n<\/tr>\n<tr style=\"height: 44px;\">\n<td style=\"width: 72px; height: 44px;\" width=\"146\">\u00a0<\/td>\n<td style=\"width: 138px; height: 44px;\" width=\"124\">Rosa Galleguillos<\/td>\n<td style=\"width: 179px; height: 44px;\" width=\"158\">Coordinadora Ciclo Inicial<\/td>\n<td style=\"width: 275px; height: 44px;\" width=\"212\">rosagalleguillos@ssccalameda.cl<\/td>\n<td style=\"width: 82px; height: 44px;\" width=\"106\">\u00a0<\/td>\n<\/tr>\n<tr style=\"height: 44px;\">\n<td style=\"width: 72px; height: 44px;\" width=\"146\"><strong>\u00a0<\/strong><\/td>\n<td style=\"width: 138px; height: 44px;\" width=\"124\">Daniela Leal<\/td>\n<td style=\"width: 179px; height: 44px;\" width=\"158\">Coordinadora Ciclo Menor<\/td>\n<td style=\"width: 275px; height: 44px;\" width=\"212\">dleal@ssccalameda.cl<\/td>\n<td style=\"width: 82px; height: 44px;\" width=\"106\">\u00a0<\/td>\n<\/tr>\n<tr style=\"height: 44px;\">\n<td style=\"width: 72px; height: 44px;\" width=\"146\"><strong>\u00a0<\/strong><\/td>\n<td style=\"width: 138px; height: 44px;\" width=\"124\">Karem Sep\u00falveda<\/td>\n<td style=\"width: 179px; height: 44px;\" width=\"158\">Coordinadora Ciclo Mayor<\/td>\n<td style=\"width: 275px; height: 44px;\" width=\"212\">ksepulveda@ssccalameda.cl<\/td>\n<td style=\"width: 82px; height: 44px;\" width=\"106\">\u00a0<\/td>\n<\/tr>\n<tr style=\"height: 44px;\">\n<td style=\"width: 72px; height: 44px;\" width=\"146\">\u00a0<\/td>\n<td style=\"width: 138px; height: 44px;\" width=\"124\">\u00a0<\/td>\n<td style=\"width: 179px; height: 44px;\" width=\"158\">\u00a0<\/td>\n<td style=\"width: 275px; height: 44px;\" width=\"212\">\u00a0<\/td>\n<td style=\"width: 82px; height: 44px;\" width=\"106\">\u00a0<\/td>\n<\/tr>\n<tr style=\"height: 44px;\">\n<td style=\"width: 72px; height: 44px;\" width=\"146\"><strong>\u00a0<\/strong><\/td>\n<td style=\"width: 138px; height: 44px;\" width=\"124\">Andr\u00e9s Moro<\/td>\n<td style=\"width: 179px; height: 44px;\" width=\"158\">Sacerdote<\/td>\n<td style=\"width: 275px; height: 44px;\" width=\"212\">amoro@ssccalameda.cl<\/td>\n<td style=\"width: 82px; height: 44px;\" width=\"106\">\u00a0<\/td>\n<\/tr>\n<tr style=\"height: 45px;\">\n<td style=\"width: 72px; height: 45px;\">\u00a0<\/td>\n<td style=\"width: 138px; height: 45px;\">\u00a0<\/td>\n<td style=\"width: 179px; height: 45px;\">\u00a0<\/td>\n<td style=\"width: 275px; height: 45px;\">\u00a0<\/td>\n<td style=\"width: 82px; height: 45px;\">\u00a0<\/td>\n<\/tr>\n<tr style=\"height: 64px;\">\n<td style=\"width: 72px; height: 64px;\">\u00a0<\/td>\n<td style=\"width: 138px; height: 64px;\">\u00a0<\/td>\n<td style=\"width: 179px; height: 64px;\">\u00a0<\/td>\n<td style=\"width: 275px; height: 64px;\">\u00a0<\/td>\n<td style=\"width: 82px; height: 64px;\">\u00a0<\/td>\n<\/tr>\n<tr style=\"height: 64px;\">\n<td style=\"width: 72px; height: 64px;\" width=\"146\"><strong>Convivencia Escolar y Prevenci\u00f3n<\/strong><\/td>\n<td style=\"width: 138px; height: 64px;\" width=\"124\">Loreto P\u00e9rez<\/td>\n<td style=\"width: 179px; height: 64px;\" width=\"158\"><strong>Jefa de \u00c1rea<\/strong><\/td>\n<td style=\"width: 275px; height: 64px;\" width=\"212\">lperez@ssccalameda.cl<\/td>\n<td style=\"width: 82px; height: 64px;\" width=\"106\">\u00a0<\/td>\n<\/tr>\n<tr style=\"height: 44px;\">\n<td style=\"width: 72px; height: 44px;\" width=\"146\"><strong>\u00c1rea Socio-afectiva y Familia<\/strong><\/td>\n<td style=\"width: 138px; height: 44px;\" width=\"124\">\u00a0<\/td>\n<td style=\"width: 179px; height: 44px;\" width=\"158\">\u00a0<\/td>\n<td style=\"width: 275px; height: 44px;\" width=\"212\">\u00a0<\/td>\n<td style=\"width: 82px; height: 44px;\" width=\"106\">\u00a0<\/td>\n<\/tr>\n<tr style=\"height: 44px;\">\n<td style=\"width: 72px; height: 44px;\" width=\"146\"><strong>\u00a0<\/strong><\/td>\n<td style=\"width: 138px; height: 44px;\" width=\"124\">Victoria G\u00f3mez<\/td>\n<td style=\"width: 179px; height: 44px;\" width=\"158\">Psic\u00f3loga Ciclo Inicial<\/td>\n<td style=\"width: 275px; height: 44px;\" width=\"212\">vgomez@ssccalameda.cl<\/td>\n<td style=\"width: 82px; height: 44px;\" width=\"106\">\u00a0<\/td>\n<\/tr>\n<tr style=\"height: 44px;\">\n<td style=\"width: 72px; height: 44px;\" width=\"146\"><strong>\u00a0<\/strong><\/td>\n<td style=\"width: 138px; height: 44px;\" width=\"124\">Jocelyn Vel\u00e1squez<\/td>\n<td style=\"width: 179px; height: 44px;\" width=\"158\">Psic\u00f3loga\/ orientadora Ciclo Menor<\/td>\n<td style=\"width: 275px; height: 44px;\" width=\"212\">jvelasquez@ssccalameda.cl<\/td>\n<td style=\"width: 82px; height: 44px;\" width=\"106\">\u00a0<\/td>\n<\/tr>\n<tr style=\"height: 44px;\">\n<td style=\"width: 72px; height: 44px;\" width=\"146\"><strong>\u00a0<\/strong><\/td>\n<td style=\"width: 138px; height: 44px;\" width=\"124\">Hern\u00e1n Rivas<\/td>\n<td style=\"width: 179px; height: 44px;\" width=\"158\">Psic\u00f3logo Ciclo Mayor<\/td>\n<td style=\"width: 275px; height: 44px;\" width=\"212\">hernanrivas@ssccalameda.cl<\/td>\n<td style=\"width: 82px; height: 44px;\" width=\"106\">\u00a0<\/td>\n<\/tr>\n<tr style=\"height: 45px;\">\n<td style=\"width: 72px; height: 45px;\"><strong>\u00a0<\/strong><\/td>\n<td style=\"width: 138px; height: 45px;\">Adriana Galvis<\/td>\n<td style=\"width: 179px; height: 45px;\">Orientadora Ciclo Mayor<\/td>\n<td style=\"width: 275px; height: 45px;\">agalvis@ssccalameda.cl<\/td>\n<td style=\"width: 82px; height: 45px;\">\u00a0<\/td>\n<\/tr>\n<tr style=\"height: 44px;\">\n<td style=\"width: 72px; height: 44px;\" width=\"146\"><strong>\u00a0<\/strong><\/td>\n<td style=\"width: 138px; height: 44px;\" width=\"124\">Yeannette Torres<\/td>\n<td style=\"width: 179px; height: 44px;\" width=\"158\">Orientadora 1\u00ba a 6\u00ba B\u00e1sico<\/td>\n<td style=\"width: 275px; height: 44px;\" width=\"212\">ytorres@ssccalameda.cl<\/td>\n<td style=\"width: 82px; height: 44px;\" width=\"106\">\u00a0<\/td>\n<\/tr>\n<tr style=\"height: 45px;\">\n<td style=\"width: 72px; height: 45px;\"><strong>\u00a0<\/strong><\/td>\n<td style=\"width: 138px; height: 45px;\">Natalia Tapia<\/td>\n<td style=\"width: 179px; height: 45px;\">Profesora ed. diferencial<\/td>\n<td style=\"width: 275px; height: 45px;\">nataliatapia@ssccalameda.cl<\/td>\n<td style=\"width: 82px; height: 45px;\">\u00a0<\/td>\n<\/tr>\n<tr style=\"height: 45px;\">\n<td style=\"width: 72px; height: 45px;\"><strong>\u00a0<\/strong><\/td>\n<td style=\"width: 138px; height: 45px;\">Carolina Dolz<\/td>\n<td style=\"width: 179px; height: 45px;\">Profesora ed. diferencial<\/td>\n<td style=\"width: 275px; height: 45px;\">cdolz@ssccalameda.cl<\/td>\n<td style=\"width: 82px; height: 45px;\">\u00a0<\/td>\n<\/tr>\n<tr style=\"height: 45px;\">\n<td style=\"width: 72px; height: 45px;\"><strong>\u00a0<\/strong><\/td>\n<td style=\"width: 138px; height: 45px;\">Julieta Marabol\u00ed<\/td>\n<td style=\"width: 179px; height: 45px;\">Psicopedagoga<\/td>\n<td style=\"width: 275px; height: 45px;\">julietamaraboli@ssccalameda.cl<\/td>\n<td style=\"width: 82px; height: 45px;\">\u00a0<\/td>\n<\/tr>\n<tr style=\"height: 45px;\">\n<td style=\"width: 72px; height: 45px;\"><strong>\u00a0<\/strong><\/td>\n<td style=\"width: 138px; height: 45px;\">Tulio Carmona<\/td>\n<td style=\"width: 179px; height: 45px;\">Psicopedagogo<\/td>\n<td style=\"width: 275px; height: 45px;\">tuliocarmona@ssccalameda.cl<\/td>\n<td style=\"width: 82px; height: 45px;\">\u00a0<\/td>\n<\/tr>\n<tr style=\"height: 24px;\">\n<td style=\"width: 72px; height: 24px;\"><strong>\u00a0<\/strong><\/td>\n<td style=\"width: 138px; height: 24px;\">\u00a0<\/td>\n<td style=\"width: 179px; height: 24px;\">\u00a0<\/td>\n<td style=\"width: 275px; height: 24px;\">\u00a0<\/td>\n<td style=\"width: 82px; height: 24px;\">\u00a0<\/td>\n<\/tr>\n<tr style=\"height: 44px;\">\n<td style=\"width: 72px; height: 44px;\" width=\"146\"><strong>coordinaci\u00f3n Pedag\u00f3gica<\/strong><\/td>\n<td style=\"width: 138px; height: 44px;\" width=\"124\"><strong>Ver\u00f3nica Guajardo<\/strong><\/td>\n<td style=\"width: 179px; height: 44px;\" width=\"158\">coordinadora pedag\u00f3gica<\/td>\n<td style=\"width: 275px; height: 44px;\" width=\"212\">veronicaguajardo@ssccalameda.cl<\/td>\n<td style=\"width: 82px; height: 44px;\" width=\"106\">\u00a0<\/td>\n<\/tr>\n<tr style=\"height: 23px;\">\n<td style=\"width: 72px; height: 23px;\">\u00a0<\/td>\n<td style=\"width: 138px; height: 23px;\">\u00a0<\/td>\n<td style=\"width: 179px; height: 23px;\">\u00a0<\/td>\n<td style=\"width: 275px; height: 23px;\">\u00a0<\/td>\n<td style=\"width: 82px; height: 23px;\">\u00a0<\/td>\n<\/tr>\n<tr style=\"height: 44px;\">\n<td style=\"width: 72px; height: 44px;\" width=\"146\"><strong>\u00a0<\/strong><\/td>\n<td style=\"width: 138px; height: 44px;\" width=\"124\">Dayana Toro<\/td>\n<td style=\"width: 179px; height: 44px;\" width=\"158\">Secretaria vicerrector\u00eda<\/td>\n<td style=\"width: 275px; height: 44px;\" width=\"212\">dayanatoro@ssccalameda.cl<\/td>\n<td style=\"width: 82px; height: 44px;\" width=\"106\">\u00a0<\/td>\n<\/tr>\n<tr style=\"height: 128px;\">\n<td style=\"width: 72px; height: 128px;\"><strong>Programa Recrea y Talleres del Curr\u00edculum Complementario<\/strong><\/td>\n<td style=\"width: 138px; height: 128px;\"><strong>Pamela Peralta<\/strong><\/td>\n<td style=\"width: 179px; height: 128px;\"><strong>Coordinadora Actividades Curr\u00edculum Complementario y Programa Recrea<\/strong><\/td>\n<td style=\"width: 275px; height: 128px;\">pperalta@ssccalameda.cl<\/td>\n<td style=\"width: 82px; height: 128px;\">\u00a0<\/td>\n<\/tr>\n<tr style=\"height: 44px;\">\n<td style=\"width: 72px; height: 44px;\" width=\"146\"><strong>\u00c1rea Cultura<\/strong><\/td>\n<td style=\"width: 138px; height: 44px;\" width=\"124\"><strong>Paula Y\u00e1\u00f1ez<\/strong><\/td>\n<td style=\"width: 179px; height: 44px;\" width=\"158\"><strong>Encargada de cultura<\/strong><\/td>\n<td style=\"width: 275px; height: 44px;\" width=\"212\">paulayanez@ssccalameda.cl<\/td>\n<td style=\"width: 82px; height: 44px;\" width=\"106\">\u00a0<\/td>\n<\/tr>\n<tr style=\"height: 44px;\">\n<td style=\"width: 72px; height: 44px;\" width=\"146\"><strong>Direcciones de Ciclo<\/strong><\/td>\n<td style=\"width: 138px; height: 44px;\" width=\"124\"><strong>Carolina Moreno<\/strong><\/td>\n<td style=\"width: 179px; height: 44px;\" width=\"158\"><strong>Directora Ciclo Inicial<\/strong><\/td>\n<td style=\"width: 275px; height: 44px;\" width=\"212\">carolinamoreno@ssccalameda.cl<\/td>\n<td style=\"width: 82px; height: 44px;\" width=\"106\">\u00a0<\/td>\n<\/tr>\n<tr style=\"height: 44px;\">\n<td style=\"width: 72px; height: 44px;\" width=\"146\"><strong>\u00a0<\/strong><\/td>\n<td style=\"width: 138px; height: 44px;\" width=\"124\">Miriam Medina<\/td>\n<td style=\"width: 179px; height: 44px;\" width=\"158\">Secretaria Ciclo Inicial<\/td>\n<td style=\"width: 275px; height: 44px;\" width=\"212\">miriammedina@ssccalameda.cl<\/td>\n<td style=\"width: 82px; height: 44px;\" width=\"106\">\u00a0<\/td>\n<\/tr>\n<tr style=\"height: 45px;\">\n<td style=\"width: 72px; height: 45px;\"><strong>\u00a0<\/strong><\/td>\n<td style=\"width: 138px; height: 45px;\">Isabel Ram\u00edrez<\/td>\n<td style=\"width: 179px; height: 45px;\">Inspectora Ciclo Inicial<\/td>\n<td style=\"width: 275px; height: 45px;\">isabelramirez@ssccalameda.cl<\/td>\n<td style=\"width: 82px; height: 45px;\">\u00a0<\/td>\n<\/tr>\n<tr style=\"height: 44px;\">\n<td style=\"width: 72px; height: 44px;\" width=\"146\"><strong>\u00a0<\/strong><\/td>\n<td style=\"width: 138px; height: 44px;\" width=\"124\"><strong>Andrea Labra<\/strong><\/td>\n<td style=\"width: 179px; height: 44px;\" width=\"158\"><strong>Directora Ciclo Menor<\/strong><\/td>\n<td style=\"width: 275px; height: 44px;\" width=\"212\">andrealabra@ssccalameda.cl<\/td>\n<td style=\"width: 82px; height: 44px;\" width=\"106\">\u00a0<\/td>\n<\/tr>\n<tr style=\"height: 44px;\">\n<td style=\"width: 72px; height: 44px;\" width=\"146\">\u00a0<\/td>\n<td style=\"width: 138px; height: 44px;\" width=\"124\">\u00a0<\/td>\n<td style=\"width: 179px; height: 44px;\" width=\"158\">\u00a0<\/td>\n<td style=\"width: 275px; height: 44px;\" width=\"212\">\u00a0<\/td>\n<td style=\"width: 82px; height: 44px;\" width=\"106\">\u00a0<\/td>\n<\/tr>\n<tr style=\"height: 44px;\">\n<td style=\"width: 72px; height: 44px;\" width=\"146\"><strong>\u00a0<\/strong><\/td>\n<td style=\"width: 138px; height: 44px;\" width=\"124\">Marcela Carrasco<\/td>\n<td style=\"width: 179px; height: 44px;\" width=\"158\">Inspectora Ciclo Menor<\/td>\n<td style=\"width: 275px; height: 44px;\" width=\"212\">Marcelacarrasco@ssccalameda.cl<\/td>\n<td style=\"width: 82px; height: 44px;\" width=\"106\">\u00a0<\/td>\n<\/tr>\n<tr style=\"height: 44px;\">\n<td style=\"width: 72px; height: 44px;\" width=\"146\"><strong>\u00a0<\/strong><\/td>\n<td style=\"width: 138px; height: 44px;\" width=\"124\"><strong>M\u00aa \u00c9rika Maturana<\/strong><\/td>\n<td style=\"width: 179px; height: 44px;\" width=\"158\"><strong>Directora Ciclo Mayor<\/strong><\/td>\n<td style=\"width: 275px; height: 44px;\" width=\"212\">ematurana@ssccalameda.cl<\/td>\n<td style=\"width: 82px; height: 44px;\" width=\"106\">\u00a0<\/td>\n<\/tr>\n<tr style=\"height: 44px;\">\n<td style=\"width: 72px; height: 44px;\" width=\"146\"><strong>\u00a0<\/strong><\/td>\n<td style=\"width: 138px; height: 44px;\" width=\"124\">Pilar Aguilera<\/td>\n<td style=\"width: 179px; height: 44px;\" width=\"158\">Inspectora Ciclo Mayor<\/td>\n<td style=\"width: 275px; height: 44px;\" width=\"212\">pilaraguilera@ssccalameda.cl<\/td>\n<td style=\"width: 82px; height: 44px;\" width=\"106\">\u00a0<\/td>\n<\/tr>\n<tr style=\"height: 44px;\">\n<td style=\"width: 72px; height: 44px;\" width=\"146\"><strong>\u00a0<\/strong><\/td>\n<td style=\"width: 138px; height: 44px;\" width=\"124\">Fernando Marchant<\/td>\n<td style=\"width: 179px; height: 44px;\" width=\"158\">Inspector Ciclo Mayor<\/td>\n<td style=\"width: 275px; height: 44px;\" width=\"212\">fmarchant@ssccalameda.cl<\/td>\n<td style=\"width: 82px; height: 44px;\" width=\"106\">\u00a0<\/td>\n<\/tr>\n<tr style=\"height: 44px;\">\n<td style=\"width: 72px; height: 44px;\" width=\"146\"><strong>Biblioteca<\/strong><\/td>\n<td style=\"width: 138px; height: 44px;\" width=\"124\">Rodrigo Cordero<\/td>\n<td style=\"width: 179px; height: 44px;\" width=\"158\"><strong>Jefe de Biblioteca<\/strong><\/td>\n<td style=\"width: 275px; height: 44px;\" width=\"212\">rodrigocordero@ssccalameda.cl<\/td>\n<td style=\"width: 82px; height: 44px;\" width=\"106\">\u00a0<\/td>\n<\/tr>\n<tr style=\"height: 44px;\">\n<td style=\"width: 72px; height: 44px;\" width=\"146\"><strong>\u00a0<\/strong><\/td>\n<td style=\"width: 138px; height: 44px;\" width=\"124\">Carolina Leyton<\/td>\n<td style=\"width: 179px; height: 44px;\" width=\"158\">Bibliotecaria<\/td>\n<td style=\"width: 275px; height: 44px;\" width=\"212\">carolinaleyton@ssccalameda.cl<\/td>\n<td style=\"width: 82px; height: 44px;\" width=\"106\">\u00a0<\/td>\n<\/tr>\n<tr style=\"height: 45px;\">\n<td style=\"width: 72px; height: 45px;\"><strong>\u00a0Direcci\u00f3n de Personas<\/strong><\/td>\n<td style=\"width: 138px; height: 45px;\">Loreto Contreras<\/td>\n<td style=\"width: 179px; height: 45px;\">Direcci\u00f3n de Personas<\/td>\n<td style=\"width: 275px; height: 45px;\">loretocontreras@ssccalameda.cl<\/td>\n<td style=\"width: 82px; height: 45px;\">\u00a0<\/td>\n<\/tr>\n<tr style=\"height: 45px;\">\n<td style=\"width: 72px; height: 45px;\">\u00a0<\/td>\n<td style=\"width: 138px; height: 45px;\">\u00a0<\/td>\n<td style=\"width: 179px; height: 45px;\">\u00a0<\/td>\n<td style=\"width: 275px; height: 45px;\">\u00a0<\/td>\n<td style=\"width: 82px; height: 45px;\">\u00a0<\/td>\n<\/tr>\n<tr style=\"height: 84px;\">\n<td style=\"width: 72px; height: 84px;\"><strong>\u00c1rea de Vinculaci\u00f3n y Admisi\u00f3n<\/strong><\/td>\n<td style=\"width: 138px; height: 84px;\"><strong>Stephanie Hunt<\/strong><\/td>\n<td style=\"width: 179px; height: 84px;\"><strong>Jefa de \u00e1rea<\/strong><\/td>\n<td style=\"width: 275px; height: 84px;\">stephaniehunt@ssccalameda.cl<\/td>\n<td style=\"width: 82px; height: 84px;\">\u00a0<\/td>\n<\/tr>\n<tr style=\"height: 44px;\">\n<td style=\"width: 72px; height: 44px;\">Recaudaci\u00f3n<\/td>\n<td style=\"width: 138px; height: 44px;\">Mar\u00eda Jos\u00e9 Y\u00e1\u00f1ez<\/td>\n<td style=\"width: 179px; height: 44px;\">Recaudaci\u00f3n<\/td>\n<td style=\"width: 275px; height: 44px;\">recaudacion@ssccalameda.cl<\/td>\n<td style=\"width: 82px; height: 44px;\">\u00a0<\/td>\n<\/tr>\n<tr style=\"height: 44px;\">\n<td style=\"width: 72px; height: 44px;\" width=\"146\">\u00a0<\/td>\n<td style=\"width: 138px; height: 44px;\" width=\"124\">\u00a0<\/td>\n<td style=\"width: 179px; height: 44px;\" width=\"158\">\u00a0<\/td>\n<td style=\"width: 275px; height: 44px;\" width=\"212\">\u00a0<\/td>\n<td style=\"width: 82px; height: 44px;\" width=\"106\">\u00a0<\/td>\n<\/tr>\n<tr style=\"height: 45px;\">\n<td style=\"width: 72px; height: 45px;\">\u00a0<\/td>\n<td style=\"width: 138px; height: 45px;\">\u00a0<\/td>\n<td style=\"width: 179px; height: 45px;\">\u00a0<\/td>\n<td style=\"width: 275px; height: 45px;\">\u00a0<\/td>\n<td style=\"width: 82px; height: 45px;\">\u00a0<\/td>\n<\/tr>\n<tr style=\"height: 44px;\">\n<td style=\"width: 72px; height: 44px;\" width=\"146\"><strong>Tecnolog\u00edas de la Informaci\u00f3n<\/strong><\/td>\n<td style=\"width: 138px; height: 44px;\" width=\"124\">\u00a0<\/td>\n<td style=\"width: 179px; height: 44px;\" width=\"158\">\u00a0<\/td>\n<td style=\"width: 275px; height: 44px;\" width=\"212\">\u00a0<\/td>\n<td style=\"width: 82px; height: 44px;\" width=\"106\">\u00a0<\/td>\n<\/tr>\n<tr style=\"height: 44px;\">\n<td style=\"width: 72px; height: 44px;\" width=\"146\"><strong>\u00a0<\/strong><\/td>\n<td style=\"width: 138px; height: 44px;\" width=\"124\">Elizabeth \u00c1lvarez<\/td>\n<td style=\"width: 179px; height: 44px;\" width=\"158\">Asistente TI<\/td>\n<td style=\"width: 275px; height: 44px;\" width=\"212\">elizabethalvarez@ssccalameda.cl<\/td>\n<td style=\"width: 82px; height: 44px;\" width=\"106\">\u00a0<\/td>\n<\/tr>\n<tr style=\"height: 44px;\">\n<td style=\"width: 72px; height: 44px;\" width=\"146\"><strong>\u00a0<\/strong><\/td>\n<td style=\"width: 138px; height: 44px;\" width=\"124\">Marcelo Fern\u00e1ndez<\/td>\n<td style=\"width: 179px; height: 44px;\" width=\"158\">T\u00e9cnico TI<\/td>\n<td style=\"width: 275px; height: 44px;\" width=\"212\">marcelofernandez@ssccalameda.cl<\/td>\n<td style=\"width: 82px; height: 44px;\" width=\"106\">\u00a0<\/td>\n<\/tr>\n<tr style=\"height: 64px;\">\n<td style=\"width: 72px; height: 64px;\" width=\"146\"><strong>Sala de Primeros Auxilios<\/strong><\/td>\n<td style=\"width: 138px; height: 64px;\" width=\"124\">Carolina Guajardo<\/td>\n<td style=\"width: 179px; height: 64px;\" width=\"158\">Enfermera<\/td>\n<td style=\"width: 275px; height: 64px;\" width=\"212\">primerosauxilios@ssccalameda.cl<\/td>\n<td style=\"width: 82px; height: 64px;\" width=\"106\">\u00a0<\/td>\n<\/tr>\n<tr style=\"height: 45px;\">\n<td style=\"width: 72px; height: 45px;\"><strong>\u00a0<\/strong><\/td>\n<td style=\"width: 138px; height: 45px;\">\u00a0<\/td>\n<td style=\"width: 179px; height: 45px;\">\u00a0<\/td>\n<td style=\"width: 275px; height: 45px;\">\u00a0<\/td>\n<td style=\"width: 82px; height: 45px;\">\u00a0<\/td>\n<\/tr>\n<tr style=\"height: 44px;\">\n<td style=\"width: 72px; height: 44px;\" width=\"146\"><strong>\u00a0<\/strong><\/td>\n<td style=\"width: 138px; height: 44px;\" width=\"124\">Jenny Tamar\u00edn<\/td>\n<td style=\"width: 179px; height: 44px;\" width=\"158\">TENS<\/td>\n<td style=\"width: 275px; height: 44px;\" width=\"212\">primerosauxilios@ssccalameda.cl<\/td>\n<td style=\"width: 82px; height: 44px;\" width=\"106\">\u00a0<\/td>\n<\/tr>\n<tr style=\"height: 45px;\">\n<td style=\"width: 72px; height: 45px;\"><strong>\u00a0<\/strong><\/td>\n<td style=\"width: 138px; height: 45px;\">Camila Parra<\/td>\n<td style=\"width: 179px; height: 45px;\">TENS<\/td>\n<td style=\"width: 275px; height: 45px;\">primerosauxilios@ssccalameda.cl<\/td>\n<td style=\"width: 82px; height: 45px;\">\u00a0<\/td>\n<\/tr>\n<tr style=\"height: 44px;\">\n<td style=\"width: 72px; height: 44px;\" width=\"146\"><strong>Sacrist\u00eda<\/strong><\/td>\n<td style=\"width: 138px; height: 44px;\" width=\"124\"><strong>Bernardo Mu\u00f1oz<\/strong><\/td>\n<td style=\"width: 179px; height: 44px;\" width=\"158\">\u00a0<\/td>\n<td style=\"width: 275px; height: 44px;\" width=\"212\">bernardomunoz@ssccalameda.cl<\/td>\n<td style=\"width: 82px; height: 44px;\" width=\"106\">\u00a0<\/td>\n<\/tr>\n<\/tbody>\n<\/table>\n<p>Asociaci\u00f3n de madres, padres y apoderados(as)<\/p>\n<p><a href=\"mailto:asoc.sscc@apoderadosscc.cl\">asoc.sscc@apoderadosscc.cl<\/a><\/p>\n<p>226 990 762<\/p>\n\n\n<p><\/p>\n","protected":false},"excerpt":{"rendered":"<p>\u00c1rea Nombre Cargo Correo \u00a0 Rector\u00eda Mar\u00eda Virginia Rojas Acu\u00f1a Rectora\u00a0 mariavirginiarojas@ssccalameda.cl \u00a0 \u00a0 Patricia Ugarte Secretaria patriciaugarte@ssccalameda.cl \u00a0 Administraci\u00f3n General Sandra Carvallo Administradora General scarvallo@ssccalameda.cl \u00a0 \u00a0 Eleonor Jara Encargada Sistema de Gesti\u00f3n de la Calidad eleonorjara@ssccalameda.cl \u00a0 \u00a0 \u00a0 \u00a0 \u00a0 \u00a0 Pastoral Matilde Valencia Encargada de Pastoral matildevalencia@ssccalameda.cl \u00a0 \u00a0 Rosa Galleguillos &hellip;<\/p>\n","protected":false},"author":1,"featured_media":0,"parent":0,"menu_order":0,"comment_status":"closed","ping_status":"closed","template":"","meta":{"footnotes":""},"_links":{"self":[{"href":"https:\/\/www.ssccalameda.cl\/portal\/wp-json\/wp\/v2\/pages\/1024"}],"collection":[{"href":"https:\/\/www.ssccalameda.cl\/portal\/wp-json\/wp\/v2\/pages"}],"about":[{"href":"https:\/\/www.ssccalameda.cl\/portal\/wp-json\/wp\/v2\/types\/page"}],"author":[{"embeddable":true,"href":"https:\/\/www.ssccalameda.cl\/portal\/wp-json\/wp\/v2\/users\/1"}],"replies":[{"embeddable":true,"href":"https:\/\/www.ssccalameda.cl\/portal\/wp-json\/wp\/v2\/comments?post=1024"}],"version-history":[{"count":4,"href":"https:\/\/www.ssccalameda.cl\/portal\/wp-json\/wp\/v2\/pages\/1024\/revisions"}],"predecessor-version":[{"id":16165,"href":"https:\/\/www.ssccalameda.cl\/portal\/wp-json\/wp\/v2\/pages\/1024\/revisions\/16165"}],"wp:attachment":[{"href":"https:\/\/www.ssccalameda.cl\/portal\/wp-json\/wp\/v2\/media?parent=1024"}],"curies":[{"name":"wp","href":"https:\/\/api.w.org\/{rel}","templated":true}]}}