{"id":15477,"date":"2024-05-07T12:06:53","date_gmt":"2024-05-07T16:06:53","guid":{"rendered":"https:\/\/www.ssccalameda.cl\/portal\/?page_id=15477"},"modified":"2025-01-20T17:41:57","modified_gmt":"2025-01-20T20:41:57","slug":"protocolos-rice","status":"publish","type":"page","link":"https:\/\/www.ssccalameda.cl\/portal\/protocolos-rice\/","title":{"rendered":"Protocolos RICE y Procedimientos"},"content":{"rendered":"\n<p>PROTOCOLOS:<\/p>\n\n\n\n<p><a href=\"https:\/\/www.ssccalameda.cl\/portal\/wp-content\/uploads\/2024\/05\/RICE-2024-PROTOCOLO-1.pdf\">Protocolo 1 -EN CASO DE ACCIDENTES Y PRIMEROS AUXILIOS<\/a><\/p>\n\n\n\n<p><a href=\"https:\/\/www.ssccalameda.cl\/portal\/wp-content\/uploads\/2024\/06\/05.24.N\u00b02ANteriesgosdenefermedadescomuneseinfectocontagiosas.pdf\">Protocolo 2 &#8211; ANTE RIESGOS DE ENFERMEDADES COMUNES E INFECTOCONTAGIOSAS<\/a><\/p>\n\n\n\n<p><a href=\"https:\/\/www.ssccalameda.cl\/portal\/wp-content\/uploads\/2024\/06\/25.04.24.PROTOCOLO-3-Desarregulacion.pdf\">Protocolo 3- ANTE SITUACIONES DE DESREGULACI\u00d3N EMOCIONAL<\/a><\/p>\n\n\n\n<p><a href=\"https:\/\/www.ssccalameda.cl\/portal\/wp-content\/uploads\/2024\/06\/mayo24.N\u00b04Antesituaciones.pdf\">Protocolo 4 &#8211; ANTE SITUACIONES DE MALTRATO, ACOSO ESCOLAR Y VIOLENCIA<br>ENTRE MIEMBROS DE LA COMUNIDAD EDUCATIVA<\/a><\/p>\n\n\n\n<p><a href=\"https:\/\/www.ssccalameda.cl\/portal\/wp-content\/uploads\/2024\/06\/06.24.N\u00b05Paraabordarsituacionesdeabusosexual.pdf\">Protocolo 5 &#8211; PARA ABORDAR SITUACIONES DE ABUSO SEXUAL<\/a><\/p>\n\n\n\n<p><a href=\"https:\/\/www.ssccalameda.cl\/portal\/wp-content\/uploads\/2024\/06\/mayo24.N\u00b06Parasalidaspedagogicas.pdf\">Protocolo 6 &#8211; PARA SALIDAS PEDAG\u00d3GICAS<\/a><\/p>\n\n\n\n<p><a href=\"https:\/\/www.ssccalameda.cl\/portal\/wp-content\/uploads\/2024\/06\/05.24.N\u00b07Paralasanaconvivenciaescolaryciberbulying.pdf\">Protocolo 7 &#8211; PARA LA SANA CONVIVENCIA VIRTUAL Y CIBERBULLYING<\/a><\/p>\n\n\n\n<p><a href=\"https:\/\/www.ssccalameda.cl\/portal\/wp-content\/uploads\/2024\/10\/RICE-2024-PROTOCOLOS-8-Mod.pdf\">Protocolo 8 &#8211; PARA ABORDAR SITUACIONES DE PORTE, CONSUMO, VENTA DE ALCOHOL Y DROGAS<\/a><\/p>\n\n\n\n<p><a href=\"https:\/\/www.ssccalameda.cl\/portal\/wp-content\/uploads\/2024\/06\/mayo24.N\u00b09.pdf\">Protocolo 9 &#8211; DE RETENCI\u00d3N Y APOYO A ESTUDIANTES PADRES, MADRES Y EMBARAZADAS<\/a><\/p>\n\n\n\n<p><a href=\"https:\/\/www.ssccalameda.cl\/portal\/wp-content\/uploads\/2024\/06\/06.24.N\u00b010Parasituacionesdeporteyusodearmas.pdf\">Protocolo 10 &#8211; PARA SITUACIONES DE PORTE Y USO DE ARMAS<\/a><\/p>\n\n\n\n<p><a href=\"https:\/\/www.ssccalameda.cl\/portal\/wp-content\/uploads\/2024\/10\/06.24.N\u00b011Deapoyoparaestudiantestrans.pdf\">Protocolo 11 &#8211; DE APOYO PARA LOS ESTUDIANTES TRANS<\/a><\/p>\n\n\n\n<p><a href=\"https:\/\/www.ssccalameda.cl\/portal\/wp-content\/uploads\/2024\/06\/25.04.24.PROTOCOLO-12-1Manfestaciones.pdf\">Protocolo 12 &#8211; ACTUACI\u00d3N FRENTE A MANIFESTACIONES P\u00daBLICAS Y PROTESTAS SOCIALES<\/a><\/p>\n\n\n\n<p><a href=\"https:\/\/www.ssccalameda.cl\/portal\/wp-content\/uploads\/2024\/10\/06.24-N\u00b013ANte-situacionesdevulneraciondederechos.pdf\">Protocolo 13 &#8211; ANTE SITUACIONES DE VULNERACI\u00d3N DE DERECHOS <\/a><\/p>\n\n\n\n<p><a href=\"https:\/\/www.ssccalameda.cl\/portal\/wp-content\/uploads\/2024\/06\/06.06.24.N\u00b014DEactuacionparaladeteccionderiesgointentoyconsumacion.pdf\">Protocolo 14 &#8211; DE ACTUACI\u00d3N PARA LA DETECCI\u00d3N DE RIESGO, INTENTO Y CONSUMACI\u00d3N <\/a><\/p>\n\n\n\n<p><a href=\"https:\/\/www.ssccalameda.cl\/portal\/wp-content\/uploads\/2024\/06\/05.24.N\u00b015DEparticipacionenelmusical.pdf\">Protocolo 15 &#8211; DE PARTICIPACI\u00d3N EN EL MUSICAL DEL COLEGIO<\/a><\/p>\n\n\n\n<p><a href=\"https:\/\/www.ssccalameda.cl\/portal\/wp-content\/uploads\/2024\/05\/PROTOCOLO-No-16-Medidas-Sanitarias-.pdf\">Protocolo 16 &#8211; MEDIDAS SANITARIAS<\/a><\/p>\n\n\n\n<p><a href=\"https:\/\/www.ssccalameda.cl\/portal\/wp-content\/uploads\/2024\/06\/07.05.24.17-RICE-2024-PROTOCOLOGIRA-DE-ESTUDIO.pdf\">Protocolo 17 &#8211; GIRA DE ESTUDIO<\/a><\/p>\n\n\n\n<p><a href=\"https:\/\/www.ssccalameda.cl\/portal\/wp-content\/uploads\/2024\/06\/05.24.N\u00b018Paralaatenciondetalentos-estudiantesSSCC.pdf\">Protocolo 18 &#8211; ATENCI\u00d3N DE TALENTOS-ESTUDIANTES<\/a><\/p>\n\n\n\n<p><a href=\"https:\/\/www.ssccalameda.cl\/portal\/wp-content\/uploads\/2024\/06\/05.24.N\u00b019InclusionLaboral.pdf\">Protocolo 19 &#8211; DE INCLUSI\u00d3N LABORAL<\/a><\/p>\n\n\n\n<p><a href=\"https:\/\/www.ssccalameda.cl\/portal\/wp-content\/uploads\/2024\/06\/15.05.24.ProtocoloN\u00b020CambiodeCurso.pdf\">Protocolo 20 &#8211; DE CAMBIO DE CURSO<\/a><\/p>\n\n\n\n<p><a href=\"https:\/\/www.ssccalameda.cl\/portal\/plan-integral-de-seguridad-escolar\/\">Protocolos 21 y 22 en SEGURIDAD<\/a><\/p>\n\n\n\n<p><a href=\"https:\/\/www.ssccalameda.cl\/portal\/wp-content\/uploads\/2024\/10\/RICE-2024-PROTOCOLO-23.pdf\">Protocolo 23 &#8211; Inclusi\u00f3n y Protecci\u00f3n de derechos de estudiantes con trastornos del espectro autista<\/a><\/p>\n\n\n\n<p><a href=\"https:\/\/www.ssccalameda.cl\/portal\/wp-content\/uploads\/2025\/01\/PROTOCOLO-DE-PREVENCION-Y-ACTUACION-SOBRE-MALTRATO-ESCOLAR-sscc.pdf\">PROTOCOLO DE PREVENCI\u00d3N Y ACTUACI\u00d3N SOBRE MALTRATO ESCOLAR<\/a><\/p>\n\n\n\n<p>PROCEDIMIENTOS y POL\u00cdTICAS:<\/p>\n\n\n\n<p><a href=\"https:\/\/www.ssccalameda.cl\/portal\/wp-content\/uploads\/2024\/06\/05.24.Politicaatencionaladiversidad.pdf\">POL\u00cdTICA DE ATENCI\u00d3N A LA DIVERSIDAD<\/a><\/p>\n\n\n\n<p><a href=\"https:\/\/www.ssccalameda.cl\/portal\/wp-content\/uploads\/2024\/06\/15.05.24.PROCEDIMIENT-RETIRO-DE-CLASES-1.pdf\">RETIRO-SALIDA DE ALUMNOS(AS) DURANTE JORNADA REGULAR<\/a><\/p>\n\n\n\n<p><a href=\"https:\/\/www.ssccalameda.cl\/portal\/wp-content\/uploads\/2024\/06\/05.24.procedimientocamboderopaaninosas.pdf\">PROCEDIMIENTO CAMBIO DE ROPA A NI\u00d1OS(AS)<\/a><\/p>\n\n\n\n<p><a href=\"https:\/\/www.ssccalameda.cl\/portal\/wp-content\/uploads\/2024\/06\/25.04.24.medidas-Sanitarias-2.pdf\">PROTOCOLO DE MEDIDAS SANITARIAS Y VIGILANCIA EPIDEMI\u00d3LOGICA<\/a><\/p>\n","protected":false},"excerpt":{"rendered":"<p>PROTOCOLOS: Protocolo 1 -EN CASO DE ACCIDENTES Y PRIMEROS AUXILIOS Protocolo 2 &#8211; ANTE RIESGOS DE ENFERMEDADES COMUNES E INFECTOCONTAGIOSAS Protocolo 3- ANTE SITUACIONES DE DESREGULACI\u00d3N EMOCIONAL Protocolo 4 &#8211; ANTE SITUACIONES DE MALTRATO, ACOSO ESCOLAR Y VIOLENCIAENTRE MIEMBROS DE LA COMUNIDAD EDUCATIVA Protocolo 5 &#8211; PARA ABORDAR SITUACIONES DE ABUSO SEXUAL Protocolo 6 &#8211; &hellip;<\/p>\n","protected":false},"author":5,"featured_media":0,"parent":0,"menu_order":0,"comment_status":"closed","ping_status":"closed","template":"","meta":{"footnotes":""},"_links":{"self":[{"href":"https:\/\/www.ssccalameda.cl\/portal\/wp-json\/wp\/v2\/pages\/15477"}],"collection":[{"href":"https:\/\/www.ssccalameda.cl\/portal\/wp-json\/wp\/v2\/pages"}],"about":[{"href":"https:\/\/www.ssccalameda.cl\/portal\/wp-json\/wp\/v2\/types\/page"}],"author":[{"embeddable":true,"href":"https:\/\/www.ssccalameda.cl\/portal\/wp-json\/wp\/v2\/users\/5"}],"replies":[{"embeddable":true,"href":"https:\/\/www.ssccalameda.cl\/portal\/wp-json\/wp\/v2\/comments?post=15477"}],"version-history":[{"count":30,"href":"https:\/\/www.ssccalameda.cl\/portal\/wp-json\/wp\/v2\/pages\/15477\/revisions"}],"predecessor-version":[{"id":17205,"href":"https:\/\/www.ssccalameda.cl\/portal\/wp-json\/wp\/v2\/pages\/15477\/revisions\/17205"}],"wp:attachment":[{"href":"https:\/\/www.ssccalameda.cl\/portal\/wp-json\/wp\/v2\/media?parent=15477"}],"curies":[{"name":"wp","href":"https:\/\/api.w.org\/{rel}","templated":true}]}}