{"id":2082,"date":"2019-05-03T10:11:25","date_gmt":"2019-05-03T14:11:25","guid":{"rendered":"http:\/\/www.ssccalameda.cl\/portal\/?page_id=2082"},"modified":"2020-11-13T09:52:56","modified_gmt":"2020-11-13T12:52:56","slug":"procesos-clave-sgc","status":"publish","type":"page","link":"https:\/\/www.ssccalameda.cl\/portal\/procesos-clave-sgc\/","title":{"rendered":"Procesos Clave SGC"},"content":{"rendered":"<p><a href=\"http:\/\/www.ssccalameda.cl\/portal\/wp-content\/uploads\/2020\/10\/10.09.20-PC-01-Acci\u00f3n-Docente-Rev.-6-RA.doc\">PC 01 Acci\u00f3n Docente Rev. 6<\/a><\/p>\n<p><a href=\"http:\/\/www.ssccalameda.cl\/portal\/wp-content\/uploads\/2020\/10\/30.09.20-PC-02-Jefatura-de-Curso-Rev.-6-RA.docx\">PC 02 Jefatura de Curso Rev. 6<\/a><\/p>\n<p><a href=\"http:\/\/www.ssccalameda.cl\/portal\/wp-content\/uploads\/2020\/10\/10.09.20-PC-03Acci\u00f3nPastoralRev.6-RA.docx\">PC 03Acci\u00f3nPastoralRev.6<\/a><\/p>\n<p><a href=\"http:\/\/www.ssccalameda.cl\/portal\/wp-content\/uploads\/2020\/10\/10.09.20-PC-04-Curric.-Comp.Rev_.0-RA.docx\">PC 04 Curric. Comp.Rev.0<\/a><\/p>\n<p><a href=\"http:\/\/www.ssccalameda.cl\/portal\/wp-content\/uploads\/2020\/10\/10.09.20-PC-05-relaci\u00f3n-con-la-familia-Rev.-5-RA.docx\">PC 05 relaci\u00f3n con la familia Rev. 5<\/a><\/p>\n<p><a href=\"http:\/\/www.ssccalameda.cl\/portal\/wp-content\/uploads\/2020\/11\/19.10.20-PC-06-Rev.-4-proceso-postulacion-admision-y-matricula-estudiantes-nuevos-RA.pdf\">PC06- Postulacio\u0301n, Admisio\u0301n y Matri\u0301cula Rev. n\u00ba4.<\/a><\/p>\n<p><a href=\"http:\/\/www.ssccalameda.cl\/portal\/wp-content\/uploads\/2020\/10\/10.09.20-PC-07-Relaci\u00f3n-con-el-Entorno-Rev.-3-RA.docx\">PC 07 Relaci\u00f3n con el Entorno Rev. 3<\/a><\/p>\n<p><a href=\"http:\/\/www.ssccalameda.cl\/portal\/wp-content\/uploads\/2020\/10\/10.09.20-PC-08Gesti\u00f3n-de-la-Convivencia-Rev-3-RA.docx\">PC 08Gesti\u00f3n de la Convivencia Rev 3<\/a><\/p>\n","protected":false},"excerpt":{"rendered":"<p>PC 01 Acci\u00f3n Docente Rev. 6 PC 02 Jefatura de Curso Rev. 6 PC 03Acci\u00f3nPastoralRev.6 PC 04 Curric. Comp.Rev.0 PC 05 relaci\u00f3n con la familia Rev. 5 PC06- Postulacio\u0301n, Admisio\u0301n y Matri\u0301cula Rev. n\u00ba4. PC 07 Relaci\u00f3n con el Entorno Rev. 3 PC 08Gesti\u00f3n de la Convivencia Rev 3<\/p>\n","protected":false},"author":1,"featured_media":0,"parent":0,"menu_order":0,"comment_status":"closed","ping_status":"closed","template":"","meta":{"footnotes":""},"_links":{"self":[{"href":"https:\/\/www.ssccalameda.cl\/portal\/wp-json\/wp\/v2\/pages\/2082"}],"collection":[{"href":"https:\/\/www.ssccalameda.cl\/portal\/wp-json\/wp\/v2\/pages"}],"about":[{"href":"https:\/\/www.ssccalameda.cl\/portal\/wp-json\/wp\/v2\/types\/page"}],"author":[{"embeddable":true,"href":"https:\/\/www.ssccalameda.cl\/portal\/wp-json\/wp\/v2\/users\/1"}],"replies":[{"embeddable":true,"href":"https:\/\/www.ssccalameda.cl\/portal\/wp-json\/wp\/v2\/comments?post=2082"}],"version-history":[{"count":1,"href":"https:\/\/www.ssccalameda.cl\/portal\/wp-json\/wp\/v2\/pages\/2082\/revisions"}],"predecessor-version":[{"id":4185,"href":"https:\/\/www.ssccalameda.cl\/portal\/wp-json\/wp\/v2\/pages\/2082\/revisions\/4185"}],"wp:attachment":[{"href":"https:\/\/www.ssccalameda.cl\/portal\/wp-json\/wp\/v2\/media?parent=2082"}],"curies":[{"name":"wp","href":"https:\/\/api.w.org\/{rel}","templated":true}]}}