{"id":4238,"date":"2020-11-20T18:02:42","date_gmt":"2020-11-20T21:02:42","guid":{"rendered":"http:\/\/www.ssccalameda.cl\/portal\/?page_id=4238"},"modified":"2022-04-26T10:48:27","modified_gmt":"2022-04-26T14:48:27","slug":"grupo-scout-dionisio-le-manchec","status":"publish","type":"page","link":"https:\/\/www.ssccalameda.cl\/portal\/grupo-scout-dionisio-le-manchec\/","title":{"rendered":"GRUPO SCOUT DIONISIO LE MANCHEC"},"content":{"rendered":"\n<figure class=\"wp-block-table\"><table><tbody><tr><td class=\"has-text-align-right\" data-align=\"right\">Responsable de grupo<\/td><td><strong>Javiera Casta\u00f1eda Salinas<\/strong><\/td><\/tr><tr><td class=\"has-text-align-right\" data-align=\"right\">Asistente de grupo<\/td><td><strong>Rodrigo Astudillo<\/strong><\/td><\/tr><tr><td class=\"has-text-align-right\" data-align=\"right\">Encargada de programa<\/td><td><strong>Beatriz Luna<\/strong><\/td><\/tr><tr><td class=\"has-text-align-right\" data-align=\"right\">Encargada de comunicaciones<\/td><td><strong>Valentina Gonz\u00e1lez<\/strong><\/td><\/tr><tr><td class=\"has-text-align-right\" data-align=\"right\">Encargada de materiales<\/td><td><strong>Francisca Valdovinos<\/strong><\/td><\/tr><tr><td class=\"has-text-align-right\" data-align=\"right\">Encargada de Finanzas<\/td><td><strong>Martina Benavente<\/strong><\/td><\/tr><tr><td class=\"has-text-align-right\" data-align=\"right\"><strong>Contacto<\/strong><\/td><td>gruposcoutss.cc@gmail.com<\/td><\/tr><tr><td class=\"has-text-align-right\" data-align=\"right\"><strong>Instagram<\/strong><\/td><td>@rpdionisiolemanchec<\/td><\/tr><\/tbody><\/table><\/figure>\n\n\n\n<p><a rel=\"noreferrer noopener\" href=\"http:\/\/www.ssccalameda.cl\/portal\/wp-content\/uploads\/2020\/01\/20_ProtocolodeabusosScout.pdf\" target=\"_blank\">PROTOCOLO DE PREVENCI\u00d3N Y SANCI\u00d3N DE ABUSO Y VIOLENCIA SEXUAL DEL GRUPO SCOUT DIONISIO LE MANCHEC<\/a><\/p>\n\n\n\n<p><a rel=\"noreferrer noopener\" href=\"http:\/\/www.ssccalameda.cl\/portal\/wp-content\/uploads\/2020\/01\/Toma-conocimiento.pdf\" target=\"_blank\">DOCUMENTO TOMA DE CONOCIMIENTO PROTOCOLO DE PREVENCI\u00d3N DE ABUSO Y VIOLENACIA SEXUAL<\/a><\/p>\n\n\n\n<p><a href=\"http:\/\/www.ssccalameda.cl\/portal\/wp-content\/uploads\/2020\/01\/Ficha-me%CC%81dica-beneficiarios.pdf\" target=\"_blank\" rel=\"noreferrer noopener\">FICHA M\u00c9DICA<\/a><\/p>\n\n\n\n<p><\/p>\n\n\n\n<p><\/p>\n","protected":false},"excerpt":{"rendered":"<p>Responsable de grupoJaviera Casta\u00f1eda SalinasAsistente de grupoRodrigo AstudilloEncargada de programaBeatriz LunaEncargada de comunicacionesValentina Gonz\u00e1lezEncargada de materialesFrancisca ValdovinosEncargada de FinanzasMartina BenaventeContactogruposcoutss.cc@gmail.comInstagram@rpdionisiolemanchec PROTOCOLO DE PREVENCI\u00d3N Y SANCI\u00d3N DE ABUSO Y VIOLENCIA SEXUAL DEL GRUPO SCOUT DIONISIO LE MANCHEC DOCUMENTO TOMA DE CONOCIMIENTO PROTOCOLO DE PREVENCI\u00d3N DE ABUSO Y VIOLENACIA SEXUAL FICHA M\u00c9DICA<\/p>\n","protected":false},"author":1,"featured_media":0,"parent":0,"menu_order":0,"comment_status":"closed","ping_status":"closed","template":"","meta":{"footnotes":""},"_links":{"self":[{"href":"https:\/\/www.ssccalameda.cl\/portal\/wp-json\/wp\/v2\/pages\/4238"}],"collection":[{"href":"https:\/\/www.ssccalameda.cl\/portal\/wp-json\/wp\/v2\/pages"}],"about":[{"href":"https:\/\/www.ssccalameda.cl\/portal\/wp-json\/wp\/v2\/types\/page"}],"author":[{"embeddable":true,"href":"https:\/\/www.ssccalameda.cl\/portal\/wp-json\/wp\/v2\/users\/1"}],"replies":[{"embeddable":true,"href":"https:\/\/www.ssccalameda.cl\/portal\/wp-json\/wp\/v2\/comments?post=4238"}],"version-history":[{"count":1,"href":"https:\/\/www.ssccalameda.cl\/portal\/wp-json\/wp\/v2\/pages\/4238\/revisions"}],"predecessor-version":[{"id":8595,"href":"https:\/\/www.ssccalameda.cl\/portal\/wp-json\/wp\/v2\/pages\/4238\/revisions\/8595"}],"wp:attachment":[{"href":"https:\/\/www.ssccalameda.cl\/portal\/wp-json\/wp\/v2\/media?parent=4238"}],"curies":[{"name":"wp","href":"https:\/\/api.w.org\/{rel}","templated":true}]}}