{"id":4249,"date":"2020-11-24T13:15:39","date_gmt":"2020-11-24T16:15:39","guid":{"rendered":"http:\/\/www.ssccalameda.cl\/portal\/?page_id=4249"},"modified":"2023-01-20T17:16:58","modified_gmt":"2023-01-20T20:16:58","slug":"primeros-auxilios","status":"publish","type":"page","link":"https:\/\/www.ssccalameda.cl\/portal\/primeros-auxilios\/","title":{"rendered":"Primeros Auxilios"},"content":{"rendered":"\n<p><strong><a href=\"http:\/\/www.ssccalameda.cl\/portal\/wp-content\/uploads\/2023\/01\/19.01.23-FINAL-PROCEDIMIENTO-SALA-PRIMEROS-AUXILIOS.pdf\">Procedimiento de atenci\u00f3n y funcionamiento sala de primeros auxilios\u00a0Colegio SSCC Alameda<\/a>\u00a0<\/strong><\/p>\n\n\n\n<figure class=\"wp-block-image size-large\"><img loading=\"lazy\" decoding=\"async\" width=\"790\" height=\"1024\" src=\"http:\/\/www.ssccalameda.cl\/portal\/wp-content\/uploads\/2022\/08\/apoderados_15_page-0001-790x1024.jpg\" alt=\"\" class=\"wp-image-9949\" srcset=\"https:\/\/www.ssccalameda.cl\/portal\/wp-content\/uploads\/2022\/08\/apoderados_15_page-0001-790x1024.jpg 790w, https:\/\/www.ssccalameda.cl\/portal\/wp-content\/uploads\/2022\/08\/apoderados_15_page-0001-232x300.jpg 232w, https:\/\/www.ssccalameda.cl\/portal\/wp-content\/uploads\/2022\/08\/apoderados_15_page-0001-768x995.jpg 768w, https:\/\/www.ssccalameda.cl\/portal\/wp-content\/uploads\/2022\/08\/apoderados_15_page-0001-1185x1536.jpg 1185w, https:\/\/www.ssccalameda.cl\/portal\/wp-content\/uploads\/2022\/08\/apoderados_15_page-0001-1581x2048.jpg 1581w, https:\/\/www.ssccalameda.cl\/portal\/wp-content\/uploads\/2022\/08\/apoderados_15_page-0001-scaled.jpg 1976w\" sizes=\"(max-width: 790px) 100vw, 790px\" \/><\/figure>\n\n\n\n<figure class=\"wp-block-image size-large\"><img loading=\"lazy\" decoding=\"async\" width=\"1024\" height=\"790\" src=\"http:\/\/www.ssccalameda.cl\/portal\/wp-content\/uploads\/2022\/08\/PRIMEROS-AUXILIOS_15_page-0001-1024x790.jpg\" alt=\"\" class=\"wp-image-9947\" srcset=\"https:\/\/www.ssccalameda.cl\/portal\/wp-content\/uploads\/2022\/08\/PRIMEROS-AUXILIOS_15_page-0001-1024x790.jpg 1024w, https:\/\/www.ssccalameda.cl\/portal\/wp-content\/uploads\/2022\/08\/PRIMEROS-AUXILIOS_15_page-0001-300x232.jpg 300w, https:\/\/www.ssccalameda.cl\/portal\/wp-content\/uploads\/2022\/08\/PRIMEROS-AUXILIOS_15_page-0001-768x593.jpg 768w, https:\/\/www.ssccalameda.cl\/portal\/wp-content\/uploads\/2022\/08\/PRIMEROS-AUXILIOS_15_page-0001-1536x1185.jpg 1536w, https:\/\/www.ssccalameda.cl\/portal\/wp-content\/uploads\/2022\/08\/PRIMEROS-AUXILIOS_15_page-0001-2048x1581.jpg 2048w\" sizes=\"(max-width: 1024px) 100vw, 1024px\" \/><\/figure>\n\n\n\n<p style=\"font-size:28px\"><strong>Resumen de atenciones<\/strong><\/p>\n\n\n\n<div class=\"wp-block-file\"><a href=\"http:\/\/www.ssccalameda.cl\/portal\/wp-content\/uploads\/2022\/10\/SS.CC-Alameda-Sep22-1.pdf\"><img loading=\"lazy\" decoding=\"async\" width=\"2418\" height=\"1194\" class=\"wp-image-12051\" style=\"width: 600px;\" src=\"http:\/\/www.ssccalameda.cl\/portal\/wp-content\/uploads\/2023\/01\/Captura-de-Pantalla-2023-01-20-a-las-17.00.20.png\" alt=\"\" srcset=\"https:\/\/www.ssccalameda.cl\/portal\/wp-content\/uploads\/2023\/01\/Captura-de-Pantalla-2023-01-20-a-las-17.00.20.png 2418w, https:\/\/www.ssccalameda.cl\/portal\/wp-content\/uploads\/2023\/01\/Captura-de-Pantalla-2023-01-20-a-las-17.00.20-300x148.png 300w, https:\/\/www.ssccalameda.cl\/portal\/wp-content\/uploads\/2023\/01\/Captura-de-Pantalla-2023-01-20-a-las-17.00.20-1024x506.png 1024w, https:\/\/www.ssccalameda.cl\/portal\/wp-content\/uploads\/2023\/01\/Captura-de-Pantalla-2023-01-20-a-las-17.00.20-768x379.png 768w, https:\/\/www.ssccalameda.cl\/portal\/wp-content\/uploads\/2023\/01\/Captura-de-Pantalla-2023-01-20-a-las-17.00.20-1536x758.png 1536w, https:\/\/www.ssccalameda.cl\/portal\/wp-content\/uploads\/2023\/01\/Captura-de-Pantalla-2023-01-20-a-las-17.00.20-2048x1011.png 2048w\" sizes=\"(max-width: 2418px) 100vw, 2418px\" \/><br><img loading=\"lazy\" decoding=\"async\" width=\"2418\" height=\"1258\" class=\"wp-image-12053\" style=\"width: 600px;\" src=\"http:\/\/www.ssccalameda.cl\/portal\/wp-content\/uploads\/2023\/01\/Captura-de-Pantalla-2023-01-20-a-las-17.00.28.png\" alt=\"\" srcset=\"https:\/\/www.ssccalameda.cl\/portal\/wp-content\/uploads\/2023\/01\/Captura-de-Pantalla-2023-01-20-a-las-17.00.28.png 2418w, https:\/\/www.ssccalameda.cl\/portal\/wp-content\/uploads\/2023\/01\/Captura-de-Pantalla-2023-01-20-a-las-17.00.28-300x156.png 300w, https:\/\/www.ssccalameda.cl\/portal\/wp-content\/uploads\/2023\/01\/Captura-de-Pantalla-2023-01-20-a-las-17.00.28-1024x533.png 1024w, https:\/\/www.ssccalameda.cl\/portal\/wp-content\/uploads\/2023\/01\/Captura-de-Pantalla-2023-01-20-a-las-17.00.28-768x400.png 768w, https:\/\/www.ssccalameda.cl\/portal\/wp-content\/uploads\/2023\/01\/Captura-de-Pantalla-2023-01-20-a-las-17.00.28-1536x799.png 1536w, https:\/\/www.ssccalameda.cl\/portal\/wp-content\/uploads\/2023\/01\/Captura-de-Pantalla-2023-01-20-a-las-17.00.28-2048x1066.png 2048w\" sizes=\"(max-width: 2418px) 100vw, 2418px\" \/><br><img loading=\"lazy\" decoding=\"async\" width=\"2412\" height=\"1264\" class=\"wp-image-12054\" style=\"width: 600px;\" src=\"http:\/\/www.ssccalameda.cl\/portal\/wp-content\/uploads\/2023\/01\/Captura-de-Pantalla-2023-01-20-a-las-17.00.34.png\" alt=\"\" srcset=\"https:\/\/www.ssccalameda.cl\/portal\/wp-content\/uploads\/2023\/01\/Captura-de-Pantalla-2023-01-20-a-las-17.00.34.png 2412w, https:\/\/www.ssccalameda.cl\/portal\/wp-content\/uploads\/2023\/01\/Captura-de-Pantalla-2023-01-20-a-las-17.00.34-300x157.png 300w, https:\/\/www.ssccalameda.cl\/portal\/wp-content\/uploads\/2023\/01\/Captura-de-Pantalla-2023-01-20-a-las-17.00.34-1024x537.png 1024w, https:\/\/www.ssccalameda.cl\/portal\/wp-content\/uploads\/2023\/01\/Captura-de-Pantalla-2023-01-20-a-las-17.00.34-768x402.png 768w, https:\/\/www.ssccalameda.cl\/portal\/wp-content\/uploads\/2023\/01\/Captura-de-Pantalla-2023-01-20-a-las-17.00.34-1536x805.png 1536w, https:\/\/www.ssccalameda.cl\/portal\/wp-content\/uploads\/2023\/01\/Captura-de-Pantalla-2023-01-20-a-las-17.00.34-2048x1073.png 2048w\" sizes=\"(max-width: 2412px) 100vw, 2412px\" \/><br><img loading=\"lazy\" decoding=\"async\" width=\"2378\" height=\"1178\" class=\"wp-image-12055\" style=\"width: 600px;\" src=\"http:\/\/www.ssccalameda.cl\/portal\/wp-content\/uploads\/2023\/01\/Captura-de-Pantalla-2023-01-20-a-las-17.00.42.png\" alt=\"\" srcset=\"https:\/\/www.ssccalameda.cl\/portal\/wp-content\/uploads\/2023\/01\/Captura-de-Pantalla-2023-01-20-a-las-17.00.42.png 2378w, https:\/\/www.ssccalameda.cl\/portal\/wp-content\/uploads\/2023\/01\/Captura-de-Pantalla-2023-01-20-a-las-17.00.42-300x149.png 300w, https:\/\/www.ssccalameda.cl\/portal\/wp-content\/uploads\/2023\/01\/Captura-de-Pantalla-2023-01-20-a-las-17.00.42-1024x507.png 1024w, https:\/\/www.ssccalameda.cl\/portal\/wp-content\/uploads\/2023\/01\/Captura-de-Pantalla-2023-01-20-a-las-17.00.42-768x380.png 768w, https:\/\/www.ssccalameda.cl\/portal\/wp-content\/uploads\/2023\/01\/Captura-de-Pantalla-2023-01-20-a-las-17.00.42-1536x761.png 1536w, https:\/\/www.ssccalameda.cl\/portal\/wp-content\/uploads\/2023\/01\/Captura-de-Pantalla-2023-01-20-a-las-17.00.42-2048x1015.png 2048w\" sizes=\"(max-width: 2378px) 100vw, 2378px\" \/><br><br>Ver informe<\/a><a href=\"http:\/\/www.ssccalameda.cl\/portal\/wp-content\/uploads\/2022\/10\/SS.CC-Alameda-Sep22-1.pdf\" class=\"wp-block-file__button\" download>PULSE AQU\u00cd<\/a><\/div>\n\n\n\n<p><a href=\"http:\/\/www.ssccalameda.cl\/portal\/wp-content\/uploads\/2022\/04\/FICHA-DE-SALUD-COLEGIO-SSCC-ALAMEDA_2022.docx\" data-type=\"URL\" data-id=\"http:\/\/www.ssccalameda.cl\/portal\/wp-content\/uploads\/2022\/04\/FICHA-DE-SALUD-COLEGIO-SSCC-ALAMEDA_2022.docx\" target=\"_blank\" rel=\"noreferrer noopener\">Ficha de Salud de estudiantes 2022<\/a><\/p>\n\n\n\n<p>Para acceder a la informaci\u00f3n  los protocolos asociados a la contingencia sanitaria, pinche <a rel=\"noreferrer noopener\" href=\"http:\/\/www.ssccalameda.cl\/portal\/plan-retorno\/\" data-type=\"URL\" data-id=\"http:\/\/www.ssccalameda.cl\/portal\/plan-retorno\/\" target=\"_blank\">aqu\u00ed.<\/a><\/p>\n","protected":false},"excerpt":{"rendered":"<p>Procedimiento de atenci\u00f3n y funcionamiento sala de primeros auxilios\u00a0Colegio SSCC Alameda\u00a0 Resumen de atenciones Ver informePULSE AQU\u00cd Ficha de Salud de estudiantes 2022 Para acceder a la informaci\u00f3n los protocolos asociados a la contingencia sanitaria, pinche aqu\u00ed.<\/p>\n","protected":false},"author":1,"featured_media":0,"parent":0,"menu_order":0,"comment_status":"closed","ping_status":"closed","template":"","meta":{"footnotes":""},"_links":{"self":[{"href":"https:\/\/www.ssccalameda.cl\/portal\/wp-json\/wp\/v2\/pages\/4249"}],"collection":[{"href":"https:\/\/www.ssccalameda.cl\/portal\/wp-json\/wp\/v2\/pages"}],"about":[{"href":"https:\/\/www.ssccalameda.cl\/portal\/wp-json\/wp\/v2\/types\/page"}],"author":[{"embeddable":true,"href":"https:\/\/www.ssccalameda.cl\/portal\/wp-json\/wp\/v2\/users\/1"}],"replies":[{"embeddable":true,"href":"https:\/\/www.ssccalameda.cl\/portal\/wp-json\/wp\/v2\/comments?post=4249"}],"version-history":[{"count":1,"href":"https:\/\/www.ssccalameda.cl\/portal\/wp-json\/wp\/v2\/pages\/4249\/revisions"}],"predecessor-version":[{"id":12057,"href":"https:\/\/www.ssccalameda.cl\/portal\/wp-json\/wp\/v2\/pages\/4249\/revisions\/12057"}],"wp:attachment":[{"href":"https:\/\/www.ssccalameda.cl\/portal\/wp-json\/wp\/v2\/media?parent=4249"}],"curies":[{"name":"wp","href":"https:\/\/api.w.org\/{rel}","templated":true}]}}