{"id":5062,"date":"2021-04-20T16:29:27","date_gmt":"2021-04-20T20:29:27","guid":{"rendered":"http:\/\/www.ssccalameda.cl\/portal\/?page_id=5062"},"modified":"2021-04-28T08:50:35","modified_gmt":"2021-04-28T12:50:35","slug":"educacion-superior","status":"publish","type":"page","link":"https:\/\/www.ssccalameda.cl\/portal\/educacion-superior\/","title":{"rendered":"Educaci\u00f3n Superior"},"content":{"rendered":"\n<p><strong>En este espacio encontrar\u00e1s informaci\u00f3n \u00fatil para tu proceso de postulaci\u00f3n a la educaci\u00f3n superior.<\/strong><\/p>\n\n\n<style id=\"sp_tab_dynamic_style5093\">#sp-tabpro-wrapper_5093.sp-tab__lay-default .sp-tab__tab-content {width: 100%;}#sp-tabpro-wrapper_5093 .animated {-webkit-animation-duration: 500ms;animation-duration: 500ms;}#sp-wp-tabs-wrapper_5093 .sp-tab__nav {justify-content: start;}#sp-wp-tabs-wrapper_5093.sp-tab__lay-default.sp-tab__horizontal-bottom {display: flex;flex-direction: column-reverse;}#sp-wp-tabs-wrapper_5093.sp-tab__lay-default.sp-tab__horizontal-bottom > ul {border-top: 1px solid #cccccc;border-bottom: 0;margin-top: 0;}#sp-wp-tabs-wrapper_5093.sp-tab__lay-default.sp-tab__horizontal-bottom > ul > li label.sp-tab__active {border-color: transparent #cccccc#cccccc;margin-top: -1px;}#sp-wp-tabs-wrapper_5093.sp-tab__lay-default.sp-tab__horizontal-bottom > ul > li label,#sp-wp-tabs-wrapper_5093.sp-tab__lay-default.sp-tab__horizontal-bottom > ul > li a,#sp-wp-tabs-wrapper_5093.sp-tab__lay-default.sp-tab__horizontal-bottom > ul > .sp-tab__nav-item {border-top: 0;border-top-left-radius: 0;border-top-right-radius: 0;border-bottom-left-radius: 2px;border-bottom-right-radius: 2px;}#sp-wp-tabs-wrapper_5093.sp-tab__lay-default.sp-tab__horizontal-bottom > ul {border-bottom: none;}#sp-wp-tabs-wrapper_5093.sp-tab__lay-default.sp-tab__horizontal-bottom .sp-tab__tab-content .sp-tab__tab-pane {border-top: 1px solid #cccccc;border-bottom: 0;}#sp-wp-tabs-wrapper_5093.sp-tab__lay-default .sp-tab__tab-content .sp-tab-content > ul,#sp-wp-tabs-wrapper_5093.sp-tab__lay-default .sp-tab__tab-content .sp-tab-content > ol {border-bottom: none;}#sp-wp-tabs-wrapper_5093 > .sp-tab__nav-tabs .sp-tab__nav-link.sp-tab__active .sp-tab__tab_title,#sp-wp-tabs-wrapper_5093.sp-tab__lay-default label > .sp-tab__card-header {color: #444;}#sp-wp-tabs-wrapper_5093 > .sp-tab__nav-tabs > .sp-tab__nav-item.show .sp-tab__nav-link,#sp-wp-tabs-wrapper_5093 > .sp-tab__nav-tabs > .sp-tab__nav-item .sp-tab__nav-link.sp-tab__active,#sp-wp-tabs-wrapper_5093.sp-tab__lay-default label > .sp-tab__card-header {background-color: #fff;}#sp-wp-tabs-wrapper_5093 .sp-tab__nav-tabs .sp-tab__nav-item.show .sp-tab__nav-link,#sp-wp-tabs-wrapper_5093.sp-tab__lay-default ul li label.sp-tab__active {border-color: #cccccc#cccccc transparent;}#sp-wp-tabs-wrapper_5093.sp-tab__lay-default > ul > li > label,#sp-wp-tabs-wrapper_5093.sp-tab__lay-default > ul > li > a {cursor: pointer;border-color: #cccccc;padding-top: 15px;padding-right: 15px;padding-bottom: 15px;padding-left: 15px;}#sp-wp-tabs-wrapper_5093 > .sp-tab__nav-tabs .sp-tab__nav-link {border: 1px solid #cccccc;height: 100%;}#sp-wp-tabs-wrapper_5093.sp-tab__lay-default > ul > li label,#sp-wp-tabs-wrapper_5093.sp-tab__lay-default > ul > li a,#sp-wp-tabs-wrapper_5093.sp-tab__lay-default > ul > .sp-tab__nav-item {border-top-left-radius: 2px;border-top-right-radius: 2px;}#sp-wp-tabs-wrapper_5093 .sp-tab__nav-tabs .sp-tab__nav-item {margin-bottom: -1px; }#sp-wp-tabs-wrapper_5093.sp-tab__lay-default > ul .sp-tab__nav-item,#sp-wp-tabs-wrapper_5093.sp-tab__lay-default label.collapsed > .sp-tab__card-header {background-color: #eee;}#sp-wp-tabs-wrapper_5093.sp-tab__lay-default > ul .sp-tab__nav-item {margin-right: 10px;margin-top: 5px;}#sp-wp-tabs-wrapper_5093.sp-tab__lay-default > ul .sp-tab__nav-item label:hover .sp-tab__tab_title,#sp-wp-tabs-wrapper_5093.sp-tab__lay-default > ul .sp-tab__nav-item a:hover .sp-tab__tab_title,#sp-wp-tabs-wrapper_5093.sp-tab__lay-default label.collapsed .sp-tab__card-header:hover {color: #444;transition: .3s;}#sp-wp-tabs-wrapper_5093.sp-tab__lay-default > ul .sp-tab__nav-item:hover,#sp-wp-tabs-wrapper_5093.sp-tab__lay-default label.collapsed > .sp-tab__card-header:hover {background-color: #fff;}#sp-wp-tabs-wrapper_5093.sp-tab__lay-default > ul .sp-tab__nav-item:last-child {margin-right: 0;}#sp-wp-tabs-wrapper_5093.sp-tab__lay-default > .sp-tab__tab-content .sp-tab__tab-pane {border: 1px solid #cccccc;padding-top: 20px;padding-right: 20px;padding-bottom: 20px;padding-left: 20px;border-top: 0px;background-color: #ffffff;}#sp-wp-tabs-wrapper_5093.sp-tab__lay-default > ul {border-bottom: 1px solid #cccccc;}@media(max-width:480px) {#sp-wp-tabs-wrapper_5093.sp-tab__lay-default > ul li.sp-tab__nav-item {width: 100%;margin-right: 0px;}#sp-wp-tabs-wrapper_5093.sp-tab__lay-default > ul li.sp-tab__nav-item:last-child {margin-bottom: -1px;}}#poststuff h2.sp-tab__section_title_5093, h2.sp-tab__section_title_5093 ,.editor-styles-wrapper .wp-block h2.sp-tab__section_title_5093{margin-bottom: 30px !important;font-weight: 600;font-style: normal;font-size: 28px;line-height: 28px;letter-spacing: 0px;padding: 0;color: #444444;}#sp-wp-tabs-wrapper_5093.sp-tab__lay-default > ul .sp-tab__nav-item .sp-tab__tab_title,#sp-wp-tabs-wrapper_5093.sp-tab__lay-default label > .sp-tab__card-header {font-weight: 600;font-style: normal;font-size: 16px;line-height: 22px;letter-spacing: 0px;color: #444;margin: 0px;}#sp-wp-tabs-wrapper_5093.sp-tab__lay-default > .sp-tab__tab-content .sp-tab__tab-pane {font-weight: 400;font-style: normal;font-size: 16px;line-height: 24px;letter-spacing: 0px;color: #444;}#sp-wp-tabs-wrapper_5093.sp-tab__lay-default > .sp-tab__tab-content .sp-tab__tab-pane ul li a, #sp-wp-tabs-wrapper_5093.sp-tab__lay-default .sp-tab__tab-content .sp-tab__tab-pane ol li a {color: #444;}<\/style>\t<h2 class=\"sp-tab__section_title_5093\"> Accesos<\/h2>\n\t\t\t<div id=\"sp-wp-tabs-wrapper_5093\" class=\"sp-tab__lay-default\" data-preloader=\"1\" data-activemode=\"tabs-activator-event-click\">\n\t\t\t<div class=\"sp-tab__preloader\">\n\t\t<div class=\"sp-tab__spinner\">\n\t\t\t<div class=\"rect1\"><\/div>\n\t\t\t<div class=\"rect2\"><\/div>\n\t\t\t<div class=\"rect3\"><\/div>\n\t\t\t<div class=\"rect4\"><\/div>\n\t\t\t<div class=\"rect5\"><\/div>\n\t\t<\/div>\n\t<\/div>\n\t<ul class=\"sp-tab__nav sp-tab__nav-tabs\" id=\"sp-tab__ul\" role=\"tablist\">\n\t\t\t\t<li class=\"sp-tab__nav-item\" role=\"tab\">\n\t\t\t\t<label class=\"sp-tab__nav-link sp-tab__active\" data-sptoggle=\"tab\" for=\"#tab-50931\" role=\"tab\" aria-controls=tab-50931 aria-selected=true tabindex=0>\n\t\t\t\t\t<span class=\"tab_title_area\"><H4 class=\"sp-tab__tab_title\">Fechas importantes<\/H4><\/span>\n\t\t\t\t<\/label>\n\t\t\t<\/li>\n\t\t\t\t\t\t<li class=\"sp-tab__nav-item\" role=\"tab\">\n\t\t\t\t<label class=\"sp-tab__nav-link\" data-sptoggle=\"tab\" for=\"#tab-50932\" role=\"tab\" aria-controls=tab-50932 aria-selected=true tabindex=0>\n\t\t\t\t\t<span class=\"tab_title_area\"><H4 class=\"sp-tab__tab_title\">Recursos<\/H4><\/span>\n\t\t\t\t<\/label>\n\t\t\t<\/li>\n\t\t\t\t\t\t<li class=\"sp-tab__nav-item\" role=\"tab\">\n\t\t\t\t<label class=\"sp-tab__nav-link\" data-sptoggle=\"tab\" for=\"#tab-50933\" role=\"tab\" aria-controls=tab-50933 aria-selected=true tabindex=0>\n\t\t\t\t\t<span class=\"tab_title_area\"><H4 class=\"sp-tab__tab_title\">Actividades<\/H4><\/span>\n\t\t\t\t<\/label>\n\t\t\t<\/li>\n\t\t\t<\/ul>\n<div class=\"sp-tab__tab-content\">\n\t\t\t\t<div id=\"tab-50931\" class=\"sp-tab__tab-pane sp-tab__show sp-tab__active\" role=\"tabpanel\">\n\t\t\t\t\t<div class=\"sp-tab-content animated fadeIn\"><p>\u00a0<\/p>\n<p><a href=\"http:\/\/www.ssccalameda.cl\/portal\/wp-content\/uploads\/2022\/10\/WhatsApp-Image-2022-10-17-at-5.34.11-PM.jpeg\"><img loading=\"lazy\" decoding=\"async\" class=\"alignnone size-medium wp-image-10708\" src=\"http:\/\/www.ssccalameda.cl\/portal\/wp-content\/uploads\/2022\/10\/WhatsApp-Image-2022-10-17-at-5.34.11-PM-300x300.jpeg\" alt=\"\" width=\"300\" height=\"300\" srcset=\"https:\/\/www.ssccalameda.cl\/portal\/wp-content\/uploads\/2022\/10\/WhatsApp-Image-2022-10-17-at-5.34.11-PM-300x300.jpeg 300w, https:\/\/www.ssccalameda.cl\/portal\/wp-content\/uploads\/2022\/10\/WhatsApp-Image-2022-10-17-at-5.34.11-PM-1024x1024.jpeg 1024w, https:\/\/www.ssccalameda.cl\/portal\/wp-content\/uploads\/2022\/10\/WhatsApp-Image-2022-10-17-at-5.34.11-PM-150x150.jpeg 150w, https:\/\/www.ssccalameda.cl\/portal\/wp-content\/uploads\/2022\/10\/WhatsApp-Image-2022-10-17-at-5.34.11-PM-768x768.jpeg 768w, https:\/\/www.ssccalameda.cl\/portal\/wp-content\/uploads\/2022\/10\/WhatsApp-Image-2022-10-17-at-5.34.11-PM.jpeg 1080w\" sizes=\"(max-width: 300px) 100vw, 300px\" \/><\/a><\/p>\n<p>Toda la informaci\u00f3n <a href=\"https:\/\/demre.cl\/calendario\/\" target=\"_blank\" rel=\"noopener\">aqu\u00ed<\/a><\/p>\n<p>\u00a0<\/p>\n<p><a href=\"http:\/\/www.ssccalameda.cl\/portal\/wp-content\/uploads\/2022\/07\/WhatsApp-Image-2022-07-07-at-9.43.49-AM.jpeg\"><img loading=\"lazy\" decoding=\"async\" class=\"alignnone size-medium wp-image-9508\" src=\"http:\/\/www.ssccalameda.cl\/portal\/wp-content\/uploads\/2022\/07\/WhatsApp-Image-2022-07-07-at-9.43.49-AM-253x300.jpeg\" alt=\"\" width=\"253\" height=\"300\" srcset=\"https:\/\/www.ssccalameda.cl\/portal\/wp-content\/uploads\/2022\/07\/WhatsApp-Image-2022-07-07-at-9.43.49-AM-253x300.jpeg 253w, https:\/\/www.ssccalameda.cl\/portal\/wp-content\/uploads\/2022\/07\/WhatsApp-Image-2022-07-07-at-9.43.49-AM.jpeg 718w\" sizes=\"(max-width: 253px) 100vw, 253px\" \/><\/a><\/p>\n<p><a href=\"http:\/\/www.ssccalameda.cl\/portal\/wp-content\/uploads\/2022\/05\/Newsletter-No2-2022.pdf\" target=\"_blank\" rel=\"noopener\">Ver calendario PAES 2023<\/a><\/p>\n<p>28 de noviembre 2022: Rendici\u00f3n PAES, d\u00eda 1.<\/p>\n<p>29 de noviembre 2022: Rendici\u00f3n PAES, d\u00eda 2.<\/p>\n<p>30 de noviembre 2022: Rendici\u00f3n PAES, d\u00eda 3.<\/p>\n<p>3 de enero 2023: Resultado PAES e inicio de etapa de postulaciones.<\/p>\n<p>6 de enero 2023: Cierre etapa de postulaciones.<\/p>\n<p>17 de enero 2023: Resultados del proceso de selecci\u00f3n.<\/p>\n<p>18 de enero 2023: Inicio de la primera etapa del proceso matr\u00edcula.<\/p>\n<p>20 de enero 2023: Cierre de la primera etapa del proceso matr\u00edcula.<\/p>\n<p>21 de enero 2023: Inicio de la segunda etapa del proceso matr\u00edcula.<\/p>\n<p>27\u00a0 de enero 2023: Cierre de la segunda etapa del proceso matr\u00edcula.<\/p>\n<\/div>\n\t\t\t\t<\/div>\n\t\t\t\t\t\t\t\t<div id=\"tab-50932\" class=\"sp-tab__tab-pane \" role=\"tabpanel\">\n\t\t\t\t\t<div class=\"sp-tab-content animated fadeIn\"><h2><strong>10 cosas que debes saber sobre la PAES<\/strong><\/h2>\n<p><a href=\"https:\/\/demre.cl\/noticias\/2022-08-04-10-cosas-debes-saber-sobre-paes\" target=\"_blank\" rel=\"noopener\">Lee aqu\u00ed<\/a><\/p>\n<h2><strong>Nem y R\u00e1nking PAES\u00a0 SSCC Alameda<\/strong><\/h2>\n<p><a href=\"http:\/\/www.ssccalameda.cl\/portal\/wp-content\/uploads\/2022\/05\/Colegio-SSCC-Alameda-Tablas-NEM-Ranking-Puntaje-PAES.pdf\" target=\"_blank\" rel=\"noopener\">Ver tablas.<\/a><\/p>\n<h2><strong>Tablas de Conversi\u00f3n - Proceso de Admisi\u00f3n 2023<\/strong><\/h2>\n<p>A partir del Proceso de Admisi\u00f3n 2023, la escala de puntajes cambiar\u00e1, siendo reemplazada la escala de 150 a 850 por otra que va de los 100 a los 1.000 puntos.<\/p>\n<p>Esto se debe a que, al implementarse dos aplicaciones de prueba al a\u00f1o (PDT de Invierno y PAES, a fin de a\u00f1o), y como es necesario hacer equivalentes todos esos puntajes, hubo que cambiar la metodolog\u00eda de c\u00e1lculo de puntajes y expresarlos en una nueva escala, m\u00e1s precisa y acorde a los cambios que se est\u00e1n llevando a cabo.<\/p>\n<p>Para conocer cada una de las equivalencias de puntajes, presiona <a href=\"https:\/\/demre.cl\/proceso-admision\/factores-seleccion\/tabla-conversion\" target=\"_blank\" rel=\"noopener\">aqu\u00ed<\/a><\/p>\n<\/div>\n\t\t\t\t<\/div>\n\t\t\t\t\t\t\t\t<div id=\"tab-50933\" class=\"sp-tab__tab-pane \" role=\"tabpanel\">\n\t\t\t\t\t<div class=\"sp-tab-content animated fadeIn\"><h2>Modelos de Prueba Proceso de Admisi\u00f3n 2023<\/h2>\n<p>DEMRE tiene disposici\u00f3n de todos(as) los(as) postulantes los modelos de prueba y resoluciones. Cada modelo fue creado seg\u00fan temario del respectivo Proceso de Admisi\u00f3n.<\/p>\n<p>Todos los documentos est\u00e1n disponibles para su <a href=\"https:\/\/demre.cl\/publicaciones\/modelos-resoluciones-pruebas\" target=\"_blank\" rel=\"noopener\">descarga en formato PDF.<\/a><\/p>\n<\/div>\n\t\t\t\t<\/div>\n\t\t\t\t<\/div>\n\t\t<\/div>\n\t\t\n\n\n\n<figure class=\"wp-block-table\"><table><tbody><tr><td>    <a rel=\"noreferrer noopener\" href=\"https:\/\/demre.cl\/\" data-type=\"URL\" data-id=\"https:\/\/demre.cl\/\" target=\"_blank\"><img decoding=\"async\" src=\"http:\/\/www.ssccalameda.cl\/portal\/wp-content\/uploads\/2021\/04\/1.fw_-4.png\" alt=\"\"><\/a>   <a href=\"https:\/\/portal.ingresa.cl\/\" data-type=\"URL\" data-id=\"https:\/\/portal.ingresa.cl\/\"><img decoding=\"async\" src=\"http:\/\/www.ssccalameda.cl\/portal\/wp-content\/uploads\/2021\/04\/3.fw_-5.png\" alt=\"\"><\/a>   <a rel=\"noreferrer noopener\" href=\"https:\/\/www.sesuperior.cl\/\" data-type=\"URL\" data-id=\"https:\/\/www.sesuperior.cl\/\" target=\"_blank\"><img decoding=\"async\" src=\"http:\/\/www.ssccalameda.cl\/portal\/wp-content\/uploads\/2021\/04\/2.fw_-4.png\" alt=\"\"><\/a>   <a rel=\"noreferrer noopener\" href=\"https:\/\/portal.beneficiosestudiantiles.cl\/\" data-type=\"URL\" data-id=\"https:\/\/portal.beneficiosestudiantiles.cl\/\" target=\"_blank\"><img decoding=\"async\" src=\"http:\/\/www.ssccalameda.cl\/portal\/wp-content\/uploads\/2021\/04\/4.fw_-6.png\" alt=\"\"><\/a><br>    <\/td><\/tr><\/tbody><\/table><\/figure>\n\n\n\n<p><\/p>\n","protected":false},"excerpt":{"rendered":"<p>En este espacio encontrar\u00e1s informaci\u00f3n \u00fatil para tu proceso de postulaci\u00f3n a la educaci\u00f3n superior.<\/p>\n","protected":false},"author":1,"featured_media":0,"parent":0,"menu_order":0,"comment_status":"closed","ping_status":"closed","template":"","meta":{"footnotes":""},"_links":{"self":[{"href":"https:\/\/www.ssccalameda.cl\/portal\/wp-json\/wp\/v2\/pages\/5062"}],"collection":[{"href":"https:\/\/www.ssccalameda.cl\/portal\/wp-json\/wp\/v2\/pages"}],"about":[{"href":"https:\/\/www.ssccalameda.cl\/portal\/wp-json\/wp\/v2\/types\/page"}],"author":[{"embeddable":true,"href":"https:\/\/www.ssccalameda.cl\/portal\/wp-json\/wp\/v2\/users\/1"}],"replies":[{"embeddable":true,"href":"https:\/\/www.ssccalameda.cl\/portal\/wp-json\/wp\/v2\/comments?post=5062"}],"version-history":[{"count":1,"href":"https:\/\/www.ssccalameda.cl\/portal\/wp-json\/wp\/v2\/pages\/5062\/revisions"}],"predecessor-version":[{"id":5191,"href":"https:\/\/www.ssccalameda.cl\/portal\/wp-json\/wp\/v2\/pages\/5062\/revisions\/5191"}],"wp:attachment":[{"href":"https:\/\/www.ssccalameda.cl\/portal\/wp-json\/wp\/v2\/media?parent=5062"}],"curies":[{"name":"wp","href":"https:\/\/api.w.org\/{rel}","templated":true}]}}