{"id":5610,"date":"2021-06-04T20:50:36","date_gmt":"2021-06-05T00:50:36","guid":{"rendered":"http:\/\/www.ssccalameda.cl\/portal\/?page_id=5610"},"modified":"2021-12-14T14:51:40","modified_gmt":"2021-12-14T17:51:40","slug":"sgc-2021","status":"publish","type":"page","link":"https:\/\/www.ssccalameda.cl\/portal\/sgc-2021\/","title":{"rendered":"SGC 2021"},"content":{"rendered":"\n<figure class=\"wp-block-table\"><table><tbody><tr><td><strong>PROCESOS VIGENTES<\/strong><\/td><td><strong>REGISTROS Y RESPALDOS VIGENTES<\/strong><strong><\/strong><\/td><\/tr><tr><td><strong>1.- EN PROCESOS CLAVE<\/strong><\/td><td><strong>1.- EN PROCESOS CLAVE<\/strong><\/td><\/tr><tr><td><a href=\"https:\/\/ssccalameda-my.sharepoint.com\/personal\/sgc_ssccalameda_cl\/Documents\/SGC\/Procesos\/Procesos%20clave\/PC01%20-%20Acci%C3%B3n%20Docente?e=5%3a68f0d0f711b84f1fbae9ae7ef2acd28d&amp;at=9\" target=\"_blank\" rel=\"noreferrer noopener\"><strong>PC 01:<\/strong>&nbsp;ACCI\u00d3N DOCENTE<\/a><\/td><td><strong>PC 01:<\/strong>&nbsp;<a href=\"https:\/\/ssccalameda-my.sharepoint.com\/:f:\/r\/personal\/sgc_ssccalameda_cl\/Documents\/SGC\/Registros%20y%20Respaldos\/Procesos%20Clave\/Registros%20PC01%20Acci%C3%B3n%20Docente?csf=1&amp;web=1&amp;e=iV84SM\">ACCI\u00d3N DOCENTE<\/a><\/td><\/tr><tr><td><a href=\"https:\/\/ssccalameda-my.sharepoint.com\/personal\/sgc_ssccalameda_cl\/Documents\/SGC\/Procesos\/Procesos%20clave\/PC02%20-%20Acci%C3%B3n%20de%20Jefatura%20de%20Curso?e=5%3af533fee8b97b46c5806ddbdaf2313325&amp;at=9\" target=\"_blank\" rel=\"noreferrer noopener\"><strong>PC 02:<\/strong>&nbsp;JEFATURA DE CURSO<\/a><\/td><td><strong>PC 02:<\/strong>&nbsp;<a href=\"https:\/\/ssccalameda-my.sharepoint.com\/:f:\/r\/personal\/sgc_ssccalameda_cl\/Documents\/SGC\/Registros%20y%20Respaldos\/Procesos%20Clave\/Registros%20PC02%20Acci%C3%B3n%20de%20Jefatura%20de%20Curso?csf=1&amp;web=1&amp;e=0DttXN\">JEFATURA DE CURSO<\/a><\/td><\/tr><tr><td><a href=\"https:\/\/ssccalameda-my.sharepoint.com\/personal\/sgc_ssccalameda_cl\/Documents\/SGC\/Procesos\/Procesos%20clave\/PC03%20-%20Acci%C3%B3n%20Pastoral?e=5%3ad7b34da1061e4a13a4534a4ce7514061&amp;at=9\" target=\"_blank\" rel=\"noreferrer noopener\"><strong>PC 03:<\/strong>&nbsp;ACCI\u00d3N PASTORAL<\/a><\/td><td><strong>PC 03:<\/strong>&nbsp;<a href=\"https:\/\/ssccalameda-my.sharepoint.com\/:f:\/r\/personal\/sgc_ssccalameda_cl\/Documents\/SGC\/Registros%20y%20Respaldos\/Procesos%20Clave\/Registros%20PC03%20Acci%C3%B3n%20Pastoral?csf=1&amp;web=1&amp;e=DigcsO\">ACCI\u00d3N PASTORAL<\/a><\/td><\/tr><tr><td><a href=\"https:\/\/ssccalameda-my.sharepoint.com\/personal\/sgc_ssccalameda_cl\/Documents\/SGC\/Procesos\/Procesos%20clave\/PC04%20-%20Actividades%20Curriculares%20Complementarias?e=5%3acd3e18e2859e47da8d1a8a8ea4431071&amp;at=9\" target=\"_blank\" rel=\"noreferrer noopener\"><strong>PC 04:&nbsp;<\/strong>ACTIVIDADES CURRICULUM COMPLEMENTARIO<\/a><\/td><td><strong>PC 04:&nbsp;<\/strong>ACTIVIDADES CURRICULUM COMPLEMENTARIO<\/td><\/tr><tr><td><a href=\"https:\/\/ssccalameda-my.sharepoint.com\/personal\/sgc_ssccalameda_cl\/Documents\/SGC\/Procesos\/Procesos%20clave\/PC05%20-%20Gesti%C3%B3n%20de%20la%20Relaci%C3%B3n%20con%20la%20Familia?e=5%3a290930dfc227441189d8f062b889873b&amp;at=9\" target=\"_blank\" rel=\"noreferrer noopener\"><strong>PC 05:<\/strong>&nbsp;RELACI\u00d3N CON LA FAMILIA<\/a><\/td><td><strong>PC 05:<\/strong>&nbsp;<a href=\"https:\/\/ssccalameda-my.sharepoint.com\/:f:\/r\/personal\/sgc_ssccalameda_cl\/Documents\/SGC\/Registros%20y%20Respaldos\/Procesos%20Clave\/Registros%20PC05%20Relaci%C3%B3n%20con%20la%20Familia?csf=1&amp;web=1&amp;e=07oncJ\">RELACI\u00d3N CON LA FAMILIA<\/a><\/td><\/tr><tr><td><a href=\"https:\/\/ssccalameda-my.sharepoint.com\/personal\/sgc_ssccalameda_cl\/Documents\/SGC\/Procesos\/Procesos%20clave\/PC06%20-%20Postulaci%C3%B3n,%20Admisi%C3%B3n%20y%20Matr%C3%ADcula%20Estudiantes%20nuevos?e=5%3a928b73a8a3204edb834877d28e6791bc&amp;at=9\" target=\"_blank\" rel=\"noreferrer noopener\"><strong>PC 06:<\/strong>&nbsp;POSTULACI\u00d3N, ADMISI\u00d3N Y MATRICULA ESTUDIANTES NUEVOS<\/a>.<\/td><td><strong>PC 06:<\/strong>&nbsp;<a href=\"https:\/\/ssccalameda-my.sharepoint.com\/:f:\/r\/personal\/sgc_ssccalameda_cl\/Documents\/SGC\/Registros%20y%20Respaldos\/Procesos%20Clave\/Registros%20PC06%20Postulaci%C3%B3n,%20Admisi%C3%B3n%20y%20Matr%C3%ADcula%20Estudiantes%20nuevos?csf=1&amp;web=1&amp;e=o9q4Xb\">POSTULACI\u00d3N, ADMISI\u00d3N Y MATRICULA ESTUDIANTES NUEVOS.<\/a><\/td><\/tr><tr><td><a href=\"https:\/\/ssccalameda-my.sharepoint.com\/personal\/sgc_ssccalameda_cl\/Documents\/SGC\/Procesos\/Procesos%20clave\/PC07%20-%20Relaci%C3%B3n%20con%20el%20Entorno?e=5%3a7ddfbffe8c9c4d29a055dc9e06301875&amp;at=9\" target=\"_blank\" rel=\"noreferrer noopener\"><strong>PC 07:<\/strong>&nbsp;RELACI\u00d3N CON EL ENTORNO<\/a><\/td><td><strong>PC 07:<\/strong>&nbsp;<a href=\"https:\/\/ssccalameda-my.sharepoint.com\/:f:\/r\/personal\/sgc_ssccalameda_cl\/Documents\/SGC\/Registros%20y%20Respaldos\/Procesos%20Clave\/Registros%20PC07%20Relaci%C3%B3n%20con%20el%20Entorno?csf=1&amp;web=1&amp;e=Tpsvar\">RELACI\u00d3N CON EL ENTORNO<\/a><\/td><\/tr><tr><td><a href=\"https:\/\/ssccalameda-my.sharepoint.com\/personal\/sgc_ssccalameda_cl\/Documents\/SGC\/Procesos\/Procesos%20clave\/PC08%20-%20Gesti%C3%B3n%20de%20la%20Convivencia?e=5%3a1e09ba5a232c4f968fb59df9bcbd268c&amp;at=9\" target=\"_blank\" rel=\"noreferrer noopener\"><strong>PC 08:<\/strong>&nbsp;GESTI\u00d3N DE LA CONVIVENCIA<\/a><\/td><td><strong>PC 08:<\/strong>&nbsp;<a href=\"https:\/\/ssccalameda-my.sharepoint.com\/:f:\/r\/personal\/sgc_ssccalameda_cl\/Documents\/SGC\/Registros%20y%20Respaldos\/Procesos%20Clave\/Registros%20PC08%20Gesti%C3%B3n%20de%20la%20Convivencia%20Escolar?csf=1&amp;web=1&amp;e=GLfyej\">GESTI\u00d3N DE LA CONVIVENCIA<\/a><\/td><\/tr><tr><td><strong>2.- EN PROCESOS DE SOPORTE<\/strong><\/td><td><strong>2.- EN PROCESOS DE SOPORTE<\/strong><\/td><\/tr><tr><td><a href=\"https:\/\/ssccalameda-my.sharepoint.com\/personal\/sgc_ssccalameda_cl\/Documents\/SGC\/Procesos\/Procesos%20de%20soporte\/PS01%20-%20Gesti%C3%B3n%20de%20Personas?e=5%3aca14447370594bf990fe8940feadfb94&amp;at=9\" target=\"_blank\" rel=\"noreferrer noopener\"><strong>PS 01:<\/strong>&nbsp;GESTI\u00d3N DE PERSONAS<\/a><\/td><td><strong>PS 01:<\/strong>&nbsp;<a href=\"https:\/\/ssccalameda-my.sharepoint.com\/:f:\/r\/personal\/sgc_ssccalameda_cl\/Documents\/SGC\/Registros%20y%20Respaldos\/Procesos%20de%20Soporte\/Registros%20PS01%20-%20Gesti%C3%B3n%20de%20Personas?csf=1&amp;web=1&amp;e=L2DZxb\">GESTI\u00d3N DE PERSONAS<\/a><\/td><\/tr><tr><td><a href=\"https:\/\/ssccalameda-my.sharepoint.com\/personal\/sgc_ssccalameda_cl\/Documents\/SGC\/Procesos\/Procesos%20de%20soporte\/PS02%20-%20Administraci%C3%B3n%20Contable?e=5%3a672d12f273064c049133a79abcd77de6&amp;at=9\" target=\"_blank\" rel=\"noreferrer noopener\"><strong>PS 02:<\/strong>&nbsp;ADMINISTRACI\u00d3N CONTABLE<\/a><\/td><td><strong>PS 02:<\/strong>&nbsp;<a href=\"https:\/\/ssccalameda-my.sharepoint.com\/:f:\/r\/personal\/sgc_ssccalameda_cl\/Documents\/SGC\/Registros%20y%20Respaldos\/Procesos%20de%20Soporte\/Registros%20PS02%20-%20Administraci%C3%B3n%20Contable?csf=1&amp;web=1&amp;e=8wXT89\">ADMINISTRACI\u00d3N CONTABLE<\/a><\/td><\/tr><tr><td><a href=\"https:\/\/ssccalameda-my.sharepoint.com\/personal\/sgc_ssccalameda_cl\/Documents\/SGC\/Procesos\/Procesos%20de%20soporte\/PS03%20-%20Gesti%C3%B3n%20de%20la%20Informaci%C3%B3n?e=5%3acc5a2d5fd14c49cb90f627c85ddbbfdd&amp;at=9\" target=\"_blank\" rel=\"noreferrer noopener\"><strong>PS 03:<\/strong>&nbsp;GESTI\u00d3N DE LA INFORMACI\u00d3N<\/a><\/td><td><strong>PS 03:<\/strong>\u00a0<a href=\"https:\/\/ssccalameda-my.sharepoint.com\/:f:\/g\/personal\/sgc_ssccalameda_cl\/EjO8EaMyNZ5AqOQlugfcwhUBHhbdfXEnkOLLQPrMxOyUgA?e=uOeYHn\" data-type=\"URL\" data-id=\"https:\/\/ssccalameda-my.sharepoint.com\/:f:\/g\/personal\/sgc_ssccalameda_cl\/EjO8EaMyNZ5AqOQlugfcwhUBHhbdfXEnkOLLQPrMxOyUgA?e=uOeYHn\" target=\"_blank\" rel=\"noreferrer noopener\">GESTI\u00d3N DE LA INFORMACI\u00d3N<\/a><\/td><\/tr><tr><td><a href=\"https:\/\/ssccalameda-my.sharepoint.com\/personal\/sgc_ssccalameda_cl\/Documents\/SGC\/Procesos\/Procesos%20de%20soporte\/PS04%20-%20Gesti%C3%B3n%20de%20Recursos%20Materiales,%20Compras%20e%20Infraestructura?e=5%3a7d5856a1a6c3490ca3f48625aa79a511&amp;at=9\" target=\"_blank\" rel=\"noreferrer noopener\"><strong>PS 04:&nbsp;<\/strong>GESTI\u00d3N DE RECURSOS MATERIALES, COMPRAS E INFRAESTRUCTURA.<\/a><\/td><td><strong>PS 04:&nbsp;<\/strong><a href=\"https:\/\/ssccalameda-my.sharepoint.com\/:f:\/r\/personal\/sgc_ssccalameda_cl\/Documents\/SGC\/Registros%20y%20Respaldos\/Procesos%20de%20Soporte\/Registros%20PS04%20-%20Gesti%C3%B3n%20de%20Recursos%20Materiales,%20Compras%20e%20Infraestructura?csf=1&amp;web=1&amp;e=EVFxOW\">GESTI\u00d3N DE RECURSOS MATERIALES, COMPRAS E INFRAESTRUCTURA.<\/a><\/td><\/tr><tr><td><a href=\"https:\/\/ssccalameda-my.sharepoint.com\/personal\/sgc_ssccalameda_cl\/Documents\/SGC\/Procesos\/Procesos%20de%20soporte\/PS05%20-%20Gesti%C3%B3n%20de%20Soporte%20Inform%C3%A1tico?e=5%3a86ca5010080443ab8532856f45948caf&amp;at=9\" target=\"_blank\" rel=\"noreferrer noopener\"><strong>PS 05<\/strong>&nbsp;GESTI\u00d3N DE SOPORTE INFORM\u00c1TICO<\/a><\/td><td><strong>PS 05<\/strong>&nbsp;<a href=\"https:\/\/ssccalameda-my.sharepoint.com\/:f:\/r\/personal\/sgc_ssccalameda_cl\/Documents\/SGC\/Registros%20y%20Respaldos\/Procesos%20de%20Soporte\/Registros%20PS05%20-%20Gesti%C3%B3n%20de%20Soporte%20Inform%C3%A1tico?csf=1&amp;web=1&amp;e=tRVQ8O\">GESTI\u00d3N DE SOPORTE INFORM\u00c1TICO<\/a><\/td><\/tr><tr><td><strong>3.- EN PROCESOS ESTRAT\u00c9GICOS (PE)<\/strong><\/td><td><strong>3.- EN PROCESOS ESTRAT\u00c9GICOS (PE)<\/strong><\/td><\/tr><tr><td><strong>MEJORA CONTINUA<\/strong><\/td><td><strong>MEJORA CONTINUA<\/strong><\/td><\/tr><tr><td><a href=\"https:\/\/ssccalameda-my.sharepoint.com\/personal\/sgc_ssccalameda_cl\/Documents\/SGC\/Procesos\/Procesos%20Estrat%C3%A9gicos\/PE04%20-%20Mejora%20Continua\/P1%20-%20PE%2004%20Gesti%C3%B3n%20de%20las%20No%20Conformidades?e=5%3a6e94236758ea4a808ef5484eeb249f66&amp;at=9\" target=\"_blank\" rel=\"noreferrer noopener\"><strong>P1 \u2013 PE 04<\/strong>&nbsp;GESTI\u00d3N DE LAS NO CONFORMIDADES<\/a><\/td><td><strong>P1 \u2013 PE 04<\/strong>&nbsp;<a href=\"https:\/\/ssccalameda-my.sharepoint.com\/:f:\/r\/personal\/sgc_ssccalameda_cl\/Documents\/SGC\/Registros%20y%20Respaldos\/Procesos%20Estrat%C3%A9gicos\/PE04%20Mejora%20Continua\/P1%20-%20PE%2004%20Gesti%C3%B3n%20de%20las%20No%20Conformidades?csf=1&amp;web=1&amp;e=dlvsz0\">GESTI\u00d3N DE LAS NO CONFORMIDADES<\/a><\/td><\/tr><tr><td><a href=\"https:\/\/ssccalameda-my.sharepoint.com\/personal\/sgc_ssccalameda_cl\/Documents\/SGC\/Procesos\/Procesos%20Estrat%C3%A9gicos\/PE04%20-%20Mejora%20Continua\/P2%20-%20PE%2004%20Gesti%C3%B3n%20de%20las%20Acciones%20Correctivas?e=5%3a888a2b6975074f1298cf1fc7fd83c145&amp;at=9\" target=\"_blank\" rel=\"noreferrer noopener\"><strong>P2 \u2013 PE 04&nbsp;<\/strong>GESTI\u00d3N DE LAS ACCIONES CORRECTIVAS<\/a><\/td><td><strong>P2 \u2013 PE 04&nbsp;<\/strong><a href=\"https:\/\/ssccalameda-my.sharepoint.com\/:f:\/r\/personal\/sgc_ssccalameda_cl\/Documents\/SGC\/Registros%20y%20Respaldos\/Procesos%20Estrat%C3%A9gicos\/PE04%20Mejora%20Continua\/P2%20-%20PE%2002%20Gesti%C3%B3n%20de%20las%20Acciones%20Correctivas?csf=1&amp;web=1&amp;e=tIfydO\">GESTI\u00d3N DE LAS ACCIONES CORRECTIVAS<\/a><\/td><\/tr><tr><td><a href=\"https:\/\/ssccalameda-my.sharepoint.com\/personal\/sgc_ssccalameda_cl\/Documents\/SGC\/Procesos\/Procesos%20Estrat%C3%A9gicos\/PE04%20-%20Mejora%20Continua\/P3%20-%20PE%2004%20Gesti%C3%B3n%20de%20las%20Sugerencias%20y%20Reclamaciones%20de%20Usuarios?e=5%3a7d6fb8de528b4ddcb3a3832771d29597&amp;at=9\" target=\"_blank\" rel=\"noreferrer noopener\"><strong>P3 \u2013 PE 04&nbsp;<\/strong>GESTI\u00d3N DE LAS SUGERENCIAS Y RECLAMACIONES DE USUARIOS<\/a><\/td><td><strong>P3 \u2013 PE 04&nbsp;<\/strong><a href=\"https:\/\/ssccalameda-my.sharepoint.com\/:f:\/r\/personal\/sgc_ssccalameda_cl\/Documents\/SGC\/Registros%20y%20Respaldos\/Procesos%20Estrat%C3%A9gicos\/PE04%20Mejora%20Continua\/P3%20-%20PE%2004%20Gesti%C3%B3n%20de%20sugerencias%20y%20reclamaciones%20de%20usuarios?csf=1&amp;web=1&amp;e=cjlNWN\">GESTI\u00d3N DE LAS SUGERENCIAS Y RECLAMACIONES DE USUARIOS<\/a><\/td><\/tr><tr><td><a href=\"https:\/\/ssccalameda-my.sharepoint.com\/personal\/sgc_ssccalameda_cl\/Documents\/SGC\/Procesos\/Procesos%20Estrat%C3%A9gicos\/PE04%20-%20Mejora%20Continua\/P4%20-%20PE%2004%20Control%20de%20la%20Estructura%20Documental?e=5%3a91a6f0ec60b04d869d418e9cd61a8a69&amp;at=9\" target=\"_blank\" rel=\"noreferrer noopener\"><strong>P4 \u2013 PE 04<\/strong>&nbsp;CONTROL DE LA ESTRUCTURA DOCUMENTAL<\/a><\/td><td><strong>P4 \u2013 PE 04<\/strong><a href=\"https:\/\/ssccalameda-my.sharepoint.com\/:f:\/r\/personal\/sgc_ssccalameda_cl\/Documents\/SGC\/Registros%20y%20Respaldos\/Procesos%20Estrat%C3%A9gicos\/PE04%20Mejora%20Continua\/P4%20-%20PE%2004%20Control%20de%20la%20estructura%20documental?csf=1&amp;web=1&amp;e=1Aw64c\">&nbsp;CONTROL DE LA ESTRUCTURA DOCUMENTAL<\/a><\/td><\/tr><tr><td><a href=\"https:\/\/ssccalameda-my.sharepoint.com\/personal\/sgc_ssccalameda_cl\/Documents\/SGC\/Procesos\/Procesos%20Estrat%C3%A9gicos\/PE04%20-%20Mejora%20Continua\/P5%20-%20PE%2004%20Procedimiento%20de%20Auditor%C3%ADa%20Interna?e=5%3a576bb815911b45a087b2fe430c105e7c&amp;at=9\" target=\"_blank\" rel=\"noreferrer noopener\"><strong>P5 \u2013 PE 04&nbsp;<\/strong>PROCEDIMIENTO DE AUDITOR\u00cdA INTERNA<\/a><\/td><td><strong>P5 \u2013 PE 04&nbsp;<\/strong><a href=\"https:\/\/ssccalameda-my.sharepoint.com\/:f:\/r\/personal\/sgc_ssccalameda_cl\/Documents\/SGC\/Registros%20y%20Respaldos\/Procesos%20Estrat%C3%A9gicos\/PE04%20Mejora%20Continua\/P5%20-%20PE%2004%20Procedimiento%20de%20auditor%C3%ADa%20interna?csf=1&amp;web=1&amp;e=9rdo4K\">PROCEDIMIENTO DE AUDITOR\u00cdA INTERNA<\/a><\/td><\/tr><tr><td><a href=\"https:\/\/ssccalameda-my.sharepoint.com\/personal\/sgc_ssccalameda_cl\/Documents\/SGC\/Procesos\/Procesos%20Estrat%C3%A9gicos\/PE04%20-%20Mejora%20Continua\/P6%20-%20PE%2004%20Informe%20de%20Revisi%C3%B3n%20por%20la%20Direcci%C3%B3n?e=5%3a1889d2decd8948edad1a3a2ac74051fc&amp;at=9\" target=\"_blank\" rel=\"noreferrer noopener\"><strong>P6 \u2013 PE 04<\/strong>&nbsp;INFORME DE REVISI\u00d3N POR LA DIRECCI\u00d3N<\/a><\/td><td><strong>P6 \u2013 PE 04<\/strong>&nbsp;<a href=\"https:\/\/ssccalameda-my.sharepoint.com\/:f:\/r\/personal\/sgc_ssccalameda_cl\/Documents\/SGC\/Registros%20y%20Respaldos\/Procesos%20Estrat%C3%A9gicos\/PE04%20Mejora%20Continua\/P6%20-%20PE%2004%20Informe%20de%20revisi%C3%B3n%20por%20la%20Direcci%C3%B3n?csf=1&amp;web=1&amp;e=Qhl8JV\">INFORME DE REVISI\u00d3N POR LA DIRECCI\u00d3N<\/a><\/td><\/tr><\/tbody><\/table><\/figure>\n","protected":false},"excerpt":{"rendered":"<p>PROCESOS VIGENTESREGISTROS Y RESPALDOS VIGENTES1.- EN PROCESOS CLAVE1.- EN PROCESOS CLAVEPC 01:&nbsp;ACCI\u00d3N DOCENTEPC 01:&nbsp;ACCI\u00d3N DOCENTEPC 02:&nbsp;JEFATURA DE CURSOPC 02:&nbsp;JEFATURA DE CURSOPC 03:&nbsp;ACCI\u00d3N PASTORALPC 03:&nbsp;ACCI\u00d3N PASTORALPC 04:&nbsp;ACTIVIDADES CURRICULUM COMPLEMENTARIOPC 04:&nbsp;ACTIVIDADES CURRICULUM COMPLEMENTARIOPC 05:&nbsp;RELACI\u00d3N CON LA FAMILIAPC 05:&nbsp;RELACI\u00d3N CON LA FAMILIAPC 06:&nbsp;POSTULACI\u00d3N, ADMISI\u00d3N Y MATRICULA ESTUDIANTES NUEVOS.PC 06:&nbsp;POSTULACI\u00d3N, ADMISI\u00d3N Y MATRICULA ESTUDIANTES NUEVOS.PC 07:&nbsp;RELACI\u00d3N CON EL ENTORNOPC &hellip;<\/p>\n","protected":false},"author":1,"featured_media":0,"parent":0,"menu_order":0,"comment_status":"closed","ping_status":"closed","template":"","meta":{"footnotes":""},"_links":{"self":[{"href":"https:\/\/www.ssccalameda.cl\/portal\/wp-json\/wp\/v2\/pages\/5610"}],"collection":[{"href":"https:\/\/www.ssccalameda.cl\/portal\/wp-json\/wp\/v2\/pages"}],"about":[{"href":"https:\/\/www.ssccalameda.cl\/portal\/wp-json\/wp\/v2\/types\/page"}],"author":[{"embeddable":true,"href":"https:\/\/www.ssccalameda.cl\/portal\/wp-json\/wp\/v2\/users\/1"}],"replies":[{"embeddable":true,"href":"https:\/\/www.ssccalameda.cl\/portal\/wp-json\/wp\/v2\/comments?post=5610"}],"version-history":[{"count":1,"href":"https:\/\/www.ssccalameda.cl\/portal\/wp-json\/wp\/v2\/pages\/5610\/revisions"}],"predecessor-version":[{"id":7091,"href":"https:\/\/www.ssccalameda.cl\/portal\/wp-json\/wp\/v2\/pages\/5610\/revisions\/7091"}],"wp:attachment":[{"href":"https:\/\/www.ssccalameda.cl\/portal\/wp-json\/wp\/v2\/media?parent=5610"}],"curies":[{"name":"wp","href":"https:\/\/api.w.org\/{rel}","templated":true}]}}