{"id":6462,"date":"2021-10-01T13:38:26","date_gmt":"2021-10-01T16:38:26","guid":{"rendered":"http:\/\/www.ssccalameda.cl\/portal\/?page_id=6462"},"modified":"2022-10-17T14:29:44","modified_gmt":"2022-10-17T17:29:44","slug":"comite-cphs","status":"publish","type":"page","link":"https:\/\/www.ssccalameda.cl\/portal\/comite-cphs\/","title":{"rendered":"Comit\u00e9 Paritario de Higiene y Seguridad"},"content":{"rendered":"\n<p>El Comit\u00e9 Paritario de Higiene y Seguridad, CPHS, es un organismo aut\u00f3nomo, conformado por representantes de la Direcci\u00f3n del colegio y de los trabajadores, cuyo actuar es determinado por las caracter\u00edsticas de la instituci\u00f3n y por la normativa vigente.<\/p>\n\n\n\n<p>Su misi\u00f3n es la realizaci\u00f3n de acciones conducentes a la prevenci\u00f3n y control de los riesgos laborales generados por la ejecuci\u00f3n de los procesos y operaciones propios de la naturaleza de la organizaci\u00f3n, con el objetivo de disminuir el n\u00famero de accidentes del trabajo y de enfermedades profesionales en la misma.<\/p>\n\n\n\n<p><a rel=\"noreferrer noopener\" href=\"http:\/\/www.ssccalameda.cl\/portal\/wp-content\/uploads\/2021\/06\/CPHS_2021.pdf\" data-type=\"URL\" data-id=\"http:\/\/www.ssccalameda.cl\/portal\/wp-content\/uploads\/2021\/06\/CPHS_2021.pdf\" target=\"_blank\"><strong>Programa de trabajo octubre 2020 &#8211; octubre 2022<\/strong><\/a><\/p>\n\n\n\n<p><a href=\"http:\/\/www.ssccalameda.cl\/portal\/wp-content\/uploads\/2022\/10\/Procedimientos-ante-accidentes-4-1.pdf\" data-type=\"URL\" data-id=\"http:\/\/www.ssccalameda.cl\/portal\/wp-content\/uploads\/2022\/10\/Procedimientos-ante-accidentes-4-1.pdf\" target=\"_blank\" rel=\"noreferrer noopener\"><strong>Procedimiento ante accidentes laborales<\/strong><\/a><\/p>\n\n\n\n<p><a rel=\"noreferrer noopener\" href=\"http:\/\/www.ssccalameda.cl\/portal\/wp-content\/uploads\/2022\/10\/PROCEDIMIENTO-DE-TRABAJO-SEGURO_Uso-de-artefactos-electricos-y-estufas-a-gas.pdf\" data-type=\"URL\" data-id=\"http:\/\/www.ssccalameda.cl\/portal\/wp-content\/uploads\/2022\/10\/PROCEDIMIENTO-DE-TRABAJO-SEGURO_Uso-de-artefactos-electricos-y-estufas-a-gas.pdf\" target=\"_blank\"><strong>Procedimiento de trabajo seguro: Uso correcto de artefactos el\u00e9ctricos y estufas a gas.<\/strong><\/a><\/p>\n\n\n\n<p><a rel=\"noreferrer noopener\" href=\"http:\/\/www.ssccalameda.cl\/portal\/protocolos\/\" data-type=\"URL\" data-id=\"http:\/\/www.ssccalameda.cl\/portal\/protocolos\/\" target=\"_blank\"><strong>Campa\u00f1a de seguridad \u00abTienes un minutito\u00bb<\/strong><\/a><\/p>\n","protected":false},"excerpt":{"rendered":"<p>El Comit\u00e9 Paritario de Higiene y Seguridad, CPHS, es un organismo aut\u00f3nomo, conformado por representantes de la Direcci\u00f3n del colegio y de los trabajadores, cuyo actuar es determinado por las caracter\u00edsticas de la instituci\u00f3n y por la normativa vigente. Su misi\u00f3n es la realizaci\u00f3n de acciones conducentes a la prevenci\u00f3n y control de los riesgos &hellip;<\/p>\n","protected":false},"author":1,"featured_media":0,"parent":0,"menu_order":0,"comment_status":"closed","ping_status":"closed","template":"","meta":{"footnotes":""},"_links":{"self":[{"href":"https:\/\/www.ssccalameda.cl\/portal\/wp-json\/wp\/v2\/pages\/6462"}],"collection":[{"href":"https:\/\/www.ssccalameda.cl\/portal\/wp-json\/wp\/v2\/pages"}],"about":[{"href":"https:\/\/www.ssccalameda.cl\/portal\/wp-json\/wp\/v2\/types\/page"}],"author":[{"embeddable":true,"href":"https:\/\/www.ssccalameda.cl\/portal\/wp-json\/wp\/v2\/users\/1"}],"replies":[{"embeddable":true,"href":"https:\/\/www.ssccalameda.cl\/portal\/wp-json\/wp\/v2\/comments?post=6462"}],"version-history":[{"count":1,"href":"https:\/\/www.ssccalameda.cl\/portal\/wp-json\/wp\/v2\/pages\/6462\/revisions"}],"predecessor-version":[{"id":10701,"href":"https:\/\/www.ssccalameda.cl\/portal\/wp-json\/wp\/v2\/pages\/6462\/revisions\/10701"}],"wp:attachment":[{"href":"https:\/\/www.ssccalameda.cl\/portal\/wp-json\/wp\/v2\/media?parent=6462"}],"curies":[{"name":"wp","href":"https:\/\/api.w.org\/{rel}","templated":true}]}}