{"id":797,"date":"2018-06-05T13:14:05","date_gmt":"2018-06-05T13:14:05","guid":{"rendered":"https:\/\/printed.cl\/sscc\/?page_id=797"},"modified":"2022-01-13T13:15:02","modified_gmt":"2022-01-13T16:15:02","slug":"historia","status":"publish","type":"page","link":"https:\/\/www.ssccalameda.cl\/portal\/historia\/","title":{"rendered":"historia"},"content":{"rendered":"<h5>Historia\u00a0del Colegio de los Sagrados Corazones del Arzobispado de Santiago<\/h5>\n<h6>Por Alejandro L\u00fchr Cares<\/h6>\n<table>\n<tbody>\n<tr>\n<td>\u00a0<img loading=\"lazy\" decoding=\"async\" src=\"http:\/\/ssccalameda.cl\/images\/Fotos_menu\/Historia1.fw.png\" alt=\"\" width=\"420\" height=\"313\" \/><\/td>\n<td>\n<div align=\"justify\">La Congregaci\u00f3n de los Sagrados Corazones se gest\u00f3 y naci\u00f3 en el marco de la Revoluci\u00f3n Francesa. Su espiritualidad y fundamentos teol\u00f3gicos est\u00e1n \u00edntimamente ligados a dichos sucesos, que como acontecimiento hist\u00f3rico ser\u00e1 clave en el nacimiento de las ideas del buen padre Coudrin. Los pensamientos de fil\u00f3sofos como Rousseau o Voltaire van penetrando en la sociedad y socavar\u00e1n gradualmente la autoridad de la monarqu\u00eda y de la Iglesia; las ideas democr\u00e1ticas ir\u00e1n ganando terreno al absolutismo de los reyes y a una sociedad llena de privilegios.\n<p>\u00a0<\/p>\n<p>En un principio la Revoluci\u00f3n no fue un movimiento contra la Iglesia o la religi\u00f3n, pero, como en todo movimiento revolucionario acab\u00f3 generando, en el mundo pol\u00edtico, venganzas, matanzas indiscriminadas y luchas por el poder. Corr\u00eda mayo del a\u00f1o 1789 cuando se convoc\u00f3 a los Estados Generales: lo que se pretend\u00eda era rebajar el poder real y limitar el poder econ\u00f3mico de nobles y clero. Muchos obispos y cat\u00f3licos recibieron estos cambios positivamente y firmaron entusiasmados la Declaraci\u00f3n de los Derechos del Hombre y del Ciudadano. S\u00f3lo cuando la Revoluci\u00f3n atac\u00f3 la libertad de conciencia y los principios galicanos, y pusieron en tela de juicio la estructura de la Iglesia muchos obispos y sacerdotes empezaron a entender que la revoluci\u00f3n quer\u00eda destruir la religi\u00f3n.<\/p>\n<\/div>\n<\/td>\n<\/tr>\n<tr>\n<td>\n<div align=\"justify\">En 1800, disminuidos los vientos del terror, en la capilla del convento de Poitiers, en una noche fr\u00eda de Navidad, pronunciaban sus votos los fundadores. Nac\u00eda y se echaba a andar la Congregaci\u00f3n de los Sagrados Corazones. Esto ocurr\u00eda en tiempos en que se persegu\u00eda a los sacerdotes que no comulgaban con la Constituci\u00f3n Civil del Clero y que, por lo tanto, desconoc\u00edan la autoridad de la iglesia nacional francesa y prefer\u00edan serles fieles a Roma.\n<p>\u00a0<\/p>\n<p>Las diferentes ideas y visiones del padre Coudrin hicieron que se sintiera escogido por Dios entre miles; se sinti\u00f3 amado por \u00c9l, luego, se sinti\u00f3 llamado a fundar una comunidad misionera, algo as\u00ed como una llamarada de celo, que llevara el Evangelio a todas partes, sin l\u00edmites de fronteras. Por su parte, Henriette Aymer de la Chevaler\u00ede, hab\u00eda circulado a\u00f1os anteriores en los ambientes de alta sociedad de la ciudad. Sufri\u00f3 persecuciones junto a su madre y fue encarcelada; recibe un mensaje de servicio a Dios. Busca un gu\u00eda y lo encuentra en\u00a0el hermano Coudrin, ahora llamado Jos\u00e9 Mar\u00eda, a quien toma como confesor. En 1825 la evangelizaci\u00f3n fue desde el primer momento una de sus tareas. As\u00ed partieron el 31 de enero de 1834 hacia el Atl\u00e1ntico y en el Pac\u00edfico a la Polinesia Francesa.<\/p>\n<p>Por azar o justicia divina, algunos de estos sacerdotes establecieron casas de la Congregaci\u00f3n en Chile y luego proceder\u00edan a fundar diversos colegios.<\/p>\n<p>En 1848, el Padre Dourmer obtiene la autorizaci\u00f3n necesaria para establecer en Santiago un establecimiento educacional similar al establecido en Valpara\u00edso en 1837, juntamente con la adquisici\u00f3n de un terreno situado en la Alameda de Las Delicias con el Callej\u00f3n de Padura, en \u201clas afueras\u201d del Santiago de ese entonces, que pertenec\u00eda a Rosario Albano de Montt. En Febrero de 1849, el nuevo Colegio de los Sagrados Corazones, m\u00e1s conocido como de los \u201cPadres Franceses\u201d, abre sus puertas a un reducido n\u00famero de\u00a0alumnos, todos en calidad de internos y pertenecientes a una acomodada elite santiaguina. Es designado como Rector el Padre Vicente Duboize. Si bien las estructuras del nuevo Colegio son estrechas y antiguas, la educaci\u00f3n impartida se ve favorecida con una nueva pedagog\u00eda, al estilo de la ense\u00f1anza europea y en particular de la francesa.<\/p>\n<\/div>\n<\/td>\n<td>\u00a0<img loading=\"lazy\" decoding=\"async\" class=\" wp-image-261 aligncenter\" src=\"http:\/\/ssccalameda.cl\/images\/Fotos_menu\/Historia2.fw.png\" alt=\"Historia2.fw\" width=\"444\" height=\"599\" \/><\/td>\n<\/tr>\n<tr>\n<td>\u00a0<a href=\"http:\/\/ssccalameda.cl\/wp-content\/uploads\/2013\/09\/DSCN8284.jpg\"><img loading=\"lazy\" decoding=\"async\" class=\" wp-image-260 aligncenter\" src=\"http:\/\/ssccalameda.cl\/images\/Fotos_menu\/Historia3.fw.png\" alt=\"Historia3.fw\" width=\"295\" height=\"395\" \/><\/a><\/td>\n<td>\n<div align=\"justify\">El desarrollo educacional y material del establecimiento es parte de la decidida e inteligente acci\u00f3n de los nuevos Rectores, como el Padre Augusto Jamet, quien hace\u00a0 construir nuevas edificaciones, una hermosa capilla y, posteriormente, un confortable teatro para los eventos escolares, que en 1906 ser\u00e1 escenario del cambio de mando en el cual dejar\u00e1 el poder el presidente Germ\u00e1n Riesco para entreg\u00e1rselo a Jorge Montt. La decidida acci\u00f3n del Padre Jamet no solo ten\u00eda una enorme proyecci\u00f3n en el campo educacional, sino que tambi\u00e9n en el plano social obtuvo importantes r\u00e9ditos.En 1935 asume como rector el padre Remigio Bros, amante de las ciencias y de los adelantos t\u00e9cnicos; estimula el inter\u00e9s por el estudio instaurando el \u201cPremio Par\u00eds\u201d para el mejor alumno de la promoci\u00f3n: un viaje por Europa. Nemesio Ant\u00fanez ser\u00eda el primero en obtener tan importante distinci\u00f3n. El padre Remigio, era amante de la fotograf\u00eda y registr\u00f3 cada momento de la vida de sus hermanos que fueron un importante testimonio para la historia de la congregaci\u00f3n. Sin embargo, lo m\u00e1s destacado de su periodo como rector fue la solemne inauguraci\u00f3n del templo el 8 de diciembre de 1936. Lo que fuera ayer la a\u00f1orada Iglesia, renace ahora como estupenda r\u00e9plica rom\u00e1nica.\n<p>\u00a0<\/p>\n<p>Al comenzar el a\u00f1o 1949 el colegio se aprestaba a celebrar su centenario el cual incluye un sinn\u00famero de celebraciones que tendr\u00e1n su estreno en la revista escolar de ese mismo a\u00f1o. Brigadieres, abanderados, de Chile y Francia, la academia literaria, adem\u00e1s de todos los funcionarios del colegio contribuir\u00e1n a celebran tan importante acontecimiento.<\/p>\n<p>En 1972 el Colegio pasa a ser administrado por el Arzobispado de Santiago a trav\u00e9s de un Comodato con la Congregaci\u00f3n de los Sagrados Corazones, que despu\u00e9s del Concilio Vaticano II revis\u00f3 su rol, optando por una acci\u00f3n pastoral m\u00e1s decidida en el \u00e1mbito parroquial y poblacional. Este cambio coincide con un nuevo rol que el laicado asume en el \u00e1mbito de la Educaci\u00f3n y para quienes fueron testigos de \u00e9l, la vida colegial comenz\u00f3a tener otra connotaci\u00f3n. No obstante, las tradiciones m\u00e1s antiguas contin\u00faan movi\u00e9ndose en la conciencia de los alumnos.<\/p>\n<\/div>\n<\/td>\n<\/tr>\n<tr>\n<td>\n<div align=\"justify\">En 1985 el Arzobispado instituye una Fundaci\u00f3n Educacional para dirigir la Instituci\u00f3n y la Comunidad Escolar elabora un Proyecto Educativo como Colegio de Iglesia, de acuerdo a las orientaciones del Arzobispado y de la Vicar\u00eda para la Educaci\u00f3n.La Congregaci\u00f3n, entre tanto, se replantea el Comodato; y en un gesto de alta generosidad decide, en septiembre de 1992, donar el Establecimiento, a t\u00edtulo gratuito, a Monse\u00f1or Carlos Oviedo Cavada, en su calidad de Arzobispo de la Arquidi\u00f3cesis de Santiago. A partir de 1993 el Colegio pasa a llamarse Colegio de los Sagrados Corazones del Arzobispado de Santiago.\n<p>\u00a0<\/p>\n<p>Durante este mismo a\u00f1o se decide revisar el Proyecto Educativo existente con participaci\u00f3n de todos sus estamentos; se actualiza, y es aprobado por las instancias pertinentes: Consejo Educativo, Directorio de la Fundaci\u00f3n y Vicar\u00eda para la Educaci\u00f3n y se pone a disposici\u00f3n de la Comunidad a fin de operacionalizarlo debidamente con el objeto de lograr los prop\u00f3sitos en \u00e9l establecidos. La gran herencia dejada por la Congregaci\u00f3n de los Sagrados Corazones, sigue permaneciendo de todas maneras viva en todo Proyecto Educativo que podr\u00e1 elaborarse. Es el Esp\u00edritu de los Sagrados Corazones de Jes\u00fas y de Mar\u00eda fuente de amor, luz y sabidur\u00eda los que siempre deber\u00e1n guiar la tarea de todo educador que pasar\u00e1 por las aulas de esta Instituci\u00f3n, ya parte de nuestra historia.<\/p>\n<p>En este Bicentenario de la Rep\u00fablica de Chile, nuestro Colegio se encuentra posicionado en el pa\u00eds, como un importante foco educacional y pastoral y recuerda a los ciudadanos que han dejado huellas en los m\u00e1s diversos sectores: Ant\u00fanez, Matta, Garret\u00f3n, dos Presidentes de la Rep\u00fablica, Don Jos\u00e9 Manuel Balmaceda y Don Arturo Alessandri Palma y varios Obispos de nuestra Iglesia, incluido el tercer Cardenal de Chile, Monse\u00f1or Juan Francisco Fresno Larra\u00edn.<\/p>\n<\/div>\n<\/td>\n<td>\u00a0<\/td>\n<\/tr>\n<\/tbody>\n<\/table>\n\n\n<h6 class=\"wp-block-heading\">Fuentes: <\/h6>\n\n\n\n<h6 class=\"wp-block-heading\">Historia de los Sagrados Corazones de Santiago (1849-1995), Hugo Sanhueza Alvarado.<\/h6>\n\n\n\n<h6 class=\"wp-block-heading\">150 a\u00f1os de historia del colegio de los Sagrados Corazones del Arzobispado de Santiago, Ra\u00fal Besoa\u00edn Armijo.<\/h6>\n\n\n\n<p><\/p>\n","protected":false},"excerpt":{"rendered":"<p>Historia\u00a0del Colegio de los Sagrados Corazones del Arzobispado de Santiago Por Alejandro L\u00fchr Cares \u00a0 La Congregaci\u00f3n de los Sagrados Corazones se gest\u00f3 y naci\u00f3 en el marco de la Revoluci\u00f3n Francesa. Su espiritualidad y fundamentos teol\u00f3gicos est\u00e1n \u00edntimamente ligados a dichos sucesos, que como acontecimiento hist\u00f3rico ser\u00e1 clave en el nacimiento de las ideas &hellip;<\/p>\n","protected":false},"author":1,"featured_media":0,"parent":0,"menu_order":0,"comment_status":"closed","ping_status":"closed","template":"","meta":{"footnotes":""},"_links":{"self":[{"href":"https:\/\/www.ssccalameda.cl\/portal\/wp-json\/wp\/v2\/pages\/797"}],"collection":[{"href":"https:\/\/www.ssccalameda.cl\/portal\/wp-json\/wp\/v2\/pages"}],"about":[{"href":"https:\/\/www.ssccalameda.cl\/portal\/wp-json\/wp\/v2\/types\/page"}],"author":[{"embeddable":true,"href":"https:\/\/www.ssccalameda.cl\/portal\/wp-json\/wp\/v2\/users\/1"}],"replies":[{"embeddable":true,"href":"https:\/\/www.ssccalameda.cl\/portal\/wp-json\/wp\/v2\/comments?post=797"}],"version-history":[{"count":1,"href":"https:\/\/www.ssccalameda.cl\/portal\/wp-json\/wp\/v2\/pages\/797\/revisions"}],"predecessor-version":[{"id":7298,"href":"https:\/\/www.ssccalameda.cl\/portal\/wp-json\/wp\/v2\/pages\/797\/revisions\/7298"}],"wp:attachment":[{"href":"https:\/\/www.ssccalameda.cl\/portal\/wp-json\/wp\/v2\/media?parent=797"}],"curies":[{"name":"wp","href":"https:\/\/api.w.org\/{rel}","templated":true}]}}