{"id":8377,"date":"2022-04-12T08:33:27","date_gmt":"2022-04-12T12:33:27","guid":{"rendered":"http:\/\/www.ssccalameda.cl\/portal\/?page_id=8377"},"modified":"2022-10-03T17:11:05","modified_gmt":"2022-10-03T20:11:05","slug":"documentos-de-archivo","status":"publish","type":"page","link":"https:\/\/www.ssccalameda.cl\/portal\/documentos-de-archivo\/","title":{"rendered":"Documentos de archivo"},"content":{"rendered":"\n<p>A continuaci\u00f3n encontrar\u00e1n los documentos relativos al\u00a0<strong>Plan de Retorno Seguro a Clases Presenciales<\/strong> correspondientes a los a\u00f1os 2022, 2021 Y 2020 .<\/p>\n\n\n\n<p><a href=\"http:\/\/www.ssccalameda.cl\/portal\/wp-content\/uploads\/2022\/05\/Circular-302_SIE.pdf\" data-type=\"URL\" data-id=\"http:\/\/www.ssccalameda.cl\/portal\/wp-content\/uploads\/2022\/05\/Circular-302_SIE.pdf\" target=\"_blank\" rel=\"noreferrer noopener\">Circular Superintendencia de Educaci\u00f3n, abril<\/a> 2022<\/p>\n\n\n\n<p><a rel=\"noreferrer noopener\" href=\"http:\/\/www.ssccalameda.cl\/portal\/wp-content\/uploads\/2022\/08\/Protocolos-y-medidas-sanitarias-y-pedagogicas_3deagosto2022.pdf\" data-type=\"URL\" data-id=\"http:\/\/www.ssccalameda.cl\/portal\/wp-content\/uploads\/2022\/08\/Protocolos-y-medidas-sanitarias-y-pedagogicas_3deagosto2022.pdf\" target=\"_blank\">Documento Protocolo y medidas sanitarias y pedag\u00f3gicas<\/a>, agosto 2022<\/p>\n\n\n\n<p><a rel=\"noreferrer noopener\" href=\"http:\/\/www.ssccalameda.cl\/portal\/wp-content\/uploads\/2021\/12\/PLAN-REGRESO-SEGURO.pdf\" target=\"_blank\">Documento Protocolo Retorno Seguro<\/a>, octubre de 2021<\/p>\n\n\n\n<p><a rel=\"noreferrer noopener\" href=\"http:\/\/www.ssccalameda.cl\/portal\/wp-content\/uploads\/2021\/05\/210524_INFOGRAFIA.pdf\" target=\"_blank\">Infograf\u00eda Protocolo Retorno Seguro<\/a>, 2021<\/p>\n\n\n\n<p><a rel=\"noreferrer noopener\" href=\"http:\/\/www.ssccalameda.cl\/portal\/wp-content\/uploads\/2021\/04\/Protocolo-de-limpieza-y-desinfeccio%CC%81n-de-salas-de-clase-y-otros-recintos-del-colegio-1.pdf\" target=\"_blank\">Protocolo de limpieza y desinfecci\u00f3n del colegio<\/a>, 2021<\/p>\n\n\n\n<p><a rel=\"noreferrer noopener\" href=\"http:\/\/www.ssccalameda.cl\/portal\/wp-content\/uploads\/2021\/05\/210524_FLUJOGRAMA.pdf\" target=\"_blank\">Flujograma de procedimiento ante un caso sospechoso de Covid-19<\/a><\/p>\n\n\n\n<p><a rel=\"noreferrer noopener\" href=\"http:\/\/www.ssccalameda.cl\/portal\/wp-content\/uploads\/2021\/05\/210524PREGUNTAS-FRECUENTES.pdf\" target=\"_blank\">Preguntas frecuentes sobre el retorno a clases 2021<\/a><\/p>\n\n\n\n<p><strong>COMUNICADOS 2021<\/strong><\/p>\n\n\n\n<p><a rel=\"noreferrer noopener\" href=\"http:\/\/www.ssccalameda.cl\/portal\/retorno-presencial-al-colegio\/\" target=\"_blank\">Retorno presencial al colegio<\/a><\/p>\n\n\n\n<p><a rel=\"noreferrer noopener\" href=\"http:\/\/www.ssccalameda.cl\/portal\/suspension-de-actividades-presenciales-y-postergacion-de-inicio-de-la-modalidad-hibrida\/\" target=\"_blank\">Suspensi\u00f3n de actividades presenciales y postergaci\u00f3n de inicio de la modalidad h\u00edbrida<\/a><\/p>\n\n\n\n<p><a rel=\"noreferrer noopener\" href=\"http:\/\/www.ssccalameda.cl\/portal\/actividades-pedagogicas-presenciales-2021\/\" target=\"_blank\">Actividades pedag\u00f3gicas presenciales 2021<\/a><\/p>\n\n\n\n<p><strong>COMUNICADOS 2020<\/strong><\/p>\n\n\n\n<p><a rel=\"noreferrer noopener\" href=\"http:\/\/www.ssccalameda.cl\/portal\/wp-content\/uploads\/2020\/11\/Comunicado-envio-de-protocolo-a-la-comunidad-estudiantil-1.pdf\" target=\"_blank\">Presentaci\u00f3n protocolo e infograf\u00eda Plan Retorno Seguro a Clases<\/a><\/p>\n\n\n\n<p><a rel=\"noreferrer noopener\" href=\"http:\/\/www.ssccalameda.cl\/portal\/wp-content\/uploads\/2020\/11\/Instrucciones-generales-para-el-regreso-de-los-4tos-Medios-1.pdf\" target=\"_blank\">Instrucciones generales para el regreso de los 4tos Medios<\/a>&nbsp;<\/p>\n\n\n\n<p><a rel=\"noreferrer noopener\" href=\"http:\/\/www.ssccalameda.cl\/portal\/wp-content\/uploads\/2020\/11\/Programa-de-actividades-4tos-medios-1.pdf\" target=\"_blank\">Programa de actividades de 4tos Medios<\/a>&nbsp;<\/p>\n\n\n\n<p><a rel=\"noreferrer noopener\" href=\"http:\/\/www.ssccalameda.cl\/portal\/wp-content\/uploads\/2020\/11\/Seremi-de-Educacion-de-la-RM-autorizo-retorno-progresivo-de-estudiantes-1.pdf\" target=\"_blank\">Seremi de Educaci\u00f3n de la Regi\u00f3n Metropolitana autoriz\u00f3 el retorno de estudiantes a clases presenciales en el colegio<\/a><\/p>\n\n\n\n<p><a rel=\"noreferrer noopener\" href=\"http:\/\/www.ssccalameda.cl\/portal\/wp-content\/uploads\/2020\/11\/Plano-del-colegio.pdf\" target=\"_blank\">Plano patio del colegio<\/a><\/p>\n","protected":false},"excerpt":{"rendered":"<p>A continuaci\u00f3n encontrar\u00e1n los documentos relativos al\u00a0Plan de Retorno Seguro a Clases Presenciales correspondientes a los a\u00f1os 2022, 2021 Y 2020 . Circular Superintendencia de Educaci\u00f3n, abril 2022 Documento Protocolo y medidas sanitarias y pedag\u00f3gicas, agosto 2022 Documento Protocolo Retorno Seguro, octubre de 2021 Infograf\u00eda Protocolo Retorno Seguro, 2021 Protocolo de limpieza y desinfecci\u00f3n del &hellip;<\/p>\n","protected":false},"author":4,"featured_media":0,"parent":0,"menu_order":0,"comment_status":"closed","ping_status":"closed","template":"","meta":{"footnotes":""},"_links":{"self":[{"href":"https:\/\/www.ssccalameda.cl\/portal\/wp-json\/wp\/v2\/pages\/8377"}],"collection":[{"href":"https:\/\/www.ssccalameda.cl\/portal\/wp-json\/wp\/v2\/pages"}],"about":[{"href":"https:\/\/www.ssccalameda.cl\/portal\/wp-json\/wp\/v2\/types\/page"}],"author":[{"embeddable":true,"href":"https:\/\/www.ssccalameda.cl\/portal\/wp-json\/wp\/v2\/users\/4"}],"replies":[{"embeddable":true,"href":"https:\/\/www.ssccalameda.cl\/portal\/wp-json\/wp\/v2\/comments?post=8377"}],"version-history":[{"count":1,"href":"https:\/\/www.ssccalameda.cl\/portal\/wp-json\/wp\/v2\/pages\/8377\/revisions"}],"predecessor-version":[{"id":10379,"href":"https:\/\/www.ssccalameda.cl\/portal\/wp-json\/wp\/v2\/pages\/8377\/revisions\/10379"}],"wp:attachment":[{"href":"https:\/\/www.ssccalameda.cl\/portal\/wp-json\/wp\/v2\/media?parent=8377"}],"curies":[{"name":"wp","href":"https:\/\/api.w.org\/{rel}","templated":true}]}}