{"id":850,"date":"2018-06-05T13:51:19","date_gmt":"2018-06-05T13:51:19","guid":{"rendered":"https:\/\/printed.cl\/sscc\/?page_id=850"},"modified":"2024-03-27T14:34:53","modified_gmt":"2024-03-27T17:34:53","slug":"directivo","status":"publish","type":"page","link":"https:\/\/www.ssccalameda.cl\/portal\/directivo\/","title":{"rendered":"Directivos"},"content":{"rendered":"<p><img decoding=\"async\" src=\"http:\/\/ssccalameda.cl\/images\/Otras_Fotos\/Directivos2.jpg\" alt=\"Directivos2\" \/><\/p>\n<table style=\"height: 1055px;\" border=\"0\" width=\"500\" cellspacing=\"0\" align=\"center\">\n<tbody>\n<tr style=\"height: 358px;\" align=\"center\">\n<td style=\"width: 531px; height: 358px;\" colspan=\"3\" align=\"center\" valign=\"middle\">\n<div align=\"center\"><strong><strong>EQUIPO DIRECTIVO<\/strong><\/strong><\/p>\n<table style=\"border-collapse: collapse; width: 100%;\" border=\"1\">\n<tbody>\n<tr>\n<td style=\"width: 100%;\">\n<table style=\"border-collapse: collapse; width: 100%;\" border=\"1\">\n<tbody>\n<tr style=\"height: 23px;\">\n<td style=\"width: 100%; text-align: center; height: 23px;\">Mar\u00eda Virginia Rojas Acu\u00f1a<\/td>\n<\/tr>\n<\/tbody>\n<\/table>\n<div align=\"center\"><strong>Rectora<\/strong><\/div>\n<div align=\"center\">mariavirginiarojas@ssccalameda.cl<\/div>\n<\/td>\n<\/tr>\n<\/tbody>\n<\/table>\n<\/div>\n<\/td>\n<\/tr>\n<tr style=\"height: 23px;\">\n<td style=\"width: 254px; height: 23px;\" align=\"center\" valign=\"middle\"><\/td>\n<td style=\"width: 10px; height: 23px;\" align=\"center\" valign=\"middle\"><\/td>\n<td style=\"width: 267px; height: 23px;\" align=\"center\" valign=\"middle\"><\/td>\n<\/tr>\n<tr style=\"height: 23px;\">\n<td style=\"width: 254px; height: 23px;\" align=\"center\" valign=\"middle\"><\/td>\n<td style=\"width: 10px; height: 23px;\" align=\"center\" valign=\"middle\"><\/td>\n<td style=\"width: 267px; height: 23px;\" align=\"center\" valign=\"middle\"><\/td>\n<\/tr>\n<tr style=\"height: 23px;\">\n<td style=\"width: 254px; height: 23px;\" align=\"center\" valign=\"middle\"><\/td>\n<td style=\"width: 10px; height: 23px;\" align=\"center\" valign=\"middle\"><\/td>\n<td style=\"width: 267px; height: 23px;\" align=\"center\" valign=\"middle\"><\/td>\n<\/tr>\n<tr style=\"height: 23px;\">\n<td style=\"width: 254px; height: 23px;\" align=\"center\" valign=\"middle\">\n<div align=\"center\">Rosa Duque<\/div>\n<div align=\"center\">Directora de Formaci\u00f3n<\/div>\n<div align=\"center\">rosaduque@ssccalameda.cl<\/div>\n<\/td>\n<td style=\"width: 10px; height: 23px;\" align=\"center\" valign=\"middle\">\n<div align=\"center\"><\/div>\n<\/td>\n<td style=\"width: 267px; height: 23px;\" align=\"center\" valign=\"middle\"><\/td>\n<\/tr>\n<tr style=\"height: 112px;\">\n<td style=\"width: 254px; height: 112px;\" align=\"center\" valign=\"middle\"><\/td>\n<td style=\"width: 10px; height: 112px;\" align=\"center\" valign=\"middle\">\n<div align=\"center\"><\/div>\n<\/td>\n<td style=\"width: 267px; height: 112px;\" align=\"center\" valign=\"middle\"><\/td>\n<\/tr>\n<tr style=\"height: 23px;\">\n<td style=\"width: 254px; height: 23px;\" align=\"center\" valign=\"middle\">\n<div align=\"center\"><span style=\"text-align: center;\">Sandra Carvallo Castillo<\/span><\/div>\n<\/td>\n<td style=\"width: 10px; height: 23px;\" align=\"center\" valign=\"middle\">\n<div align=\"center\"><\/div>\n<\/td>\n<td style=\"text-align: center; width: 267px; height: 23px;\" align=\"center\" valign=\"middle\">Ver\u00f3nica Guajardo Cofr\u00e9<\/td>\n<\/tr>\n<tr style=\"height: 63px;\">\n<td style=\"width: 254px; height: 63px;\" align=\"center\" valign=\"middle\">\n<div align=\"center\"><span style=\"text-align: center;\"><strong>Directora de Administraci\u00f3n General<\/strong><\/span><\/div>\n<div align=\"center\">scarvallo@ssccalameda.cl<\/div>\n<\/td>\n<td style=\"width: 10px; height: 63px;\" align=\"center\" valign=\"middle\">\n<div align=\"center\"><\/div>\n<\/td>\n<td style=\"width: 267px; height: 63px;\" align=\"center\" valign=\"middle\">\n<p><strong>Coordinadora Pedag\u00f3gica<\/strong><\/p>\n<p>veronicaguajardo@ssccalameda.cl<\/td>\n<\/tr>\n<tr style=\"height: 23px;\">\n<td style=\"width: 254px; height: 23px;\" align=\"center\" valign=\"middle\">\n<div align=\"center\"><\/div>\n<\/td>\n<td style=\"width: 10px; height: 23px;\" align=\"center\" valign=\"middle\">\n<div align=\"center\"><\/div>\n<\/td>\n<td style=\"width: 267px; height: 23px;\" align=\"center\" valign=\"middle\">\n<div align=\"center\"><\/div>\n<\/td>\n<\/tr>\n<tr style=\"height: 23px;\" align=\"center\">\n<td style=\"width: 531px; height: 23px;\" colspan=\"3\" align=\"center\" valign=\"middle\">\n<div align=\"center\"><strong>Directores de Ciclo<\/strong><\/div>\n<\/td>\n<\/tr>\n<tr style=\"height: 103px;\">\n<td style=\"width: 254px; height: 103px;\" align=\"center\" valign=\"middle\"><img decoding=\"async\" class=\"aligncenter\" src=\"http:\/\/ssccalameda.cl\/images\/calorinamoreno.jpg\" alt=\"\" \/><\/td>\n<td style=\"width: 10px; height: 103px;\" align=\"center\" valign=\"middle\">\n<div align=\"center\"><\/div>\n<\/td>\n<td style=\"width: 267px; height: 103px;\" align=\"center\" valign=\"middle\"><img decoding=\"async\" class=\"aligncenter\" src=\"http:\/\/ssccalameda.cl\/images\/andrealabra.jpg\" alt=\"\" \/><\/td>\n<\/tr>\n<tr style=\"height: 23px;\">\n<td style=\"width: 254px; height: 23px;\" align=\"center\" valign=\"middle\">\n<div align=\"center\">Carolina Moreno Soto<\/div>\n<\/td>\n<td style=\"width: 10px; height: 23px;\" align=\"center\" valign=\"middle\">\n<div align=\"center\"><\/div>\n<\/td>\n<td style=\"width: 267px; height: 23px;\" align=\"center\" valign=\"middle\">\n<div align=\"center\">Andrea Labra Sep\u00falveda<\/div>\n<\/td>\n<\/tr>\n<tr style=\"height: 43px;\">\n<td style=\"width: 254px; height: 43px;\" align=\"center\" valign=\"middle\">\n<div align=\"center\"><strong>Directora Ciclo Inicial (prek\u00ednder a 2\u00b0 ed. b\u00e1sica)<\/strong><\/div>\n<div align=\"center\">carolinamoreno@ssccalameda.cl<\/div>\n<\/td>\n<td style=\"width: 10px; height: 43px;\" align=\"center\" valign=\"middle\">\n<div align=\"center\"><\/div>\n<\/td>\n<td style=\"width: 267px; height: 43px;\" align=\"center\" valign=\"middle\">\n<div align=\"center\"><strong>Directora Ciclo Menor<br \/>\n(3\u00b0 a 6\u00b0 ed. b\u00e1sica)<\/strong><\/div>\n<div align=\"center\">andrealabra@ssccalameda.cl<\/div>\n<\/td>\n<\/tr>\n<tr style=\"height: 23px;\">\n<td style=\"width: 254px; height: 23px;\" align=\"center\" valign=\"middle\">\n<div align=\"center\"><\/div>\n<\/td>\n<td style=\"width: 10px; height: 23px;\" align=\"center\" valign=\"middle\">\n<div align=\"center\"><\/div>\n<\/td>\n<td style=\"width: 267px; height: 23px;\" align=\"center\" valign=\"middle\">\n<div align=\"center\"><\/div>\n<\/td>\n<\/tr>\n<tr style=\"height: 103px;\">\n<td style=\"width: 254px; height: 103px;\" align=\"center\" valign=\"middle\"><a href=\"http:\/\/www.ssccalameda.cl\/portal\/wp-content\/uploads\/2019\/03\/ematurana.jpg\"><img loading=\"lazy\" decoding=\"async\" class=\"size-full wp-image-1807 aligncenter\" src=\"http:\/\/www.ssccalameda.cl\/portal\/wp-content\/uploads\/2019\/03\/ematurana.jpg\" alt=\"\" width=\"100\" height=\"100\" \/><\/a><\/td>\n<td style=\"width: 10px; height: 103px;\" align=\"center\" valign=\"middle\">\n<div align=\"center\"><\/div>\n<\/td>\n<td style=\"width: 267px; height: 103px;\" align=\"center\" valign=\"middle\">\n<div align=\"center\"><\/div>\n<\/td>\n<\/tr>\n<tr style=\"height: 23px;\">\n<td style=\"width: 254px; height: 23px;\" align=\"center\" valign=\"middle\">\n<div align=\"center\">M\u00aa Erika Maturana Lavanderos<\/div>\n<\/td>\n<td style=\"width: 10px; height: 23px;\" align=\"center\" valign=\"middle\">\n<div align=\"center\"><\/div>\n<\/td>\n<td style=\"width: 267px; height: 23px;\" align=\"center\" valign=\"middle\">\n<div align=\"center\"><\/div>\n<\/td>\n<\/tr>\n<tr style=\"height: 43px;\">\n<td style=\"width: 254px; height: 43px;\" align=\"center\" valign=\"middle\">\n<div align=\"center\"><strong>Directora Ciclo Mayor<br \/>\n(7\u00b0 ed. b\u00e1sica a IV medio)<\/strong><\/div>\n<div align=\"center\">ematurana@ssccalameda.cl<\/div>\n<\/td>\n<td style=\"width: 10px; height: 43px;\" align=\"center\" valign=\"middle\">\n<div align=\"center\"><\/div>\n<\/td>\n<td style=\"width: 267px; height: 43px;\" align=\"center\" valign=\"middle\">\n<div align=\"center\"><\/div>\n<\/td>\n<\/tr>\n<\/tbody>\n<\/table>\n<p><!--more--><\/p>\n","protected":false},"excerpt":{"rendered":"<p>EQUIPO DIRECTIVO Mar\u00eda Virginia Rojas Acu\u00f1a Rectora mariavirginiarojas@ssccalameda.cl Rosa Duque Directora de Formaci\u00f3n rosaduque@ssccalameda.cl Sandra Carvallo Castillo Ver\u00f3nica Guajardo Cofr\u00e9 Directora de Administraci\u00f3n General scarvallo@ssccalameda.cl Coordinadora Pedag\u00f3gica veronicaguajardo@ssccalameda.cl Directores de Ciclo Carolina Moreno Soto Andrea Labra Sep\u00falveda Directora Ciclo Inicial (prek\u00ednder a 2\u00b0 ed. b\u00e1sica) carolinamoreno@ssccalameda.cl Directora Ciclo Menor (3\u00b0 a 6\u00b0 ed. b\u00e1sica) andrealabra@ssccalameda.cl &hellip;<\/p>\n","protected":false},"author":1,"featured_media":0,"parent":0,"menu_order":0,"comment_status":"closed","ping_status":"closed","template":"","meta":{"footnotes":""},"_links":{"self":[{"href":"https:\/\/www.ssccalameda.cl\/portal\/wp-json\/wp\/v2\/pages\/850"}],"collection":[{"href":"https:\/\/www.ssccalameda.cl\/portal\/wp-json\/wp\/v2\/pages"}],"about":[{"href":"https:\/\/www.ssccalameda.cl\/portal\/wp-json\/wp\/v2\/types\/page"}],"author":[{"embeddable":true,"href":"https:\/\/www.ssccalameda.cl\/portal\/wp-json\/wp\/v2\/users\/1"}],"replies":[{"embeddable":true,"href":"https:\/\/www.ssccalameda.cl\/portal\/wp-json\/wp\/v2\/comments?post=850"}],"version-history":[{"count":2,"href":"https:\/\/www.ssccalameda.cl\/portal\/wp-json\/wp\/v2\/pages\/850\/revisions"}],"predecessor-version":[{"id":13045,"href":"https:\/\/www.ssccalameda.cl\/portal\/wp-json\/wp\/v2\/pages\/850\/revisions\/13045"}],"wp:attachment":[{"href":"https:\/\/www.ssccalameda.cl\/portal\/wp-json\/wp\/v2\/media?parent=850"}],"curies":[{"name":"wp","href":"https:\/\/api.w.org\/{rel}","templated":true}]}}