{"id":868,"date":"2018-06-05T14:22:08","date_gmt":"2018-06-05T14:22:08","guid":{"rendered":"https:\/\/printed.cl\/sscc\/?page_id=868"},"modified":"2021-10-08T08:51:46","modified_gmt":"2021-10-08T11:51:46","slug":"admision","status":"publish","type":"page","link":"https:\/\/www.ssccalameda.cl\/portal\/admision\/","title":{"rendered":"Admisi\u00f3n 2022"},"content":{"rendered":"\n<p>El colegio de los Sagrados Corazones del Arzobispado de Santiago tiene el agrado de invitar a las familias que est\u00e9n interesadas en su Proyecto Educativo y quieran formar parte de esta comunidad a los siguientes Procesos de Admisi\u00f3n 2022:<\/p>\n\n\n\n<p><\/p>\n\n\n\n<p><strong><a href=\"http:\/\/www.ssccalameda.cl\/portal\/wp-content\/uploads\/2021\/10\/211008_Proceso-de-Admision-2022-del-Ciclo-Inicial-07-10-2021.pdf\" data-type=\"URL\" data-id=\"http:\/\/www.ssccalameda.cl\/portal\/wp-content\/uploads\/2021\/10\/211008_Proceso-de-Admision-2022-del-Ciclo-Inicial-07-10-2021.pdf\" target=\"_blank\" rel=\"noreferrer noopener\">Proceso de Admisi\u00f3n Ciclo Inicial<\/a><\/strong>: (Cupos desde Prek\u00ednder a 2do B\u00e1sico)<\/p>\n\n\n\n<p><span class=\"has-inline-color has-vivid-cyan-blue-color\"><strong><a href=\"http:\/\/www.ssccalameda.cl\/portal\/wp-content\/uploads\/2021\/10\/211008_Admision-2022-Ciclo-Menor-y-Ciclo-Mayor-1-07-10-2021.pdf\" data-type=\"URL\" data-id=\"http:\/\/www.ssccalameda.cl\/portal\/wp-content\/uploads\/2021\/10\/211008_Admision-2022-Ciclo-Menor-y-Ciclo-Mayor-1-07-10-2021.pdf\" target=\"_blank\" rel=\"noreferrer noopener\">Proceso de Admisi\u00f3n Ciclo Mayor y Menor<\/a><\/strong><\/span>: (Cupos desde 3ero B\u00e1sico a III Medio)<\/p>\n\n\n\n<figure class=\"wp-block-image size-medium is-style-default\"><img loading=\"lazy\" decoding=\"async\" width=\"300\" height=\"189\" src=\"http:\/\/www.ssccalameda.cl\/portal\/wp-content\/uploads\/2021\/05\/admin-300x189.jpg\" alt=\"\" class=\"wp-image-5497\" srcset=\"https:\/\/www.ssccalameda.cl\/portal\/wp-content\/uploads\/2021\/05\/admin-300x189.jpg 300w, https:\/\/www.ssccalameda.cl\/portal\/wp-content\/uploads\/2021\/05\/admin-768x484.jpg 768w, https:\/\/www.ssccalameda.cl\/portal\/wp-content\/uploads\/2021\/05\/admin.jpg 817w\" sizes=\"(max-width: 300px) 100vw, 300px\" \/><\/figure>\n","protected":false},"excerpt":{"rendered":"<p>El colegio de los Sagrados Corazones del Arzobispado de Santiago tiene el agrado de invitar a las familias que est\u00e9n interesadas en su Proyecto Educativo y quieran formar parte de esta comunidad a los siguientes Procesos de Admisi\u00f3n 2022: Proceso de Admisi\u00f3n Ciclo Inicial: (Cupos desde Prek\u00ednder a 2do B\u00e1sico) Proceso de Admisi\u00f3n Ciclo Mayor &hellip;<\/p>\n","protected":false},"author":1,"featured_media":0,"parent":0,"menu_order":0,"comment_status":"closed","ping_status":"closed","template":"","meta":{"footnotes":""},"_links":{"self":[{"href":"https:\/\/www.ssccalameda.cl\/portal\/wp-json\/wp\/v2\/pages\/868"}],"collection":[{"href":"https:\/\/www.ssccalameda.cl\/portal\/wp-json\/wp\/v2\/pages"}],"about":[{"href":"https:\/\/www.ssccalameda.cl\/portal\/wp-json\/wp\/v2\/types\/page"}],"author":[{"embeddable":true,"href":"https:\/\/www.ssccalameda.cl\/portal\/wp-json\/wp\/v2\/users\/1"}],"replies":[{"embeddable":true,"href":"https:\/\/www.ssccalameda.cl\/portal\/wp-json\/wp\/v2\/comments?post=868"}],"version-history":[{"count":1,"href":"https:\/\/www.ssccalameda.cl\/portal\/wp-json\/wp\/v2\/pages\/868\/revisions"}],"predecessor-version":[{"id":6540,"href":"https:\/\/www.ssccalameda.cl\/portal\/wp-json\/wp\/v2\/pages\/868\/revisions\/6540"}],"wp:attachment":[{"href":"https:\/\/www.ssccalameda.cl\/portal\/wp-json\/wp\/v2\/media?parent=868"}],"curies":[{"name":"wp","href":"https:\/\/api.w.org\/{rel}","templated":true}]}}