{"id":995,"date":"2018-06-05T13:17:30","date_gmt":"2018-06-05T13:17:30","guid":{"rendered":"https:\/\/printed.cl\/sscc\/?page_id=803"},"modified":"2024-06-28T15:14:54","modified_gmt":"2024-06-28T19:14:54","slug":"mision-vision-y-valores-institucionales-2","status":"publish","type":"page","link":"https:\/\/www.ssccalameda.cl\/portal\/mision-vision-y-valores-institucionales-2\/","title":{"rendered":"Misi\u00f3n y visi\u00f3n"},"content":{"rendered":"\n<p>1.- Visi\u00f3n:<\/p>\n\n\n\n<p>\u201cSiendo un colegio de Iglesia Cat\u00f3lica, nos proponemos ser una comunidad educativa consecuente&nbsp;con la espiritualidad de los Sagrados Corazones, comprometida con el conocimiento, el amor y el servicio como los pilares de la formaci\u00f3n de excelencia de nuestros estudiantes\u201d.<\/p>\n\n\n\n<p>2.- Misi\u00f3n:<\/p>\n\n\n\n<p>\u201cSomos una comunidad educativa que forma integralmente a las personas, en coherencia con la&nbsp;espiritualidad de los Sagrados Corazones promoviendo la innovaci\u00f3n y el trabajo de excelencia en la b\u00fasqueda de la realizaci\u00f3n de todas las potencialidades de los estudiantes, integrando conocimiento, amor&nbsp;y servicio en un ambiente solidario y fraterno para el bien com\u00fan de todo nuestro Colegio\u201d.<\/p>\n","protected":false},"excerpt":{"rendered":"<p>1.- Visi\u00f3n: \u201cSiendo un colegio de Iglesia Cat\u00f3lica, nos proponemos ser una comunidad educativa consecuente&nbsp;con la espiritualidad de los Sagrados Corazones, comprometida con el conocimiento, el amor y el servicio como los pilares de la formaci\u00f3n de excelencia de nuestros estudiantes\u201d. 2.- Misi\u00f3n: \u201cSomos una comunidad educativa que forma integralmente a las personas, en coherencia &hellip;<\/p>\n","protected":false},"author":1,"featured_media":0,"parent":0,"menu_order":0,"comment_status":"closed","ping_status":"closed","template":"","meta":{"footnotes":""},"_links":{"self":[{"href":"https:\/\/www.ssccalameda.cl\/portal\/wp-json\/wp\/v2\/pages\/995"}],"collection":[{"href":"https:\/\/www.ssccalameda.cl\/portal\/wp-json\/wp\/v2\/pages"}],"about":[{"href":"https:\/\/www.ssccalameda.cl\/portal\/wp-json\/wp\/v2\/types\/page"}],"author":[{"embeddable":true,"href":"https:\/\/www.ssccalameda.cl\/portal\/wp-json\/wp\/v2\/users\/1"}],"replies":[{"embeddable":true,"href":"https:\/\/www.ssccalameda.cl\/portal\/wp-json\/wp\/v2\/comments?post=995"}],"version-history":[{"count":2,"href":"https:\/\/www.ssccalameda.cl\/portal\/wp-json\/wp\/v2\/pages\/995\/revisions"}],"predecessor-version":[{"id":15807,"href":"https:\/\/www.ssccalameda.cl\/portal\/wp-json\/wp\/v2\/pages\/995\/revisions\/15807"}],"wp:attachment":[{"href":"https:\/\/www.ssccalameda.cl\/portal\/wp-json\/wp\/v2\/media?parent=995"}],"curies":[{"name":"wp","href":"https:\/\/api.w.org\/{rel}","templated":true}]}}